{"id":10314,"date":"2022-01-28T20:31:56","date_gmt":"2022-01-28T20:31:57","guid":{"rendered":"https:\/\/helliston.eu\/?post_type=product&#038;p=10314"},"modified":"2023-03-26T21:30:32","modified_gmt":"2023-03-26T21:30:32","slug":"hoovliterad-hoovlile-holzstar-umk-6-hss-308x22x18mm","status":"publish","type":"product","link":"https:\/\/helliston.eu\/et\/toode\/hoovliterad-hoovlile-holzstar-umk-6-hss-308x22x18mm\/","title":{"rendered":"H\u00f6\u00f6vliterad h\u00f6\u00f6vlile Holzstar UMK 6, HSS, 308x22x1,8mm"},"content":{"rendered":"","protected":false},"excerpt":{"rendered":"<div class=\"product-short-description\">\n<p>HSS h\u00f6\u00f6vliterad h\u00f6\u00f6vel-paksusmasinale HOLZSTAR UMK 6, HSS, 308 x 22 x 1,8 mm. 2 tera\/ pakis. Valmistatud vastupidavast HSS kiirl\u00f5iketerasest (Rockwelli k\u00f5vadus 63+HRC). Terad on teritatavad. Rohkem informatsiooni allpool.<\/p>\n<\/div>\n","protected":false},"featured_media":12649,"template":"","meta":[],"product_brand":[],"product_cat":[2584,816,2907],"product_tag":[4334],"class_list":{"0":"post-10314","1":"product","2":"type-product","3":"status-publish","4":"has-post-thumbnail","6":"product_cat-hoovliterad-hoovlile-holzstar","7":"product_cat-hoovliterad-markide-jargi","8":"product_cat-hoovlile-holzstar-umk-6","9":"product_tag-308x22-et","11":"first","12":"instock","13":"taxable","14":"shipping-taxable","15":"purchasable","16":"product-type-simple"},"jetpack_sharing_enabled":true,"_links":{"self":[{"href":"https:\/\/helliston.eu\/et\/wp-json\/wp\/v2\/product\/10314","targetHints":{"allow":["GET"]}}],"collection":[{"href":"https:\/\/helliston.eu\/et\/wp-json\/wp\/v2\/product"}],"about":[{"href":"https:\/\/helliston.eu\/et\/wp-json\/wp\/v2\/types\/product"}],"wp:featuredmedia":[{"embeddable":true,"href":"https:\/\/helliston.eu\/et\/wp-json\/wp\/v2\/media\/12649"}],"wp:attachment":[{"href":"https:\/\/helliston.eu\/et\/wp-json\/wp\/v2\/media?parent=10314"}],"wp:term":[{"taxonomy":"product_brand","embeddable":true,"href":"https:\/\/helliston.eu\/et\/wp-json\/wp\/v2\/product_brand?post=10314"},{"taxonomy":"product_cat","embeddable":true,"href":"https:\/\/helliston.eu\/et\/wp-json\/wp\/v2\/product_cat?post=10314"},{"taxonomy":"product_tag","embeddable":true,"href":"https:\/\/helliston.eu\/et\/wp-json\/wp\/v2\/product_tag?post=10314"}],"curies":[{"name":"wp","href":"https:\/\/api.w.org\/{rel}","templated":true}]}}