{"id":10303,"date":"2022-01-28T20:15:40","date_gmt":"2022-01-28T20:15:41","guid":{"rendered":"https:\/\/helliston.eu\/?post_type=product&#038;p=10303"},"modified":"2023-03-26T21:30:36","modified_gmt":"2023-03-26T21:30:36","slug":"hoovliterad-hoovlile-bernardo-pt-305-hss-308x22x18mm","status":"publish","type":"product","link":"https:\/\/helliston.eu\/et\/toode\/hoovliterad-hoovlile-bernardo-pt-305-hss-308x22x18mm\/","title":{"rendered":"H\u00f6\u00f6vliterad h\u00f6\u00f6vlile Bernardo PT 305, HSS, 308x22x1,8mm"},"content":{"rendered":"","protected":false},"excerpt":{"rendered":"<div class=\"product-short-description\">\n<p>HSS h\u00f6\u00f6vliterad h\u00f6\u00f6vel-paksusmasinale BERNARDO PT 305, HSS, 308 x 22 x 1,8 mm. 2 tera\/ pakis. Valmistatud vastupidavast HSS kiirl\u00f5iketerasest (Rockwelli k\u00f5vadus 63+HRC). Terad on teritatavad. Rohkem informatsiooni allpool.<\/p>\n<\/div>\n","protected":false},"featured_media":12691,"template":"","meta":[],"product_brand":[],"product_cat":[829,816,2889],"product_tag":[4334],"class_list":{"0":"post-10303","1":"product","2":"type-product","3":"status-publish","4":"has-post-thumbnail","6":"product_cat-hoovliterad-hoovlile-bernardo","7":"product_cat-hoovliterad-markide-jargi","8":"product_cat-hoovlile-bernardo-pt-305","9":"product_tag-308x22-et","11":"first","12":"instock","13":"taxable","14":"shipping-taxable","15":"purchasable","16":"product-type-simple"},"jetpack_sharing_enabled":true,"_links":{"self":[{"href":"https:\/\/helliston.eu\/et\/wp-json\/wp\/v2\/product\/10303","targetHints":{"allow":["GET"]}}],"collection":[{"href":"https:\/\/helliston.eu\/et\/wp-json\/wp\/v2\/product"}],"about":[{"href":"https:\/\/helliston.eu\/et\/wp-json\/wp\/v2\/types\/product"}],"wp:featuredmedia":[{"embeddable":true,"href":"https:\/\/helliston.eu\/et\/wp-json\/wp\/v2\/media\/12691"}],"wp:attachment":[{"href":"https:\/\/helliston.eu\/et\/wp-json\/wp\/v2\/media?parent=10303"}],"wp:term":[{"taxonomy":"product_brand","embeddable":true,"href":"https:\/\/helliston.eu\/et\/wp-json\/wp\/v2\/product_brand?post=10303"},{"taxonomy":"product_cat","embeddable":true,"href":"https:\/\/helliston.eu\/et\/wp-json\/wp\/v2\/product_cat?post=10303"},{"taxonomy":"product_tag","embeddable":true,"href":"https:\/\/helliston.eu\/et\/wp-json\/wp\/v2\/product_tag?post=10303"}],"curies":[{"name":"wp","href":"https:\/\/api.w.org\/{rel}","templated":true}]}}