{"id":10253,"date":"2022-01-28T19:37:30","date_gmt":"2022-01-28T19:37:30","guid":{"rendered":"https:\/\/helliston.eu\/?post_type=product&#038;p=10253"},"modified":"2022-02-03T11:20:27","modified_gmt":"2022-02-03T11:20:27","slug":"hss-hoovliterad-210mm-hoovlile-atika-adh-204-tuup-2-210x165x15mm-2-tk","status":"publish","type":"product","link":"https:\/\/helliston.eu\/et\/toode\/hss-hoovliterad-210mm-hoovlile-atika-adh-204-tuup-2-210x165x15mm-2-tk\/","title":{"rendered":"HSS H\u00f6\u00f6vliterad 210mm h\u00f6\u00f6vlile ATIKA ADH 204 T\u00dc\u00dcP 2, 210&#215;16,5&#215;1,5mm, 2 tk"},"content":{"rendered":"","protected":false},"excerpt":{"rendered":"<p><strong>HSS H\u00f6\u00f6vliterad 210mm h\u00f6\u00f6vlile ATIKA ADH 204 T\u00dc\u00dcP 2, 210&#215;16,5&#215;1,5mm.<\/strong> 2 tera\/ pakis. Valmistatud vastupidavast HSS kiirl\u00f5iketerasest (Rockwelli k\u00f5vadus 63+HRC). Teritatavad terad. Lisainfo allpool.<\/p>\n<p><span style=\"color: #0000ff;\"> NB! Enne ostmist palun kontrollige, et antud h\u00f6\u00f6vliterad sobivad teie h\u00f6\u00f6vlile. V\u00f5rrelge n\u00e4iteks tootefotosid h\u00f6\u00f6vliteradega, mis olid masinaga kaasas. Nimelt on ATIKA ADH 204 mitu samanimelist h\u00f6\u00f6vlimudelit. \u00dchele l\u00e4hevad 210x22x1,8mm terad (5 auguga), teisele aga 210\u00d716,5\u00d71,5mm terad (kahe auguga).<\/span><\/p>\n","protected":false},"featured_media":5996,"template":"","meta":[],"product_brand":[],"product_cat":[825,826,816],"product_tag":[],"class_list":{"0":"post-10253","1":"product","2":"type-product","3":"status-publish","4":"has-post-thumbnail","6":"product_cat-hoovlile-atika-adh-204-210mm","7":"product_cat-hoovliterad-hoovlile-atika","8":"product_cat-hoovliterad-markide-jargi","10":"first","11":"outofstock","12":"taxable","13":"shipping-taxable","14":"purchasable","15":"product-type-simple"},"jetpack_sharing_enabled":true,"_links":{"self":[{"href":"https:\/\/helliston.eu\/et\/wp-json\/wp\/v2\/product\/10253","targetHints":{"allow":["GET"]}}],"collection":[{"href":"https:\/\/helliston.eu\/et\/wp-json\/wp\/v2\/product"}],"about":[{"href":"https:\/\/helliston.eu\/et\/wp-json\/wp\/v2\/types\/product"}],"wp:featuredmedia":[{"embeddable":true,"href":"https:\/\/helliston.eu\/et\/wp-json\/wp\/v2\/media\/5996"}],"wp:attachment":[{"href":"https:\/\/helliston.eu\/et\/wp-json\/wp\/v2\/media?parent=10253"}],"wp:term":[{"taxonomy":"product_brand","embeddable":true,"href":"https:\/\/helliston.eu\/et\/wp-json\/wp\/v2\/product_brand?post=10253"},{"taxonomy":"product_cat","embeddable":true,"href":"https:\/\/helliston.eu\/et\/wp-json\/wp\/v2\/product_cat?post=10253"},{"taxonomy":"product_tag","embeddable":true,"href":"https:\/\/helliston.eu\/et\/wp-json\/wp\/v2\/product_tag?post=10253"}],"curies":[{"name":"wp","href":"https:\/\/api.w.org\/{rel}","templated":true}]}}