{"id":1022,"date":"2019-03-07T22:38:27","date_gmt":"2019-03-07T22:38:27","guid":{"rendered":"https:\/\/helliston.eu\/product\/hss-wolfram-18-hoovliterad-110x35x3mm-2-tk\/"},"modified":"2021-01-24T19:12:08","modified_gmt":"2021-01-24T19:12:08","slug":"hss-wolfram-18-hoovliterad-110x35x3mm-2-tk","status":"publish","type":"product","link":"https:\/\/helliston.eu\/et\/toode\/hss-wolfram-18-hoovliterad-110x35x3mm-2-tk\/","title":{"rendered":"HSS Wolfram 18% H\u00f6\u00f6vliterad 110x35x3mm, 2 tk"},"content":{"rendered":"","protected":false},"excerpt":{"rendered":"<p><strong>T1 HSS Wolfram 18% h\u00f6\u00f6vliterad 110x35x3mm.<\/strong> 2 tera\/ pakis. Valmistatud esmaklassilisest T1 HSS W18% kiirl\u00f5iketerasest (Rockwelli k\u00f5vadus 63-65 HRC). V\u00f5rreldes tavap\u00e4rase HSS\u2019iga on T1 HSS W18% terad vastupidavamad \u2013 suurep\u00e4rane valik nii k\u00f5va- kui ka pehmepudu t\u00f6\u00f6tlemiseks! Terad on teritatavad. Lisainfo allpool.<\/p>\n","protected":false},"featured_media":4687,"template":"","meta":[],"product_brand":[],"product_cat":[238,197,234],"product_tag":[],"class_list":{"0":"post-1022","1":"product","2":"type-product","3":"status-publish","4":"has-post-thumbnail","6":"product_cat-110x35x3mm-et","7":"product_cat-hoovliterad","8":"product_cat-x35x3mm-planer-blades-et","10":"first","11":"instock","12":"taxable","13":"shipping-taxable","14":"purchasable","15":"product-type-simple"},"jetpack_sharing_enabled":true,"_links":{"self":[{"href":"https:\/\/helliston.eu\/et\/wp-json\/wp\/v2\/product\/1022","targetHints":{"allow":["GET"]}}],"collection":[{"href":"https:\/\/helliston.eu\/et\/wp-json\/wp\/v2\/product"}],"about":[{"href":"https:\/\/helliston.eu\/et\/wp-json\/wp\/v2\/types\/product"}],"wp:featuredmedia":[{"embeddable":true,"href":"https:\/\/helliston.eu\/et\/wp-json\/wp\/v2\/media\/4687"}],"wp:attachment":[{"href":"https:\/\/helliston.eu\/et\/wp-json\/wp\/v2\/media?parent=1022"}],"wp:term":[{"taxonomy":"product_brand","embeddable":true,"href":"https:\/\/helliston.eu\/et\/wp-json\/wp\/v2\/product_brand?post=1022"},{"taxonomy":"product_cat","embeddable":true,"href":"https:\/\/helliston.eu\/et\/wp-json\/wp\/v2\/product_cat?post=1022"},{"taxonomy":"product_tag","embeddable":true,"href":"https:\/\/helliston.eu\/et\/wp-json\/wp\/v2\/product_tag?post=1022"}],"curies":[{"name":"wp","href":"https:\/\/api.w.org\/{rel}","templated":true}]}}