{"id":10207,"date":"2022-01-28T19:00:43","date_gmt":"2022-01-28T19:00:44","guid":{"rendered":"https:\/\/helliston.eu\/?post_type=product&#038;p=10207"},"modified":"2023-03-18T09:18:20","modified_gmt":"2023-03-18T09:18:20","slug":"hss-hoovliterad-210mm-hoovlile-mini-kompacta-komp-200-2-2-tk","status":"publish","type":"product","link":"https:\/\/helliston.eu\/et\/toode\/hss-hoovliterad-210mm-hoovlile-mini-kompacta-komp-200-2-2-tk\/","title":{"rendered":"H\u00f6\u00f6vliterad h\u00f6\u00f6vlile Mini-Kompacta Komp. 200\/2, HSS, 210&#215;16,5&#215;1,5mm"},"content":{"rendered":"","protected":false},"excerpt":{"rendered":"<p>HSS h\u00f6\u00f6vliterad h\u00f6\u00f6vel-paksusmasinale Mini-Kompacta Komp. 200\/2, 210 x 16,5 x 1,5 mm. 2 tera\/ pakis. Valmistatud vastupidavast HSS kiirl\u00f5iketerasest (Rockwelli k\u00f5vadus 63+HRC). Terad on teritatavad. Rohkem informatsiooni allpool.<\/p>\n","protected":false},"featured_media":12177,"template":"","meta":[],"product_brand":[],"product_cat":[2548,816,2549],"product_tag":[4315],"class_list":{"0":"post-10207","1":"product","2":"type-product","3":"status-publish","4":"has-post-thumbnail","6":"product_cat-hoovliterad-hoovlile-compa","7":"product_cat-hoovliterad-markide-jargi","8":"product_cat-hoovile-compa-mini-kompacta-komp-200-2","9":"product_tag-210x16-et","11":"first","12":"instock","13":"taxable","14":"shipping-taxable","15":"purchasable","16":"product-type-simple"},"jetpack_sharing_enabled":true,"_links":{"self":[{"href":"https:\/\/helliston.eu\/et\/wp-json\/wp\/v2\/product\/10207","targetHints":{"allow":["GET"]}}],"collection":[{"href":"https:\/\/helliston.eu\/et\/wp-json\/wp\/v2\/product"}],"about":[{"href":"https:\/\/helliston.eu\/et\/wp-json\/wp\/v2\/types\/product"}],"wp:featuredmedia":[{"embeddable":true,"href":"https:\/\/helliston.eu\/et\/wp-json\/wp\/v2\/media\/12177"}],"wp:attachment":[{"href":"https:\/\/helliston.eu\/et\/wp-json\/wp\/v2\/media?parent=10207"}],"wp:term":[{"taxonomy":"product_brand","embeddable":true,"href":"https:\/\/helliston.eu\/et\/wp-json\/wp\/v2\/product_brand?post=10207"},{"taxonomy":"product_cat","embeddable":true,"href":"https:\/\/helliston.eu\/et\/wp-json\/wp\/v2\/product_cat?post=10207"},{"taxonomy":"product_tag","embeddable":true,"href":"https:\/\/helliston.eu\/et\/wp-json\/wp\/v2\/product_tag?post=10207"}],"curies":[{"name":"wp","href":"https:\/\/api.w.org\/{rel}","templated":true}]}}