{"id":10177,"date":"2022-01-28T19:00:22","date_gmt":"2022-01-28T19:00:22","guid":{"rendered":"https:\/\/helliston.eu\/?post_type=product&#038;p=10177"},"modified":"2023-03-18T09:19:40","modified_gmt":"2023-03-18T09:19:40","slug":"hss-hoovliterad-210mm-hoovlile-woodtec-xw034-2-tk","status":"publish","type":"product","link":"https:\/\/helliston.eu\/et\/toode\/hss-hoovliterad-210mm-hoovlile-woodtec-xw034-2-tk\/","title":{"rendered":"H\u00f6\u00f6vliterad h\u00f6\u00f6vlile Woodtec XW034, HSS, 210&#215;16,5&#215;1,5mm"},"content":{"rendered":"","protected":false},"excerpt":{"rendered":"<p>HSS h\u00f6\u00f6vliterad h\u00f6\u00f6vel-paksusmasinale Woodtec XW034, 210 x 16,5 x 1,5 mm. 2 tera\/ pakis. Valmistatud vastupidavast HSS kiirl\u00f5iketerasest (Rockwelli k\u00f5vadus 63+HRC). Terad on teritatavad. Rohkem informatsiooni allpool.<\/p>\n","protected":false},"featured_media":12127,"template":"","meta":[],"product_brand":[],"product_cat":[816,896,2510],"product_tag":[4315],"class_list":{"0":"post-10177","1":"product","2":"type-product","3":"status-publish","4":"has-post-thumbnail","6":"product_cat-hoovliterad-markide-jargi","7":"product_cat-hoovliterad-hoovlile-woodtec","8":"product_cat-riht-paksushoovel-woodtec-xw034","9":"product_tag-210x16-et","11":"first","12":"instock","13":"taxable","14":"shipping-taxable","15":"purchasable","16":"product-type-simple"},"jetpack_sharing_enabled":true,"_links":{"self":[{"href":"https:\/\/helliston.eu\/et\/wp-json\/wp\/v2\/product\/10177","targetHints":{"allow":["GET"]}}],"collection":[{"href":"https:\/\/helliston.eu\/et\/wp-json\/wp\/v2\/product"}],"about":[{"href":"https:\/\/helliston.eu\/et\/wp-json\/wp\/v2\/types\/product"}],"wp:featuredmedia":[{"embeddable":true,"href":"https:\/\/helliston.eu\/et\/wp-json\/wp\/v2\/media\/12127"}],"wp:attachment":[{"href":"https:\/\/helliston.eu\/et\/wp-json\/wp\/v2\/media?parent=10177"}],"wp:term":[{"taxonomy":"product_brand","embeddable":true,"href":"https:\/\/helliston.eu\/et\/wp-json\/wp\/v2\/product_brand?post=10177"},{"taxonomy":"product_cat","embeddable":true,"href":"https:\/\/helliston.eu\/et\/wp-json\/wp\/v2\/product_cat?post=10177"},{"taxonomy":"product_tag","embeddable":true,"href":"https:\/\/helliston.eu\/et\/wp-json\/wp\/v2\/product_tag?post=10177"}],"curies":[{"name":"wp","href":"https:\/\/api.w.org\/{rel}","templated":true}]}}