{"id":1612,"date":"2019-02-27T15:49:04","date_gmt":"2019-02-27T15:49:04","guid":{"rendered":"https:\/\/helliston.eu\/aboutus\/"},"modified":"2020-07-01T11:39:24","modified_gmt":"2020-07-01T11:39:24","slug":"meist","status":"publish","type":"page","link":"https:\/\/helliston.eu\/et\/meist\/","title":{"rendered":"Meist"},"content":{"rendered":"\n\t<section class=\"section\" id=\"section_371714772\">\n\t\t<div class=\"section-bg fill\" >\n\t\t\t\t\t\t\t\t\t\n\t\t\t\n\n\t\t<\/div>\n\n\t\t\n\n\t\t<div class=\"section-content relative\">\n\t\t\t\n<div class=\"row align-center\"  id=\"row-1040379102\">\n\n\t<div id=\"col-2102118946\" class=\"col medium-9 small-10 large-9\"  >\n\t\t\t\t<div class=\"col-inner text-center\"  >\n\t\t\t\n\t\t\t\n<h1 class=\"uppercase\"><strong>meie perefirma<br \/><\/strong><\/h1>\n<p>on tegev aastast 2002. Meie peamine tegevusala on vanade puitakende ja -uste restaureerimine (<a href=\"http:\/\/www.helliston.ee\" target=\"_blank\" rel=\"noopener noreferrer\">vaata siia<\/a>). K\u00e4esoleva e-poe juured asuvad meie vajadustes toodete j\u00e4rgi, mida kasutame igap\u00e4evaselt oma restaureerimist\u00f6\u00f6kojas.<\/p>\n\t\t<\/div>\n\t\t\t\t\t<\/div>\n\n\t\n<\/div>\n\t\t<\/div>\n\n\t\t\n<style>\n#section_371714772 {\n  padding-top: 30px;\n  padding-bottom: 30px;\n}\n<\/style>\n\t<\/section>\n\t\n\n\t<section class=\"section\" id=\"section_1165657241\">\n\t\t<div class=\"section-bg fill\" >\n\t\t\t\t\t\t\t\t\t\n\t\t\t\n\n\t\t<\/div>\n\n\t\t\n\n\t\t<div class=\"section-content relative\">\n\t\t\t\n<div class=\"row align-center\"  id=\"row-1106100262\">\n\n\t<div id=\"col-2043779917\" class=\"col medium-10 small-11 large-10\"  >\n\t\t\t\t<div class=\"col-inner\"  >\n\t\t\t\n\t\t\t\n<h1 style=\"text-align: center;\"><span style=\"font-size: 130%;\">Millega tegeleme?<br \/><\/span><\/h1>\n<p>Me laseme otse toota mitmesuguseid puidut\u00f6\u00f6tlemise teri ja muid t\u00f6\u00f6vahendeid, mida me v\u00f5i meie t\u00f6\u00f6partnerid oma igap\u00e4eva t\u00f6\u00f6s vajame. N\u00e4iteks leiad meie e-poest j\u00e4rgnevaid tooteid: <strong>v\u00e4rvikaabitsa terad<\/strong> (Bahco, Sandiviki, Storchi, Techo, Allway jms kaabitsate jaoks), <strong>h\u00f6\u00f6vliterad<\/strong> (Makita, Boschi, Skili, Ryobi, Holz-Heri, jt h\u00f6\u00f6vlite jaoks),<strong> paksusmasina terad<\/strong> (Makita, Metabo, Scheppachi, Zipperi, Woodstari jt h\u00f6\u00f6vlite jaoks), <strong>p\u00f6\u00f6rdterad freesipeade jaoks,<\/strong> ja muud vahendid nagu n\u00e4iteks <strong>lihvlint<\/strong> Makita 90321, Metabo RBE 9-60, Fein RS 10-70F lintlihvjate jaoks v\u00f5i <strong>Handy klaasikaabitsa terad<\/strong>.<\/p>\n<p>\u00a0<\/p>\n\t\t<\/div>\n\t\t\t\t\t<\/div>\n\n\t\n<\/div>\n\t\t<\/div>\n\n\t\t\n<style>\n#section_1165657241 {\n  padding-top: 30px;\n  padding-bottom: 30px;\n  background-color: rgba(167, 169, 171, 0.16);\n}\n<\/style>\n\t<\/section>\n\t\n\n\t<section class=\"section\" id=\"section_2066174483\">\n\t\t<div class=\"section-bg fill\" >\n\t\t\t\t\t\t\t\t\t<div class=\"section-bg-overlay absolute fill\"><\/div>\n\t\t\t\n\n\t\t<\/div>\n\n\t\t\n\n\t\t<div class=\"section-content relative\">\n\t\t\t\n<div class=\"row\"  id=\"row-135612879\">\n\n\t<div id=\"col-1365687542\" class=\"col medium-4 small-12 large-4\"  >\n\t\t\t\t<div class=\"col-inner text-center box-shadow-3\"  >\n\t\t\t\n\t\t\t\n\n  <div class=\"banner has-hover\" id=\"banner-1429498959\">\n          <div class=\"banner-inner fill\">\n        <div class=\"banner-bg fill\" >\n                                                \n\t<div class=\"is-border\"\n\t\tstyle=\"border-width:2px 2px 2px 2px;margin:0px 0px 0px 0px;\">\n\t<\/div>\n                    <\/div>\n\t\t\n        <div class=\"banner-layers container\">\n            <div class=\"fill banner-link\"><\/div>            \n   <div id=\"text-box-979409672\" class=\"text-box banner-layer x50 md-x100 lg-x50 y95 md-y0 lg-y95 res-text\">\n                                <div class=\"text-box-content text \">\n              \n              <div class=\"text-inner text-center\">\n                  \n<h1><strong>AJALUGU<\/strong><\/h1>\n<p>\u00a0<\/p>\n<p style=\"text-align: left;\"><span style=\"font-size: 175%;\">Helliston O\u00fc on asutatud aastal 2002 P\u00e4rnus. Meie peamine tegevusala on vanade puitakende ja -uste restaureerimine. Aastal 2017 hakkasime maale tooma t\u00f6\u00f6vahendeid, mida igap\u00e4evaselt oma t\u00f6\u00f6s vajasime. Me avasime v\u00e4ikese e-poe, mis oli integreeritud meie esimesse veebilehek\u00fclge (<a href=\"http:\/\/www.helliston.ee\" target=\"_blank\" rel=\"noopener noreferrer\">vaata siia<\/a>). Samal ajal liitusime nii Amazoni kui ka Ebay&#8217;ga. \u00dcsna pea sai selgeks, et luua on vaja eraldiseisev uus e-pood, mis keskendub meie arenevale br\u00e4ndi nimele. K\u00e4esoleva e-poe avasime 2019. aasta alguses.<\/span><\/p>\n              <\/div>\n           <\/div>\n                            \n<style>\n#text-box-979409672 {\n  width: 89%;\n}\n#text-box-979409672 .text-box-content {\n  font-size: 100%;\n}\n@media (min-width:550px) {\n  #text-box-979409672 {\n    width: 90%;\n  }\n}\n@media (min-width:850px) {\n  #text-box-979409672 {\n    width: 78%;\n  }\n}\n<\/style>\n    <\/div>\n \n        <\/div>\n      <\/div>\n\n            \n<style>\n#banner-1429498959 {\n  padding-top: 700px;\n  background-color: rgb(255, 255, 255);\n}\n@media (min-width:550px) {\n  #banner-1429498959 {\n    padding-top: 550px;\n  }\n}\n<\/style>\n  <\/div>\n\n\n\t\t<\/div>\n\t\t\t\t\t<\/div>\n\n\t\n\n\t<div id=\"col-1905306561\" class=\"col medium-4 small-12 large-4\"  >\n\t\t\t\t<div class=\"col-inner box-shadow-3\"  >\n\t\t\t\n\t\t\t\n\n  <div class=\"banner has-hover\" id=\"banner-1894865508\">\n          <div class=\"banner-inner fill\">\n        <div class=\"banner-bg fill\" >\n                                                \n\t<div class=\"is-border\"\n\t\tstyle=\"border-width:2px 2px 2px 2px;\">\n\t<\/div>\n                    <\/div>\n\t\t\n        <div class=\"banner-layers container\">\n            <div class=\"fill banner-link\"><\/div>            \n   <div id=\"text-box-305019646\" class=\"text-box banner-layer x50 md-x100 lg-x50 y50 md-y0 lg-y15 res-text\">\n                                <div class=\"text-box-content text \">\n              \n              <div class=\"text-inner text-center\">\n                  \n<h1 style=\"text-align: center;\"><strong>KVALITEET<\/strong><\/h1>\n<p>\u00a0<\/p>\n<p style=\"text-align: left;\"><span style=\"font-size: 175%;\">S\u00f5na &#8220;kvaliteet&#8221; kasutatakse tihti, kuid tooted, mida siin m\u00fc\u00fcme, on v\u00e4lja arendatud ja toodetud vastavalt meie v\u00f5i meie \u00e4ripartnerite vajadustele ja n\u00f5uetele restaureerimise ja puut\u00f6\u00f6 alal. Me paneme r\u00f5hku metallile, teritusele ja kasutatud materjalidele. Seet\u00f5ttu v\u00f5id olla kindel, et nende vastupidavus ja hea kvaliteet on t\u00f5estatud. <br \/><\/span><\/p>\n              <\/div>\n           <\/div>\n                            \n<style>\n#text-box-305019646 {\n  width: 78%;\n}\n#text-box-305019646 .text-box-content {\n  font-size: 100%;\n}\n@media (min-width:550px) {\n  #text-box-305019646 {\n    width: 72%;\n  }\n}\n@media (min-width:850px) {\n  #text-box-305019646 .text-box-content {\n    font-size: 100%;\n  }\n}\n<\/style>\n    <\/div>\n \n        <\/div>\n      <\/div>\n\n            \n<style>\n#banner-1894865508 {\n  padding-top: 700px;\n  background-color: rgba(255, 255, 255, 0);\n}\n@media (min-width:550px) {\n  #banner-1894865508 {\n    padding-top: 550px;\n  }\n}\n<\/style>\n  <\/div>\n\n\n\t\t<\/div>\n\t\t\t\t\t<\/div>\n\n\t\n\n\t<div id=\"col-1923260422\" class=\"col medium-4 small-12 large-4\"  >\n\t\t\t\t<div class=\"col-inner box-shadow-3\"  >\n\t\t\t\n\t\t\t\n\n  <div class=\"banner has-hover\" id=\"banner-1163074409\">\n          <div class=\"banner-inner fill\">\n        <div class=\"banner-bg fill\" >\n                                                \n\t<div class=\"is-border\"\n\t\tstyle=\"border-width:2px 2px 2px 2px;\">\n\t<\/div>\n                    <\/div>\n\t\t\n        <div class=\"banner-layers container\">\n            <div class=\"fill banner-link\"><\/div>            \n   <div id=\"text-box-1440136206\" class=\"text-box banner-layer x50 md-x100 lg-x50 y50 md-y0 lg-y15 res-text\">\n                                <div class=\"text-box-content text \">\n              \n              <div class=\"text-inner text-center\">\n                  \n<h1><strong>ARENG<\/strong><\/h1>\n<p>\u00a0<\/p>\n<p style=\"text-align: left;\"><span style=\"font-size: 175%;\">Esimesed tooted, mida m\u00fc\u00fcma hakkasime, olid lihtsad h\u00f6\u00f6vliterad. Alates sellest hetkest oleme samm-sammult vastavalt meie koost\u00f6\u00f6partnerite vajadustele oma tootevalikut laiendanud. Kui Sa ei leia meie tootevalikust tooteid, mida otsid, siis v\u00f5id meile sellest teada anda. V\u00f5ibolla \u00fchel p\u00e4eval ilmub see toode ka siia veebipoodi m\u00fc\u00fcgile.<\/span><\/p>\n              <\/div>\n           <\/div>\n                            \n<style>\n#text-box-1440136206 {\n  width: 75%;\n}\n#text-box-1440136206 .text-box-content {\n  font-size: 100%;\n}\n<\/style>\n    <\/div>\n \n        <\/div>\n      <\/div>\n\n            \n<style>\n#banner-1163074409 {\n  padding-top: 700px;\n  background-color: rgba(255, 255, 255, 0);\n}\n@media (min-width:550px) {\n  #banner-1163074409 {\n    padding-top: 550px;\n  }\n}\n<\/style>\n  <\/div>\n\n\n\t\t<\/div>\n\t\t\t\t\t<\/div>\n\n\t\n<\/div>\n\t\t<\/div>\n\n\t\t\n<style>\n#section_2066174483 {\n  padding-top: 30px;\n  padding-bottom: 30px;\n}\n#section_2066174483 .section-bg-overlay {\n  background-color: rgba(255,255,255,.5);\n}\n<\/style>\n\t<\/section>\n\t\n","protected":false},"excerpt":{"rendered":"","protected":false},"author":1,"featured_media":0,"parent":0,"menu_order":0,"comment_status":"closed","ping_status":"closed","template":"page-blank.php","meta":{"footnotes":""},"class_list":["post-1612","page","type-page","status-publish","hentry"],"jetpack_sharing_enabled":true,"_links":{"self":[{"href":"https:\/\/helliston.eu\/et\/wp-json\/wp\/v2\/pages\/1612","targetHints":{"allow":["GET"]}}],"collection":[{"href":"https:\/\/helliston.eu\/et\/wp-json\/wp\/v2\/pages"}],"about":[{"href":"https:\/\/helliston.eu\/et\/wp-json\/wp\/v2\/types\/page"}],"author":[{"embeddable":true,"href":"https:\/\/helliston.eu\/et\/wp-json\/wp\/v2\/users\/1"}],"replies":[{"embeddable":true,"href":"https:\/\/helliston.eu\/et\/wp-json\/wp\/v2\/comments?post=1612"}],"version-history":[{"count":5,"href":"https:\/\/helliston.eu\/et\/wp-json\/wp\/v2\/pages\/1612\/revisions"}],"predecessor-version":[{"id":7112,"href":"https:\/\/helliston.eu\/et\/wp-json\/wp\/v2\/pages\/1612\/revisions\/7112"}],"wp:attachment":[{"href":"https:\/\/helliston.eu\/et\/wp-json\/wp\/v2\/media?parent=1612"}],"curies":[{"name":"wp","href":"https:\/\/api.w.org\/{rel}","templated":true}]}}