{"id":1343,"date":"2019-03-03T18:21:55","date_gmt":"2019-03-03T18:21:55","guid":{"rendered":"https:\/\/helliston.eu\/return-refund\/"},"modified":"2020-07-01T11:41:51","modified_gmt":"2020-07-01T11:41:51","slug":"tagastusoigus","status":"publish","type":"page","link":"https:\/\/helliston.eu\/et\/tagastusoigus\/","title":{"rendered":"Tagastus\u00f5igus"},"content":{"rendered":"<div class=\"row row-collapse row-full-width align-middle align-center\"  id=\"row-1288576205\">\n\n\t<div id=\"col-1373925112\" class=\"col medium-8 large-8\"  >\n\t\t\t\t<div class=\"col-inner\"  >\n\t\t\t\n\t\t\t\n<div class=\"row row-large align-middle align-center\"  id=\"row-429755192\">\n\n\t<div id=\"col-1023677970\" class=\"col small-12 large-12\"  >\n\t\t\t\t<div class=\"col-inner\"  >\n\t\t\t\n\t\t\t\n\t<div id=\"gap-599763274\" class=\"gap-element clearfix\" style=\"display:block; height:auto;\">\n\t\t\n<style>\n#gap-599763274 {\n  padding-top: 30px;\n}\n<\/style>\n\t<\/div>\n\t\n<p style=\"text-align: center;\">Me paneme suurt r\u00f5hku toodete kvaliteedile ja seda selleks, et saaksid tellitud toodetega rahul olla. Kui juhtub, et tellitud tooted ei vasta Sinu ootustele, siis on Sul \u00f5igus ilma igasuguse p\u00f5hjenduseta alates tellimuse k\u00e4ttesaamise kuup\u00e4evast tellimus kolmek\u00fcmne p\u00e4eva jooksul tagastada.<\/p>\n\t\t<\/div>\n\t\t\t\t\t<\/div>\n\n\t\n<\/div>\n\t\t<\/div>\n\t\t\t\t\t<\/div>\n\n\t\n<\/div>\n<div class=\"row row-collapse row-full-width align-center\"  id=\"row-1570123462\">\n\n\t<div id=\"col-1014201804\" class=\"col medium-4 small-12 large-4\"  >\n\t\t\t\t<div class=\"col-inner\"  >\n\t\t\t\n\t\t\t\n<div class=\"container section-title-container\" ><h3 class=\"section-title section-title-normal\"><b aria-hidden=\"true\"><\/b><span class=\"section-title-main\" >\u00dcldtingimused<\/span><b aria-hidden=\"true\"><\/b><\/h3><\/div>\n\t\t<\/div>\n\t\t\t\t\t<\/div>\n\n\t\n\n\t<div id=\"col-879416157\" class=\"col medium-6 small-12 large-6\"  >\n\t\t\t\t<div class=\"col-inner\"  >\n\t\t\t\n\t\t\t\n<ul>\n<li>P\u00e4rast toodete k\u00e4ttesaamist on Sul \u00f5igus meiega s\u00f5lmitud lepingust (vaata <a href=\"https:\/\/helliston.eu\/et\/muugitingimused\/\" target=\"_blank\" rel=\"noopener noreferrer\">M\u00fc\u00fcgitingimused<\/a>) taganeda 30. p\u00e4eva jooksul.<\/li>\n<li>Kui Sa maksid ka toote tellimisel transpordi eest, siis ka see summa kuulub tagasimaksmisele (ei kehti kulleriga saatmisel &#8211; Itella Smartkuller, DPD v\u00f5i DHL Express kuller)<\/li>\n<\/ul>\n\t\t<\/div>\n\t\t\t\t\t<\/div>\n\n\t\n<\/div>\n\t<div id=\"gap-1596337538\" class=\"gap-element clearfix\" style=\"display:block; height:auto;\">\n\t\t\n<style>\n#gap-1596337538 {\n  padding-top: 30px;\n}\n<\/style>\n\t<\/div>\n\t\n<div class=\"row row-collapse row-full-width align-center\"  id=\"row-1950416607\">\n\n\t<div id=\"col-1823022395\" class=\"col medium-4 small-12 large-4\"  >\n\t\t\t\t<div class=\"col-inner\"  >\n\t\t\t\n\t\t\t\n<div class=\"container section-title-container\" ><h3 class=\"section-title section-title-normal\"><b aria-hidden=\"true\"><\/b><span class=\"section-title-main\" >kehtivad reeglid<\/span><b aria-hidden=\"true\"><\/b><\/h3><\/div>\n\t\t<\/div>\n\t\t\t\t\t<\/div>\n\n\t\n\n\t<div id=\"col-1436065190\" class=\"col medium-6 small-12 large-6\"  >\n\t\t\t\t<div class=\"col-inner\"  >\n\t\t\t\n\t\t\t\n<ul>\n<li>Tootega tutvumisel, selle omadusetes ja toimises veendumiseks, peab olema toodetega k\u00e4idud t\u00e4pselt nii \u00fcmber nagu seda on lubatud teha tavap\u00e4rases poes.<\/li>\n<li>Toodete v\u00e4\u00e4rtuse v\u00e4henemise eest, mis on tingitud n\u00e4iteks toodete kasutamisest v\u00f5i nende valesti k\u00e4sitlemisest, vastutab ostja.<\/li>\n<li>Kui tooted on kahjustunud v\u00f5i muul viisil rikutud ning sedakaudu on nende v\u00e4\u00e4rtus langenud, on meil \u00f5igus tellimus ainult osaliselt h\u00fcvitada, v\u00f5i, kui toote seisukord seda n\u00f5uab, j\u00e4tta tellimus h\u00fcvitamata.<\/li>\n<\/ul>\n\t\t<\/div>\n\t\t\t\t\t<\/div>\n\n\t\n<\/div>\n\t<div id=\"gap-570506983\" class=\"gap-element clearfix\" style=\"display:block; height:auto;\">\n\t\t\n<style>\n#gap-570506983 {\n  padding-top: 30px;\n}\n<\/style>\n\t<\/div>\n\t\n<div class=\"row row-collapse row-full-width align-center\"  id=\"row-1635884710\">\n\n\t<div id=\"col-212317990\" class=\"col medium-4 small-12 large-4\"  >\n\t\t\t\t<div class=\"col-inner\"  >\n\t\t\t\n\t\t\t\n<div class=\"container section-title-container\" ><h3 class=\"section-title section-title-normal\"><b aria-hidden=\"true\"><\/b><span class=\"section-title-main\" >kuidas toimida?<\/span><b aria-hidden=\"true\"><\/b><\/h3><\/div>\n\t\t<\/div>\n\t\t\t\t\t<\/div>\n\n\t\n\n\t<div id=\"col-1642344980\" class=\"col medium-6 small-12 large-6\"  >\n\t\t\t\t<div class=\"col-inner\"  >\n\t\t\t\n\t\t\t\n<ul>\n<li>Selleks et tooteid tagastada, v\u00f5id meiega vabas vormis e-maili\u00a0 teel\u00a0 (info@helliston.eu) \u00fchendust v\u00f5tta v\u00f5i t\u00e4ita tagastusvormi, mille leiad siit: <a href=\"https:\/\/helliston.eu\/et\/tagastusvorm\/\">https:\/\/helliston.eu\/et\/tagastusvorm\/<\/a>.<\/li>\n<li>Palun lisa e-maili juurde ka ostukuup\u00e4ev, arve v\u00f5i tellimuse number, samuti informatsioon selle kohta, milliseid tooteid tagastada soovid.<\/li>\n<li>P\u00e4rast seda v\u00f5id meile tooted vastavalt omavalitud transpordiviisile tagasi saata.<\/li>\n<\/ul>\n\t\t<\/div>\n\t\t\t\t\t<\/div>\n\n\t\n<\/div>\n\t<div id=\"gap-1328861325\" class=\"gap-element clearfix\" style=\"display:block; height:auto;\">\n\t\t\n<style>\n#gap-1328861325 {\n  padding-top: 30px;\n}\n<\/style>\n\t<\/div>\n\t\n<div class=\"row row-collapse row-full-width align-center\"  id=\"row-535054821\">\n\n\t<div id=\"col-283102769\" class=\"col medium-4 small-12 large-4\"  >\n\t\t\t\t<div class=\"col-inner\"  >\n\t\t\t\n\t\t\t\n<div class=\"container section-title-container\" ><h3 class=\"section-title section-title-normal\"><b aria-hidden=\"true\"><\/b><span class=\"section-title-main\" >saatmiskulud<\/span><b aria-hidden=\"true\"><\/b><\/h3><\/div>\n\t\t<\/div>\n\t\t\t\t\t<\/div>\n\n\t\n\n\t<div id=\"col-2079904247\" class=\"col medium-6 small-12 large-6\"  >\n\t\t\t\t<div class=\"col-inner\"  >\n\t\t\t\n\t\t\t\n<ul>\n<li>Kui ei ole teisiti kokku lepitud, siis toodete tagasisaatmise kulud tasub ostja.<\/li>\n<li>J\u00e4rgmistel tingimustel kanname meie tagasisaatmise kulud, kui: 1) saadetis sisaldab tooteid, mis ei vasta tellimusele; 2) saatsime Sulle defektsed tooted; 3) tellimus ei sisalda k\u00f5iki tellitud tooteid; 4) oleme\u00a0 e-poes andnud toodete kohta valet informatsiooni.<\/li>\n<\/ul>\n\t\t<\/div>\n\t\t\t\t\t<\/div>\n\n\t\n<\/div>\n\t<div id=\"gap-631673331\" class=\"gap-element clearfix\" style=\"display:block; height:auto;\">\n\t\t\n<style>\n#gap-631673331 {\n  padding-top: 30px;\n}\n<\/style>\n\t<\/div>\n\t\n<div class=\"row row-collapse row-full-width align-center\"  id=\"row-1712143149\">\n\n\t<div id=\"col-2073735031\" class=\"col medium-4 small-12 large-4\"  >\n\t\t\t\t<div class=\"col-inner\"  >\n\t\t\t\n\t\t\t\n<div class=\"container section-title-container\" ><h3 class=\"section-title section-title-normal\"><b aria-hidden=\"true\"><\/b><span class=\"section-title-main\" >Raha tagastamine<\/span><b aria-hidden=\"true\"><\/b><\/h3><\/div>\n\t\t<\/div>\n\t\t\t\t\t<\/div>\n\n\t\n\n\t<div id=\"col-911990840\" class=\"col medium-6 small-12 large-6\"  >\n\t\t\t\t<div class=\"col-inner\"  >\n\t\t\t\n\t\t\t\n<ul>\n<li>P\u00e4rast taganemisavalduse saamist, maksame ostusumma tagasi 14 p\u00e4eva jooksul samale pangakontole, millega makse sooritati.<\/li>\n<li>Me v\u00f5ime raha tagasimaksmisest keelduda seni, kuni me ei ole saanud tooteid tagasi v\u00f5i t\u00f5estust selle kohta, et toode on meie poole teele pandud.<\/li>\n<li>Kui toote ostul maksti ka transpordi eest, siis ka see summa kuulub tagastamisele.<\/li>\n<li>Kullerteenuse eest tasutud summa ei kuulu tagastamisele (n\u00e4iteks Itella Smartkuller, DPD kuller v\u00f5i DHL Express)<\/li>\n<\/ul>\n\t\t<\/div>\n\t\t\t\t\t<\/div>\n\n\t\n<\/div>\n","protected":false},"excerpt":{"rendered":"","protected":false},"author":1,"featured_media":0,"parent":0,"menu_order":0,"comment_status":"closed","ping_status":"closed","template":"page-blank.php","meta":{"footnotes":""},"class_list":["post-1343","page","type-page","status-publish","hentry"],"jetpack_sharing_enabled":true,"_links":{"self":[{"href":"https:\/\/helliston.eu\/et\/wp-json\/wp\/v2\/pages\/1343","targetHints":{"allow":["GET"]}}],"collection":[{"href":"https:\/\/helliston.eu\/et\/wp-json\/wp\/v2\/pages"}],"about":[{"href":"https:\/\/helliston.eu\/et\/wp-json\/wp\/v2\/types\/page"}],"author":[{"embeddable":true,"href":"https:\/\/helliston.eu\/et\/wp-json\/wp\/v2\/users\/1"}],"replies":[{"embeddable":true,"href":"https:\/\/helliston.eu\/et\/wp-json\/wp\/v2\/comments?post=1343"}],"version-history":[{"count":5,"href":"https:\/\/helliston.eu\/et\/wp-json\/wp\/v2\/pages\/1343\/revisions"}],"predecessor-version":[{"id":7118,"href":"https:\/\/helliston.eu\/et\/wp-json\/wp\/v2\/pages\/1343\/revisions\/7118"}],"wp:attachment":[{"href":"https:\/\/helliston.eu\/et\/wp-json\/wp\/v2\/media?parent=1343"}],"curies":[{"name":"wp","href":"https:\/\/api.w.org\/{rel}","templated":true}]}}