{"id":1323,"date":"2019-02-27T14:29:59","date_gmt":"2019-02-27T14:29:59","guid":{"rendered":"https:\/\/helliston.eu\/?page_id=1323"},"modified":"2020-07-01T15:11:39","modified_gmt":"2020-07-01T15:11:39","slug":"privaatsuspoliitika","status":"publish","type":"page","link":"https:\/\/helliston.eu\/et\/privaatsuspoliitika\/","title":{"rendered":"Privaatsuspoliitika"},"content":{"rendered":"\n\t<section class=\"section\" id=\"section_412942779\">\n\t\t<div class=\"section-bg fill\" >\n\t\t\t\t\t\t\t\t\t\n\t\t\t\n\n\t\t<\/div>\n\n\t\t\n\n\t\t<div class=\"section-content relative\">\n\t\t\t\n<div class=\"row align-center\"  id=\"row-827344896\">\n\n\t<div id=\"col-485585607\" class=\"col medium-11 small-12 large-11\"  >\n\t\t\t\t<div class=\"col-inner\"  >\n\t\t\t\n\t\t\t\n<h1 style=\"text-align: center;\">PRIVAATSUSPOLIITIKA<\/h1>\n<p>Veebipoe <a href=\"http:\/\/www.helliston.eu\">www.helliston.eu<\/a> isikuandmete vastutav t\u00f6\u00f6tleja on Helliston Nord O\u00fc (Reg.ID:14984655), asukohaga Peetri 1B, 80029 P\u00e4rnu; tel.: 53457161, e-mail: info@helliston.eu<\/p>\n<h3><strong>Milliseid isikuandmeid me kogume?<\/strong><\/h3>\n<p>Me kogume vaid neid isikuandmeid mis on vajalikud tellimuste l\u00e4biviimiseks ja vajaduse korral kliendiga kontakti loomiseks:<\/p>\n<ul>\n<li>Nimi, telefoninumber ja e-posti aadress<\/li>\n<li>Kauba kohaletoimetamise aadress<\/li>\n<li>Pangakonto number<\/li>\n<li>Kaupade ja teenuste maksumus ja maksetega seotud andmed (ostuajalugu)<\/li>\n<li>Klienditoe andmed<\/li>\n<\/ul>\n<h3><strong>Milline on iskuandmete t\u00f6\u00f6tlemise \u00f5iguslik alus?<\/strong><\/h3>\n<p>Me t\u00f6\u00f6tleme isikuandmeid vastavalt Sinuga s\u00f5lmitud lepingu eesm\u00e4rkidel (M\u00fc\u00fcgitingimused).<\/p>\n<p>Me t\u00f6\u00f6tleme isikuandmeid juriidiliste kohustuste t\u00e4itmiseks\u00a0 (nt raamatupidamine ja tarbjavaidluste lahendamine).<\/p>\n<p>Pangakonto numbrit kasutame kliendile maksete tagastamiseks<\/p>\n<p>Isikuandmeid (nagu Sinu e-post, telefoni nr, nimi) t\u00f6\u00f6tleme selleks, et lahendada kaupade ja teenute ostamisega seonduvaid k\u00fcsimusi (klienditugi).<\/p>\n<p>Me t\u00f6\u00f6tleme ka veebipoekasuataja IP-aadressi v\u00f5i teisi v\u00f5rguidentifikaatoreid veebikasutusstatistika tegemiseks.<\/p>\n<h3><strong>Mis eesm\u00e4rgil me t\u00f6\u00f6tleme Sinu isikuandmeid?<\/strong><\/h3>\n<p>Me kasutame Sinu isikuandmeid, et t\u00e4ita tellimusi ja kauba kohaletoimetamiseks.<\/p>\n<p>Ostuajaloo andmeid (ostu kuup\u00e4ev, kaup, kogus, kliendi andmed) kasutame ostetud kaupade ja teenuste \u00fclevaate koostamiseks ning kliendieelistuste anal\u00fc\u00fcsimiseks.<\/p>\n<h3><strong>Milliseid andmeid me n\u00e4eme?<\/strong><\/h3>\n<p>Kui Sul on meie veebipoes konto, siis me n\u00e4eme Sinu nime, aadressi, telefoni ja e-maili. See on informatsioon, mida on vaja tellimuse l\u00e4biviimiseks.<\/p>\n<p>Sama kehtib isikute puhul, kes tellivad meie veebipoe kaudu tooteid ilma kontot loomata.<\/p>\n<p>Lisaks me n\u00e4eme infot tellitud toodete kohta.<\/p>\n<h3><strong>Kellele meil on \u00f5igus edastada sinu isikuandmeid?<\/strong><\/h3>\n<p>Meil on \u00f5igus edastada Sinu andmeid transporditeenuse pakkujatele, kelle \u00fclesandeks on kaup Sinuni kohale toimetada. Pakiautomaati saatmisel edastatakse ainult nimi, telefon ja e-mail. Kullerteenuse ja \u00fcldpostiteenuse pakkujale edastatakse lisaks ka Sinu aadress.<\/p>\n<p>Lisaks me v\u00f5ime edastada ka arvetel esinevaid isikuandmeid raamatupidajateenust pakkuvale firmale raamatupidamistoimingute l\u00e4biviimiseks.<\/p>\n<p>Me v\u00f5ime edastada Sinu andmeid ka infotehnoloogia teenuste pakkujatele, kuid seda vaid juhul, kui\u00a0 see on vajalik meie veebipoe funktsionaalsuse v\u00f5i andmemajutuse tagamiseks.<\/p>\n<h3><strong>Kui kaua me s\u00e4ilitame isikuandmeid?<\/strong><\/h3>\n<p>Kui Sul on meie e-poes konto, siis sinu andmed on seni meie infos\u00fcsteemis sees, kuni Sa ei ole ise oma kontot kustutanud v\u00f5i palunud kustutada.<\/p>\n<p>Kui Sa teed tellimuse ilma kontot loomata, n\u00e4eme su ostuajalugu 3 aastat.<\/p>\n<p>Raamatupidamisandmeid (n\u00e4iteks arvetel esinevad isikuandmed) s\u00e4ilitame vastavalt seadusest tulenevatest s\u00e4tetest 7 aastat.<\/p>\n<p>Maksetega ja tarbjavaidlusega seotud vaidluste korral s\u00e4ilitame isikuandmeid kuni n\u00f5ude t\u00e4itmiseni v\u00f5i aegumist\u00e4htaja l\u00f5puni.<\/p>\n<h3><strong>Millised \u00f5igused Sul on oma isikuandmete \u00fcle?<\/strong><\/h3>\n<p>Sul on \u00f5igus k\u00fcsida meilt t\u00f5estust selle kohta, milliseid isikuandmeid me n\u00e4eme, kui Sul on meie veebilehel konto v\u00f5i oled meie veebilehe kaudu esitanud tellimuse.<\/p>\n<p>Kui Sul on meie veebilehel konto, on sul \u00f5igus oma andmeid veebipoe kasutajaprofiilis muuta.<\/p>\n<p>Kui Sul on meie veebilehel konto, on sul \u00f5igus see kustutada v\u00f5i n\u00f5uda meilt e-maili teel selle kustutamist. P\u00e4rast konto kustutamist ei j\u00e4\u00e4 Sinu isikuandmed meie s\u00fcsteemi, v.a. andmed, mida on vaja s\u00e4ilitada raamatupidamise v\u00f5i tarbjavaidluste lahendamiseks.<\/p>\n<h3><strong>Kas me kogume ka muid andmeid?<\/strong><\/h3>\n<p>Jah. Nagu paljud teisedki veebilehek\u00fcljed, kasutame meiegi Google Analyticut, et j\u00e4lgida veebiliiklust meie lehel, et klientide k\u00e4itumisest paremini aru saada. Andmed, mida Google Analyticu kaudu n\u00e4eme on isikustamata ega saa \u00fchegi konkreetse isikuga seostada.<\/p>\n<h3><strong>Kuidas me kaitseme isikuandmeid?<\/strong><\/h3>\n<p>Iskuandmeid hoitakse Veebimajutuse serverites, mis asuvad Euroopa Liidu liikmesriigi v\u00f5i Euroopa Liidumajanduspiirkonnaga liitunud riikideterritooriumil. Andmeid v\u00f5idakse edastada riikidesse, mille andmekaitse taset on Euroopa Komisjon hinnanud piisavaks ning USA ettev\u00f5tetele, kes on liitund andmekaitse kilbi (Privacy Shield) raamistikuga<\/p>\n<p>Me teeme omaltpoolt k\u00f5ik, et Sinu isikuandmeid kaitsta. Me rakendame asjakohaseid f\u00fc\u00fcsilisi, organisatsioonilisi ja infotehnilisi turvameetmeid, et kaitsta Sinu isikuandmeid juhusliku v\u00f5i ebaseadusliku h\u00e4vitamise, kaotsimineku, muutmise v\u00f5i loata juurdep\u00e4\u00e4su ja avalikustamise eest.<\/p>\n<p>Kui Sul on kahtlus, et Sinu andmeid on kasutatud ebaseaduslikult, siis palume sellest meile kiiremas korras teada anda.<\/p>\n<p>Meiepoolne juurdep\u00e4\u00e4s isikuandmetele on seotud ainult selleks, et l\u00e4bi viia tellimusi ja sellega seotud probleeme (klienditugi, kliediga kontakteerumine).<\/p>\n<p>Me edastame isikuandmeid volitatud t\u00f6\u00f6tlejale (nt transporditeenuse ja raamatupidamisteenuse pakkujatele) ainult nendega s\u00f5lmitud lepingute alusel. Nad on kohustatud tagama isikuandmete t\u00f6\u00f6tlemisel asjakohased kaitsemeetemed.<\/p>\n<h3><strong>Kas me saadame e-maili teel reklaame?<\/strong><\/h3>\n<p>Jah, kuid juhul kui Sa oled andnud selleks vastava n\u00f5usoleku. Me p\u00fc\u00fcame saata v\u00f5imalikult v\u00e4he e-maile ja need ei ole isikustatud, sh. ei ole need personaased, st. Et me ei uuri klientide ostueelistusi ega saada personaalseid reklaamipakkumisi.<\/p>\n<p>Kui Sa ei soovi saada osa meie e-maili teel edastavatest reklaamidest, siis tuleb Sul valida e-kirja jaluses vastav viide v\u00f5i meile kirjutada.<\/p>\n<h3><strong>Millal l\u00f5ppeb meie vastutus?<\/strong><\/h3>\n<p>Me kasutame oma veebipoes ka viiteid teistele veebilehek\u00fclgedele, mille sisu ega andmekaitsega seotus k\u00fcsimuste eest me ei vastuta. Antud momendil, mil need viited teistele lehek\u00fclgedele tehtud sai, ei ole olnud meil p\u00f5hjust nende turvalisuses kahelda.<\/p>\n<h3><strong>Kuidas lahendada vaidlusi?<\/strong><\/h3>\n<p>Sul on alati \u00f5igus p\u00f6\u00f6rduda isikuandmete kaitsega seotud k\u00fcsimustes\u00a0 nii meie poole kui ka Eesti Andmekaitse Inspektsiooni poole.<\/p>\n<p>Isikuandmete t\u00f6\u00f6tlemisega seotud vaidlused toimuvad l\u00e4bi meie klienditoe e-maili: <a href=\"mailto:info@helliston.eu\">info@helliston.eu<\/a>. J\u00e4relvalveasutus on Eesti Andmekaitse Inspektsioon (<a href=\"mailto:info@aki.ee\">info@aki.ee<\/a>).<\/p>\n\t\t<\/div>\n\t\t\t\t\t<\/div>\n\n\t\n<\/div>\n\t\t<\/div>\n\n\t\t\n<style>\n#section_412942779 {\n  padding-top: 30px;\n  padding-bottom: 30px;\n}\n<\/style>\n\t<\/section>\n\t\n","protected":false},"excerpt":{"rendered":"","protected":false},"author":1,"featured_media":0,"parent":0,"menu_order":0,"comment_status":"closed","ping_status":"closed","template":"page-blank.php","meta":{"footnotes":""},"class_list":["post-1323","page","type-page","status-publish","hentry"],"jetpack_sharing_enabled":true,"_links":{"self":[{"href":"https:\/\/helliston.eu\/et\/wp-json\/wp\/v2\/pages\/1323","targetHints":{"allow":["GET"]}}],"collection":[{"href":"https:\/\/helliston.eu\/et\/wp-json\/wp\/v2\/pages"}],"about":[{"href":"https:\/\/helliston.eu\/et\/wp-json\/wp\/v2\/types\/page"}],"author":[{"embeddable":true,"href":"https:\/\/helliston.eu\/et\/wp-json\/wp\/v2\/users\/1"}],"replies":[{"embeddable":true,"href":"https:\/\/helliston.eu\/et\/wp-json\/wp\/v2\/comments?post=1323"}],"version-history":[{"count":5,"href":"https:\/\/helliston.eu\/et\/wp-json\/wp\/v2\/pages\/1323\/revisions"}],"predecessor-version":[{"id":7172,"href":"https:\/\/helliston.eu\/et\/wp-json\/wp\/v2\/pages\/1323\/revisions\/7172"}],"wp:attachment":[{"href":"https:\/\/helliston.eu\/et\/wp-json\/wp\/v2\/media?parent=1323"}],"curies":[{"name":"wp","href":"https:\/\/api.w.org\/{rel}","templated":true}]}}