{"id":1314,"date":"2019-03-03T18:23:20","date_gmt":"2019-03-03T18:23:20","guid":{"rendered":"https:\/\/helliston.eu\/legal-information\/"},"modified":"2020-07-01T11:40:20","modified_gmt":"2020-07-01T11:40:20","slug":"firmast","status":"publish","type":"page","link":"https:\/\/helliston.eu\/et\/firmast\/","title":{"rendered":"Firmast"},"content":{"rendered":"\n\t<section class=\"section\" id=\"section_2019406382\">\n\t\t<div class=\"section-bg fill\" >\n\t\t\t\t\t\t\t\t\t\n\t\t\t\n\n\t\t<\/div>\n\n\t\t\n\n\t\t<div class=\"section-content relative\">\n\t\t\t\r\n\r\n<div class=\"row align-center\"  id=\"row-2108133349\">\r\n\r\n\n\t<div id=\"col-2006192613\" class=\"col medium-12 small-12 large-10\"  >\n\t\t\t\t<div class=\"col-inner text-left\"  >\n\t\t\t\n\t\t\t\r\n\r\n<div class=\"is-divider divider clearfix\" style=\"margin-top:3em;margin-bottom:3em;max-width:100%;background-color:rgb(9, 14, 29);\"><\/div>\r\n\r\n<div class=\"row row-collapse\"  id=\"row-686350426\">\r\n\r\n\n\t<div id=\"col-1623482836\" class=\"col medium-12 small-12 large-4\"  >\n\t\t\t\t<div class=\"col-inner\"  >\n\t\t\t\n\t\t\t\r\n\r\n\n\t\t<div class=\"icon-box featured-box icon-box-left text-left\"  style=\"margin:0px 0px 30px 0px;\">\n\t\t\t\t<div class=\"icon-box-text last-reset\">\n\t\t\t\t\t\t\t\t\t\r\n<h3>Informatsioon<\/h3>\r\n\t\t<\/div>\n\t<\/div>\n\t\n\t\r\n\r\n\t\t<\/div>\n\t\t\t\t\t<\/div>\n\n\t\r\n\n\t<div id=\"col-2084146588\" class=\"col medium-12 small-12 large-8\"  >\n\t\t\t\t<div class=\"col-inner text-left\"  >\n\t\t\t\n\t\t\t\r\n\r\n<div class=\"accordion\">\r\n\r\n\t<div id=\"accordion-3880718915\" class=\"accordion-item\">\n\t\t<a id=\"accordion-3880718915-label\" class=\"accordion-title plain\" href=\"#accordion-item-kontakt\" aria-expanded=\"false\" aria-controls=\"accordion-3880718915-content\">\n\t\t\t<button class=\"toggle\" aria-label=\"Toggle\"><i class=\"icon-angle-down\" aria-hidden=\"true\"><\/i><\/button>\n\t\t\t<span>Kontakt<\/span>\n\t\t<\/a>\n\t\t<div id=\"accordion-3880718915-content\" class=\"accordion-inner\" aria-labelledby=\"accordion-3880718915-label\">\n\t\t\t\r\n\r\n<strong>Esindaja: <\/strong>S.Haltsonen<strong>\r\nTel.:<\/strong> +372 53457161<strong>\r\nE-Mail: <\/strong>info@helliston.eu<strong>\r\n<\/strong>\r\n\r\n\t\t<\/div>\n\t<\/div>\n\t\r\n\t<div id=\"accordion-426620200\" class=\"accordion-item\">\n\t\t<a id=\"accordion-426620200-label\" class=\"accordion-title plain\" href=\"#accordion-item-posti--ja-jurdiiline-aadress\" aria-expanded=\"false\" aria-controls=\"accordion-426620200-content\">\n\t\t\t<button class=\"toggle\" aria-label=\"Toggle\"><i class=\"icon-angle-down\" aria-hidden=\"true\"><\/i><\/button>\n\t\t\t<span>Posti- ja jurdiiline aadress<\/span>\n\t\t<\/a>\n\t\t<div id=\"accordion-426620200-content\" class=\"accordion-inner\" aria-labelledby=\"accordion-426620200-label\">\n\t\t\t\r\n\r\nHelliston Nord O\u00fc\r\nPeetri 1B\r\n80029 P\u00e4rnu\r\nEesti\r\n\r\n\t\t<\/div>\n\t<\/div>\n\t\r\n\t<div id=\"accordion-3852250039\" class=\"accordion-item\">\n\t\t<a id=\"accordion-3852250039-label\" class=\"accordion-title plain\" href=\"#accordion-item-k\u00fclastusaadress-ja-ladu\" aria-expanded=\"false\" aria-controls=\"accordion-3852250039-content\">\n\t\t\t<button class=\"toggle\" aria-label=\"Toggle\"><i class=\"icon-angle-down\" aria-hidden=\"true\"><\/i><\/button>\n\t\t\t<span>K\u00fclastusaadress ja ladu<\/span>\n\t\t<\/a>\n\t\t<div id=\"accordion-3852250039-content\" class=\"accordion-inner\" aria-labelledby=\"accordion-3852250039-label\">\n\t\t\t\r\n<p style=\"text-align: left;\">Helliston Nord O\u00fc\r\nKakuami 6\r\n80031 P\u00e4rnu\r\nEesti<\/p>\r\n\t\t<\/div>\n\t<\/div>\n\t\r\n\t<div id=\"accordion-1445633755\" class=\"accordion-item\">\n\t\t<a id=\"accordion-1445633755-label\" class=\"accordion-title plain\" href=\"#accordion-item-kmkr-nr-ja-registrinr.\" aria-expanded=\"false\" aria-controls=\"accordion-1445633755-content\">\n\t\t\t<button class=\"toggle\" aria-label=\"Toggle\"><i class=\"icon-angle-down\" aria-hidden=\"true\"><\/i><\/button>\n\t\t\t<span>KMKR nr ja registrinr.<\/span>\n\t\t<\/a>\n\t\t<div id=\"accordion-1445633755-content\" class=\"accordion-inner\" aria-labelledby=\"accordion-1445633755-label\">\n\t\t\t\r\n\r\n<strong>KMKR nr: <\/strong>EE102262937<strong>\r\nRegistrinr: <\/strong>14984655\r\n\r\n\t\t<\/div>\n\t<\/div>\n\t\r\n\t<div id=\"accordion-467464405\" class=\"accordion-item\">\n\t\t<a id=\"accordion-467464405-label\" class=\"accordion-title plain\" href=\"#accordion-item-arveldusandmed\" aria-expanded=\"false\" aria-controls=\"accordion-467464405-content\">\n\t\t\t<button class=\"toggle\" aria-label=\"Toggle\"><i class=\"icon-angle-down\" aria-hidden=\"true\"><\/i><\/button>\n\t\t\t<span>Arveldusandmed<\/span>\n\t\t<\/a>\n\t\t<div id=\"accordion-467464405-content\" class=\"accordion-inner\" aria-labelledby=\"accordion-467464405-label\">\n\t\t\t\r\n\r\n<strong>LHV PANK\r\nIBAN: <\/strong>EE4877 0077 1005 0515 45<strong>\r\n<\/strong><strong>SWIFT\/BIC: <\/strong>LHVBEE22\r\n\r\n\t\t<\/div>\n\t<\/div>\n\t\r\n\r\n<\/div>\r\n\r\n\t\t<\/div>\n\t\t\t\t\t<\/div>\n\n\t\r\n\r\n<\/div>\r\n<div class=\"is-divider divider clearfix\" style=\"margin-top:3em;margin-bottom:3em;max-width:100%;background-color:rgb(9, 14, 29);\"><\/div>\r\n\r\n<div class=\"row row-collapse\"  id=\"row-1500258381\">\r\n\r\n\n\t<div id=\"col-958158628\" class=\"col medium-12 small-12 large-4\"  >\n\t\t\t\t<div class=\"col-inner\"  >\n\t\t\t\n\t\t\t\r\n\r\n\n\t\t<div class=\"icon-box featured-box icon-box-left text-left\"  style=\"margin:0px 0px 30px 0px;\">\n\t\t\t\t<div class=\"icon-box-text last-reset\">\n\t\t\t\t\t\t\t\t\t\r\n<h3>Autori\u00f5igused ja viited<\/h3>\r\n\t\t<\/div>\n\t<\/div>\n\t\n\t\r\n\r\n\t\t<\/div>\n\t\t\t\t\t<\/div>\n\n\t\r\n\n\t<div id=\"col-313163609\" class=\"col medium-12 small-12 large-8\"  >\n\t\t\t\t<div class=\"col-inner text-left\"  >\n\t\t\t\n\t\t\t\r\n\r\n<div class=\"accordion\">\r\n\r\n\t<div id=\"accordion-2478461837\" class=\"accordion-item\">\n\t\t<a id=\"accordion-2478461837-label\" class=\"accordion-title plain\" href=\"#accordion-item-veebilehe-autori\u00f5igused\" aria-expanded=\"false\" aria-controls=\"accordion-2478461837-content\">\n\t\t\t<button class=\"toggle\" aria-label=\"Toggle\"><i class=\"icon-angle-down\" aria-hidden=\"true\"><\/i><\/button>\n\t\t\t<span>Veebilehe autori\u00f5igused<\/span>\n\t\t<\/a>\n\t\t<div id=\"accordion-2478461837-content\" class=\"accordion-inner\" aria-labelledby=\"accordion-2478461837-label\">\n\t\t\t\r\n\r\nAntud veebilehe sisu ja logo, tootefotode ja -illustratsioonide \u00f5igused kuuluvad firmale Helliston O\u00fc &amp; Helliston Nord O\u00dc. Nende kopeerimine, t\u00f6\u00f6tlemine ja kasutamine ei ole ilma meie kirjaliku loata lubatud.\r\n\r\n\t\t<\/div>\n\t<\/div>\n\t\r\n\t<div id=\"accordion-3136986161\" class=\"accordion-item\">\n\t\t<a id=\"accordion-3136986161-label\" class=\"accordion-title plain\" href=\"#accordion-item-viited\" aria-expanded=\"false\" aria-controls=\"accordion-3136986161-content\">\n\t\t\t<button class=\"toggle\" aria-label=\"Toggle\"><i class=\"icon-angle-down\" aria-hidden=\"true\"><\/i><\/button>\n\t\t\t<span>Viited<\/span>\n\t\t<\/a>\n\t\t<div id=\"accordion-3136986161-content\" class=\"accordion-inner\" aria-labelledby=\"accordion-3136986161-label\">\n\t\t\t\r\n\r\nAntud veebilehel kasutatud ikoonid on teinud <a href=\"https:\/\/www.flaticon.com\/authors\/srip\" target=\"_blank\" rel=\"noopener noreferrer\">Srip<\/a> ja <a href=\"https:\/\/www.flaticon.com\/authors\/vectors-market\" target=\"_blank\" rel=\"noopener noreferrer\">Vectors Market<\/a> <a href=\"https:\/\/www.flaticon.com\" target=\"_blank\" rel=\"noopener noreferrer\">Flaticonist.<\/a>\r\n\r\n\t\t<\/div>\n\t<\/div>\n\t\r\n\r\n<\/div>\r\n\r\n\t\t<\/div>\n\t\t\t\t\t<\/div>\n\n\t\r\n\r\n<\/div>\r\n\t<div id=\"gap-360269749\" class=\"gap-element clearfix\" style=\"display:block; height:auto;\">\n\t\t\n<style>\n#gap-360269749 {\n  padding-top: 60px;\n}\n<\/style>\n\t<\/div>\n\t\r\n\r\n\t\t<\/div>\n\t\t\t\t\t<\/div>\n\n\t\r\n\r\n<\/div>\r\n\r\n\t\t<\/div>\n\n\t\t\n<style>\n#section_2019406382 {\n  padding-top: 60px;\n  padding-bottom: 60px;\n}\n<\/style>\n\t<\/section>\n\t\n","protected":false},"excerpt":{"rendered":"","protected":false},"author":1,"featured_media":0,"parent":0,"menu_order":0,"comment_status":"closed","ping_status":"closed","template":"page-blank.php","meta":{"footnotes":""},"class_list":["post-1314","page","type-page","status-publish","hentry"],"jetpack_sharing_enabled":true,"_links":{"self":[{"href":"https:\/\/helliston.eu\/et\/wp-json\/wp\/v2\/pages\/1314","targetHints":{"allow":["GET"]}}],"collection":[{"href":"https:\/\/helliston.eu\/et\/wp-json\/wp\/v2\/pages"}],"about":[{"href":"https:\/\/helliston.eu\/et\/wp-json\/wp\/v2\/types\/page"}],"author":[{"embeddable":true,"href":"https:\/\/helliston.eu\/et\/wp-json\/wp\/v2\/users\/1"}],"replies":[{"embeddable":true,"href":"https:\/\/helliston.eu\/et\/wp-json\/wp\/v2\/comments?post=1314"}],"version-history":[{"count":5,"href":"https:\/\/helliston.eu\/et\/wp-json\/wp\/v2\/pages\/1314\/revisions"}],"predecessor-version":[{"id":7115,"href":"https:\/\/helliston.eu\/et\/wp-json\/wp\/v2\/pages\/1314\/revisions\/7115"}],"wp:attachment":[{"href":"https:\/\/helliston.eu\/et\/wp-json\/wp\/v2\/media?parent=1314"}],"curies":[{"name":"wp","href":"https:\/\/api.w.org\/{rel}","templated":true}]}}