{"id":9555,"date":"2022-01-20T18:18:25","date_gmt":"2022-01-20T18:18:25","guid":{"rendered":"https:\/\/helliston.eu\/?post_type=product&#038;p=9555"},"modified":"2024-05-04T20:07:28","modified_gmt":"2024-05-04T20:07:28","slug":"hss-hobelmesser-fur-gude-gadh-254-typ-1-258x22x18mm-2-st","status":"publish","type":"product","link":"https:\/\/helliston.eu\/de\/produkt\/hss-hobelmesser-fur-gude-gadh-254-typ-1-258x22x18mm-2-st\/","title":{"rendered":"Hobelmesser f\u00fcr G\u00dcDE GADH 254 TYP 1, HSS, 258x22x1,8mm"},"content":{"rendered":"","protected":false},"excerpt":{"rendered":"<p>HSS Hobelmesser f\u00fcr Abricht- und Dickenhobel G\u00dcDE GADH 254 TYP 1, 258 x 22 x 1,8 mm. 2 St.\/Pack. Hergestellt aus langlebigem HSS Schnellarbeitsstahl (H\u00e4rte nach Rockwell: 63-64HRC). Die Hobelmesser sind nachsch\u00e4rfbar. Alle weiteren Informationen finden Sie unten.<\/p>\n<p><span style=\"color: #0000ff;\">Vor dem Kauf bitte \u00fcberpr\u00fcfen Sie, ob diese Hobelmesser zu Ihrem Hobel passen. Sie k\u00f6nnen zum Beispiel unsere Produktfotos mit Ihren alten Hobelmessern vergleichen. Es gibt n\u00e4mlich zwei Hobeltypen von G\u00dcDE GADH 254. Ein Hobeltyp bent\u00f6tigt die Hobelmesser 258x22x1,8mm mit 7 Befestigungsbohrungen (5 rund, 2 rechteckig), der andere Hobeltyp ben\u00f6tigt hingegen die Hobelmesser 261&#215;16,5&#215;1,5mm mit 2 Befestigungsbohrungen.<\/span><\/p>\n","protected":false},"featured_media":9189,"template":"","meta":[],"product_brand":[],"product_cat":[2188,927,818],"product_tag":[4326],"class_list":{"0":"post-9555","1":"product","2":"type-product","3":"status-publish","4":"has-post-thumbnail","6":"product_cat-fuer-abricht-dickenhobel-gude-gadh-254","7":"product_cat-hobelmesser-fuer-gude","8":"product_cat-hobelmesser-nach-marken","9":"product_tag-258x22-de","11":"first","12":"instock","13":"taxable","14":"shipping-taxable","15":"purchasable","16":"product-type-simple"},"jetpack_sharing_enabled":true,"_links":{"self":[{"href":"https:\/\/helliston.eu\/de\/wp-json\/wp\/v2\/product\/9555","targetHints":{"allow":["GET"]}}],"collection":[{"href":"https:\/\/helliston.eu\/de\/wp-json\/wp\/v2\/product"}],"about":[{"href":"https:\/\/helliston.eu\/de\/wp-json\/wp\/v2\/types\/product"}],"wp:featuredmedia":[{"embeddable":true,"href":"https:\/\/helliston.eu\/de\/wp-json\/wp\/v2\/media\/9189"}],"wp:attachment":[{"href":"https:\/\/helliston.eu\/de\/wp-json\/wp\/v2\/media?parent=9555"}],"wp:term":[{"taxonomy":"product_brand","embeddable":true,"href":"https:\/\/helliston.eu\/de\/wp-json\/wp\/v2\/product_brand?post=9555"},{"taxonomy":"product_cat","embeddable":true,"href":"https:\/\/helliston.eu\/de\/wp-json\/wp\/v2\/product_cat?post=9555"},{"taxonomy":"product_tag","embeddable":true,"href":"https:\/\/helliston.eu\/de\/wp-json\/wp\/v2\/product_tag?post=9555"}],"curies":[{"name":"wp","href":"https:\/\/api.w.org\/{rel}","templated":true}]}}