{"id":9446,"date":"2022-01-15T14:45:04","date_gmt":"2022-01-15T14:45:04","guid":{"rendered":"https:\/\/helliston.eu\/?post_type=product&#038;p=9446"},"modified":"2023-03-30T13:41:34","modified_gmt":"2023-03-30T13:41:34","slug":"hobelmesser-fuer-dewalt-dw733-de7330-typ-1-hss-317x25x3mm","status":"publish","type":"product","link":"https:\/\/helliston.eu\/de\/produkt\/hobelmesser-fuer-dewalt-dw733-de7330-typ-1-hss-317x25x3mm\/","title":{"rendered":"Hobelmesser f\u00fcr Dewalt DW733, DE7330 TYP 1, HSS, 317x25x3mm"},"content":{"rendered":"","protected":false},"excerpt":{"rendered":"<p>HSS Hobelmesser f\u00fcr Dickenhobel Dewalt DW733, DE7330, TYP 1, 317 x 25 x 3mm. 2 Hobelmesser\/Packung. Hergestellt aus langlebigem HSS-Schnellarbeitsstahl (H\u00e4rte nach Rockwell: 63-64 HRC). Die Hobelmesser sind nachsch\u00e4rfbar. Alle weiteren Informationen finden Sie unten.<\/p>\n<p><span style=\"color: #0000ff;\">Bitte pr\u00fcfen Sie vor der Bestellung die Produktfotos und Ihre alten Hobelmesser! Es gibt 2 Typen von Dewalt DW733 Hobelmaschinen. Ein Hobel ben\u00f6tigt die 317x25x3mm Hobelmesser (mit 8 L\u00f6chern), der andere Hobel ben\u00f6tigt 318x19x3mm Hobelmesser (mit 2 L\u00f6chern).<\/span><\/p>\n","protected":false},"featured_media":9456,"template":"","meta":[],"product_brand":[],"product_cat":[432,915,2173,280],"product_tag":[],"class_list":{"0":"post-9446","1":"product","2":"type-product","3":"status-publish","4":"has-post-thumbnail","6":"product_cat-317mm-fuer-hobel-triton-tpt125","7":"product_cat-hobelmesser-fuer-dewalt","8":"product_cat-fuer-abricht-dickenhobel-dewalt-dw733-dw7332-dw7330-dw733s-260-317-318mm","9":"product_cat-hobelmesser","11":"first","12":"instock","13":"taxable","14":"shipping-taxable","15":"purchasable","16":"product-type-simple"},"jetpack_sharing_enabled":true,"_links":{"self":[{"href":"https:\/\/helliston.eu\/de\/wp-json\/wp\/v2\/product\/9446","targetHints":{"allow":["GET"]}}],"collection":[{"href":"https:\/\/helliston.eu\/de\/wp-json\/wp\/v2\/product"}],"about":[{"href":"https:\/\/helliston.eu\/de\/wp-json\/wp\/v2\/types\/product"}],"wp:featuredmedia":[{"embeddable":true,"href":"https:\/\/helliston.eu\/de\/wp-json\/wp\/v2\/media\/9456"}],"wp:attachment":[{"href":"https:\/\/helliston.eu\/de\/wp-json\/wp\/v2\/media?parent=9446"}],"wp:term":[{"taxonomy":"product_brand","embeddable":true,"href":"https:\/\/helliston.eu\/de\/wp-json\/wp\/v2\/product_brand?post=9446"},{"taxonomy":"product_cat","embeddable":true,"href":"https:\/\/helliston.eu\/de\/wp-json\/wp\/v2\/product_cat?post=9446"},{"taxonomy":"product_tag","embeddable":true,"href":"https:\/\/helliston.eu\/de\/wp-json\/wp\/v2\/product_tag?post=9446"}],"curies":[{"name":"wp","href":"https:\/\/api.w.org\/{rel}","templated":true}]}}