{"id":9416,"date":"2022-01-05T16:28:33","date_gmt":"2022-01-05T16:28:34","guid":{"rendered":"https:\/\/helliston.eu\/?post_type=product&#038;p=9416"},"modified":"2023-04-01T15:49:28","modified_gmt":"2023-04-01T15:49:28","slug":"hobelmesser-fuer-cocraft-hp-318-hss-318x182x32mm","status":"publish","type":"product","link":"https:\/\/helliston.eu\/de\/produkt\/hobelmesser-fuer-cocraft-hp-318-hss-318x182x32mm\/","title":{"rendered":"Hobelmesser f\u00fcr Cocraft HP 318, HSS, 318\u00d718,2\u00d73,2mm"},"content":{"rendered":"","protected":false},"excerpt":{"rendered":"<p>HSS Hobelmesser f\u00fcr Dickenhobel Cocraft HP 318, 318 x 18,2 x 3,2 mm, WENDEMESSER. 2 Hobelmesser\/Packung. Hergestellt aus langlebigem HSS-Schnellarbeitsstahl (H\u00e4rte nach Rockwell: 63-64 HRC). Die Hobelmesser sind nachsch\u00e4rfbar. Alle weiteren Informationen finden Sie unten.<\/p>\n","protected":false},"featured_media":9426,"template":"","meta":[],"product_brand":[],"product_cat":[516,911,280,818,2168],"product_tag":[],"class_list":{"0":"post-9416","1":"product","2":"type-product","3":"status-publish","4":"has-post-thumbnail","6":"product_cat-318-mm-fuer-dewalt-dw733-dw7332-qs-ryobi-rap-1500g-etc","7":"product_cat-hobelmesser-fuer-cocraft","8":"product_cat-hobelmesser","9":"product_cat-hobelmesser-nach-marken","10":"product_cat-fuer-abricht-dickenhobel-cocraft-hp-318","12":"first","13":"instock","14":"taxable","15":"shipping-taxable","16":"purchasable","17":"product-type-simple"},"jetpack_sharing_enabled":true,"_links":{"self":[{"href":"https:\/\/helliston.eu\/de\/wp-json\/wp\/v2\/product\/9416","targetHints":{"allow":["GET"]}}],"collection":[{"href":"https:\/\/helliston.eu\/de\/wp-json\/wp\/v2\/product"}],"about":[{"href":"https:\/\/helliston.eu\/de\/wp-json\/wp\/v2\/types\/product"}],"wp:featuredmedia":[{"embeddable":true,"href":"https:\/\/helliston.eu\/de\/wp-json\/wp\/v2\/media\/9426"}],"wp:attachment":[{"href":"https:\/\/helliston.eu\/de\/wp-json\/wp\/v2\/media?parent=9416"}],"wp:term":[{"taxonomy":"product_brand","embeddable":true,"href":"https:\/\/helliston.eu\/de\/wp-json\/wp\/v2\/product_brand?post=9416"},{"taxonomy":"product_cat","embeddable":true,"href":"https:\/\/helliston.eu\/de\/wp-json\/wp\/v2\/product_cat?post=9416"},{"taxonomy":"product_tag","embeddable":true,"href":"https:\/\/helliston.eu\/de\/wp-json\/wp\/v2\/product_tag?post=9416"}],"curies":[{"name":"wp","href":"https:\/\/api.w.org\/{rel}","templated":true}]}}