{"id":9394,"date":"2022-01-05T16:07:03","date_gmt":"2022-01-05T16:07:04","guid":{"rendered":"https:\/\/helliston.eu\/?post_type=product&#038;p=9394"},"modified":"2023-04-01T15:51:07","modified_gmt":"2023-04-01T15:51:07","slug":"hobelmesser-fuer-jet-jwp-12-hss-318x182x32mm","status":"publish","type":"product","link":"https:\/\/helliston.eu\/de\/produkt\/hobelmesser-fuer-jet-jwp-12-hss-318x182x32mm\/","title":{"rendered":"Hobelmesser f\u00fcr JET JWP-12, HSS, 318\u00d718,2\u00d73,2mm"},"content":{"rendered":"","protected":false},"excerpt":{"rendered":"<p>HSS Hobelmesser f\u00fcr Dickenhobel JET JWP-12 318, 318 x 18,2 x 3,2 mm, WENDEMESSER. 2 Hobelmesser\/Packung. Hergestellt aus langlebigem HSS-Schnellarbeitsstahl (H\u00e4rte nach Rockwell: 63-64 HRC). Die Hobelmesser sind nachsch\u00e4rfbar. Alle weiteren Informationen finden Sie unten.<\/p>\n","protected":false},"featured_media":9404,"template":"","meta":[],"product_brand":[],"product_cat":[516,280,818,934,2199],"product_tag":[],"class_list":{"0":"post-9394","1":"product","2":"type-product","3":"status-publish","4":"has-post-thumbnail","6":"product_cat-318-mm-fuer-dewalt-dw733-dw7332-qs-ryobi-rap-1500g-etc","7":"product_cat-hobelmesser","8":"product_cat-hobelmesser-nach-marken","9":"product_cat-hobelmesser-fuer-jet","10":"product_cat-fuer-abricht-dickenhobel-jet-jwp-12-319mm","12":"first","13":"instock","14":"taxable","15":"shipping-taxable","16":"purchasable","17":"product-type-simple"},"jetpack_sharing_enabled":true,"_links":{"self":[{"href":"https:\/\/helliston.eu\/de\/wp-json\/wp\/v2\/product\/9394","targetHints":{"allow":["GET"]}}],"collection":[{"href":"https:\/\/helliston.eu\/de\/wp-json\/wp\/v2\/product"}],"about":[{"href":"https:\/\/helliston.eu\/de\/wp-json\/wp\/v2\/types\/product"}],"wp:featuredmedia":[{"embeddable":true,"href":"https:\/\/helliston.eu\/de\/wp-json\/wp\/v2\/media\/9404"}],"wp:attachment":[{"href":"https:\/\/helliston.eu\/de\/wp-json\/wp\/v2\/media?parent=9394"}],"wp:term":[{"taxonomy":"product_brand","embeddable":true,"href":"https:\/\/helliston.eu\/de\/wp-json\/wp\/v2\/product_brand?post=9394"},{"taxonomy":"product_cat","embeddable":true,"href":"https:\/\/helliston.eu\/de\/wp-json\/wp\/v2\/product_cat?post=9394"},{"taxonomy":"product_tag","embeddable":true,"href":"https:\/\/helliston.eu\/de\/wp-json\/wp\/v2\/product_tag?post=9394"}],"curies":[{"name":"wp","href":"https:\/\/api.w.org\/{rel}","templated":true}]}}