{"id":8555,"date":"2021-03-03T13:35:12","date_gmt":"2021-03-03T13:35:12","guid":{"rendered":"https:\/\/helliston.eu\/?post_type=product&#038;p=8555"},"modified":"2024-05-04T20:07:15","modified_gmt":"2024-05-04T20:07:15","slug":"hobelmesser-fuer-guede-gadh-254-p-typ-2-hss-261x165x15mm","status":"publish","type":"product","link":"https:\/\/helliston.eu\/de\/produkt\/hobelmesser-fuer-guede-gadh-254-p-typ-2-hss-261x165x15mm\/","title":{"rendered":"Hobelmesser f\u00fcr G\u00dcDE GADH 254\/P TYP 2, HSS, 261&#215;16,5&#215;1,5mm"},"content":{"rendered":"","protected":false},"excerpt":{"rendered":"<p>HSS-Hobelmesser f\u00fcr Abricht- und Dickenhobel G\u00dcDE GADH 254\/P TYP 2, 261 x 16,5 x 1,5 mm. 2 Hobelmesser\/ Verpackung. Hergestellt aus langlebigem HSS-Schnellarbeitsstahl (H\u00e4rte nach Rockwell: 63-64 HRC). Die Hobelmesser sind nachsch\u00e4rfbar. F\u00fcr weitere Informationen siehe unten.<\/p>\n<p><span style=\"color: #0000ff;\">Bitte pr\u00fcfen Sie vor der Bestellung die Produktfotos und Ihre alten Hobelmesser! Es gibt 2 Typen von G\u00dcDE GADH 254\/P Hobelmaschinen. Eine Hobelmaschine ben\u00f6tigt die 258x22x1,8mm Hobelmesser mit 7 L\u00f6chern (5 rund, 2 rechteckig), die andere Hobelmaschine ben\u00f6tigt 261\u00d716,5\u00d71,5mm Hobelmesser mit 2 L\u00f6chern.<\/span><\/p>\n","protected":false},"featured_media":12490,"template":"","meta":[],"product_brand":[],"product_cat":[2188,927,818],"product_tag":[],"class_list":{"0":"post-8555","1":"product","2":"type-product","3":"status-publish","4":"has-post-thumbnail","6":"product_cat-fuer-abricht-dickenhobel-gude-gadh-254","7":"product_cat-hobelmesser-fuer-gude","8":"product_cat-hobelmesser-nach-marken","10":"first","11":"instock","12":"sale","13":"taxable","14":"shipping-taxable","15":"purchasable","16":"product-type-simple"},"jetpack_sharing_enabled":true,"_links":{"self":[{"href":"https:\/\/helliston.eu\/de\/wp-json\/wp\/v2\/product\/8555","targetHints":{"allow":["GET"]}}],"collection":[{"href":"https:\/\/helliston.eu\/de\/wp-json\/wp\/v2\/product"}],"about":[{"href":"https:\/\/helliston.eu\/de\/wp-json\/wp\/v2\/types\/product"}],"wp:featuredmedia":[{"embeddable":true,"href":"https:\/\/helliston.eu\/de\/wp-json\/wp\/v2\/media\/12490"}],"wp:attachment":[{"href":"https:\/\/helliston.eu\/de\/wp-json\/wp\/v2\/media?parent=8555"}],"wp:term":[{"taxonomy":"product_brand","embeddable":true,"href":"https:\/\/helliston.eu\/de\/wp-json\/wp\/v2\/product_brand?post=8555"},{"taxonomy":"product_cat","embeddable":true,"href":"https:\/\/helliston.eu\/de\/wp-json\/wp\/v2\/product_cat?post=8555"},{"taxonomy":"product_tag","embeddable":true,"href":"https:\/\/helliston.eu\/de\/wp-json\/wp\/v2\/product_tag?post=8555"}],"curies":[{"name":"wp","href":"https:\/\/api.w.org\/{rel}","templated":true}]}}