{"id":8352,"date":"2021-01-02T16:51:39","date_gmt":"2021-01-02T16:51:40","guid":{"rendered":"https:\/\/helliston.eu\/?post_type=product&#038;p=8352"},"modified":"2022-01-26T20:01:34","modified_gmt":"2022-01-26T20:01:34","slug":"hss-hobelmesser-260mm-mit-2-einstellnuten-fuer-scheppach-hm0-hm1-hm2-hmt-2-st","status":"publish","type":"product","link":"https:\/\/helliston.eu\/de\/produkt\/hss-hobelmesser-260mm-mit-2-einstellnuten-fuer-scheppach-hm0-hm1-hm2-hmt-2-st\/","title":{"rendered":"HSS Hobelmesser 260mm mit 2 Einstellnuten f\u00fcr Scheppach HM0, HM1, HM2, HMT+, 2 St."},"content":{"rendered":"","protected":false},"excerpt":{"rendered":"<p><strong>HSS Hobelmesser 260mm f\u00fcr Scheppach HM0, HM1, HM2, HMT+, mit 2 Einstellnuten, 260x18x3mm.<\/strong>  2 St.\/Pack. Hergestellt aus langlebigem HSS Schnellarbeitsstahl (H\u00e4rte nach Rockwell: 63+HRC). Besonders geeignet f\u00fcr Weichholz, aber auch f\u00fcr Hartholz. Die Hobelmesser sind nachsch\u00e4rfbar. Alle weiteren Informationen finden Sie unten.<\/p>\n","protected":false},"featured_media":5999,"template":"","meta":[],"product_brand":[],"product_cat":[425,2225,2226,2227,2235,280,818,955],"product_tag":[],"class_list":{"0":"post-8352","1":"product","2":"type-product","3":"status-publish","4":"has-post-thumbnail","6":"product_cat-260mm-for-scheppach-hms260-metabo-elektra-beckum-hc260-hc260m-hc260c-hc260e-hc260es-hc260k-de","7":"product_cat-fuer-abricht-dickenhobel-scheppach-hm0-260mm","8":"product_cat-fuer-abricht-dickenhobel-scheppach-hm1-260mm","9":"product_cat-fuer-abricht-dickenhobel-scheppach-hm2-260mm","10":"product_cat-fuer-abricht-dickenhobel-scheppach-hmt-260-260mm","11":"product_cat-hobelmesser","12":"product_cat-hobelmesser-nach-marken","13":"product_cat-hobelmesser-fuer-scheppach","15":"first","16":"outofstock","17":"taxable","18":"shipping-taxable","19":"product-type-simple"},"jetpack_sharing_enabled":true,"_links":{"self":[{"href":"https:\/\/helliston.eu\/de\/wp-json\/wp\/v2\/product\/8352","targetHints":{"allow":["GET"]}}],"collection":[{"href":"https:\/\/helliston.eu\/de\/wp-json\/wp\/v2\/product"}],"about":[{"href":"https:\/\/helliston.eu\/de\/wp-json\/wp\/v2\/types\/product"}],"wp:featuredmedia":[{"embeddable":true,"href":"https:\/\/helliston.eu\/de\/wp-json\/wp\/v2\/media\/5999"}],"wp:attachment":[{"href":"https:\/\/helliston.eu\/de\/wp-json\/wp\/v2\/media?parent=8352"}],"wp:term":[{"taxonomy":"product_brand","embeddable":true,"href":"https:\/\/helliston.eu\/de\/wp-json\/wp\/v2\/product_brand?post=8352"},{"taxonomy":"product_cat","embeddable":true,"href":"https:\/\/helliston.eu\/de\/wp-json\/wp\/v2\/product_cat?post=8352"},{"taxonomy":"product_tag","embeddable":true,"href":"https:\/\/helliston.eu\/de\/wp-json\/wp\/v2\/product_tag?post=8352"}],"curies":[{"name":"wp","href":"https:\/\/api.w.org\/{rel}","templated":true}]}}