{"id":7882,"date":"2020-11-15T18:18:56","date_gmt":"2020-11-15T18:18:57","guid":{"rendered":"https:\/\/helliston.eu\/?post_type=product&#038;p=7882"},"modified":"2022-01-27T15:40:49","modified_gmt":"2022-01-27T15:40:49","slug":"hss-wolfram-18-hobelmesser-260x20x3mm-fur-metabo-hc-260-c-hc-260m-hc-260-k-mit-2-einstellnuten-2-st","status":"publish","type":"product","link":"https:\/\/helliston.eu\/de\/produkt\/hss-wolfram-18-hobelmesser-260x20x3mm-fur-metabo-hc-260-c-hc-260m-hc-260-k-mit-2-einstellnuten-2-st\/","title":{"rendered":"HSS Wolfram 18% Hobelmesser 260x20x3mm f\u00fcr Metabo HC 260 C, HC 260M, HC 260 K, mit 2 Einstellnuten, 2 St."},"content":{"rendered":"","protected":false},"excerpt":{"rendered":"<p><strong>T1 HSS W18% Hobelmesser 260mm f\u00fcr Metabo HC260C, HC260M, HC260K, 260x20x3 mit 2 EINSTELLNUTEN.<\/strong> 2 St.\/Pack. Hergestellt aus hochwertigem T1 HSS Wolfram 18% (H\u00e4rte nach Rockwell 63-65 HRC). Im Vergleich zu herk\u00f6mmlichen HSS sind die Hobelmesser aus T1 HSS W18% langlebiger &#8211; ausgezeichnete Wahl sowohl f\u00fcr Hartholz als auch f\u00fcr Weichholz. Alle weiteren Informationen finden Sie unten.<\/p>\n","protected":false},"featured_media":7429,"template":"","meta":[],"product_brand":[],"product_cat":[948,2206],"product_tag":[],"class_list":{"0":"post-7882","1":"product","2":"type-product","3":"status-publish","4":"has-post-thumbnail","6":"product_cat-hobelmesser-fuer-metabo","7":"product_cat-fuer-abricht-dickenhobel-hc260c-hc260m-hc260k-260-mm","9":"first","10":"outofstock","11":"taxable","12":"shipping-taxable","13":"purchasable","14":"product-type-simple"},"jetpack_sharing_enabled":true,"_links":{"self":[{"href":"https:\/\/helliston.eu\/de\/wp-json\/wp\/v2\/product\/7882","targetHints":{"allow":["GET"]}}],"collection":[{"href":"https:\/\/helliston.eu\/de\/wp-json\/wp\/v2\/product"}],"about":[{"href":"https:\/\/helliston.eu\/de\/wp-json\/wp\/v2\/types\/product"}],"wp:featuredmedia":[{"embeddable":true,"href":"https:\/\/helliston.eu\/de\/wp-json\/wp\/v2\/media\/7429"}],"wp:attachment":[{"href":"https:\/\/helliston.eu\/de\/wp-json\/wp\/v2\/media?parent=7882"}],"wp:term":[{"taxonomy":"product_brand","embeddable":true,"href":"https:\/\/helliston.eu\/de\/wp-json\/wp\/v2\/product_brand?post=7882"},{"taxonomy":"product_cat","embeddable":true,"href":"https:\/\/helliston.eu\/de\/wp-json\/wp\/v2\/product_cat?post=7882"},{"taxonomy":"product_tag","embeddable":true,"href":"https:\/\/helliston.eu\/de\/wp-json\/wp\/v2\/product_tag?post=7882"}],"curies":[{"name":"wp","href":"https:\/\/api.w.org\/{rel}","templated":true}]}}