{"id":6814,"date":"2020-01-05T19:55:21","date_gmt":"2020-01-05T19:55:21","guid":{"rendered":"https:\/\/helliston.eu\/product\/hm-carbide-scraper-insert-blade-for-sandvik-scraper-620-2525-25x25x2mm-4-edges-1-pc\/"},"modified":"2024-06-29T20:29:35","modified_gmt":"2024-06-29T20:29:35","slug":"hartmetall-schaberplatte-fuer-sandvik-620-25-flachschaber-620-2520-620-2525-620-2530","status":"publish","type":"product","link":"https:\/\/helliston.eu\/de\/produkt\/hartmetall-schaberplatte-fuer-sandvik-620-25-flachschaber-620-2520-620-2525-620-2530\/","title":{"rendered":"Schaberplatte f\u00fcr Sandvik 620-25 Flachschaber (620-2520, 620-2525, 620-2530)"},"content":{"rendered":"","protected":false},"excerpt":{"rendered":"<p>Vollhartmetall-Schaberplatte\/Ersatzklinge f\u00fcr Flachschaber Sandvik 620-25 (620-2520, 620-2525, 620-2530) oder \u00e4hnliche Modelle wie Biax oder Rennsteig. Diese Ersatzklingen f\u00fcr Flachschaber sind in folgenden Abmessungen erh\u00e4ltlich: 20x25x2mm, 25x25x2mm und 30x25x2mm. Schaberplatten sind aus hochwertigem Feinkorn-Hartmetall\/ Wolframkarbid hergestellt und sind auf der Rockwell-Skala auf 93+ HRA geh\u00e4rtet. Die Schneideplatten haben vier Schneidkanten mit einem Winkel von 3\u00b0. Vor dem Kauf bitte die Zeichnung \u00fcberpr\u00fcfen und auf die Winkel achten!<\/p>\n<p>Weitere Informationen siehe unten.<\/p>\n<p><span data-text-color=\"primary\"><strong>Mengenrabatte gelten f\u00fcr alle in einer Bestellung zusammen gekauften Flachschaberklingen, unabh\u00e4ngig von der Gr\u00f6\u00dfe.<\/strong><\/span><\/p>\n","protected":false},"featured_media":25129,"template":"","meta":[],"product_brand":[],"product_cat":[443],"product_tag":[],"class_list":{"0":"post-6814","1":"product","2":"type-product","3":"status-publish","4":"has-post-thumbnail","6":"product_cat-schaberplatten-fuer-sandvik-flachschaber-620-2020-2025-2030-rennsteig-460-465-forum-hazet-etc","8":"first","9":"instock","10":"taxable","11":"shipping-taxable","12":"purchasable","13":"product-type-variable"},"jetpack_sharing_enabled":true,"_links":{"self":[{"href":"https:\/\/helliston.eu\/de\/wp-json\/wp\/v2\/product\/6814","targetHints":{"allow":["GET"]}}],"collection":[{"href":"https:\/\/helliston.eu\/de\/wp-json\/wp\/v2\/product"}],"about":[{"href":"https:\/\/helliston.eu\/de\/wp-json\/wp\/v2\/types\/product"}],"wp:featuredmedia":[{"embeddable":true,"href":"https:\/\/helliston.eu\/de\/wp-json\/wp\/v2\/media\/25129"}],"wp:attachment":[{"href":"https:\/\/helliston.eu\/de\/wp-json\/wp\/v2\/media?parent=6814"}],"wp:term":[{"taxonomy":"product_brand","embeddable":true,"href":"https:\/\/helliston.eu\/de\/wp-json\/wp\/v2\/product_brand?post=6814"},{"taxonomy":"product_cat","embeddable":true,"href":"https:\/\/helliston.eu\/de\/wp-json\/wp\/v2\/product_cat?post=6814"},{"taxonomy":"product_tag","embeddable":true,"href":"https:\/\/helliston.eu\/de\/wp-json\/wp\/v2\/product_tag?post=6814"}],"curies":[{"name":"wp","href":"https:\/\/api.w.org\/{rel}","templated":true}]}}