{"id":25669,"date":"2024-07-08T16:52:43","date_gmt":"2024-07-08T17:22:46","guid":{"rendered":"https:\/\/helliston.eu\/?post_type=product&#038;p=25669"},"modified":"2024-07-08T17:27:23","modified_gmt":"2024-07-08T17:27:23","slug":"hartmetall-ersatzklingen-fuer-lackfraeser-metabo-metabo-lf-724-s-lf-714-s-lf-850-s","status":"publish","type":"product","link":"https:\/\/helliston.eu\/de\/produkt\/hartmetall-ersatzklingen-fuer-lackfraeser-metabo-metabo-lf-724-s-lf-714-s-lf-850-s\/","title":{"rendered":"10 Hartmetall-Ersatzklingen f\u00fcr Lackfr\u00e4ser Metabo Metabo LF 724 S, LF 714 S, LF 850 S"},"content":{"rendered":"","protected":false},"excerpt":{"rendered":"<p>Hartmetallklingen 14x14x2,0 mm f\u00fcr Lackfr\u00e4se Metabo LF724S, LF714S, LF850S. 10 St\u00fcck\/Packung. Hergestellt aus sehr feinem Hartmetall mit einer Rockwell-H\u00e4rte von 93,6 HRA. Diese Ersatzklingen f\u00fcr Metabo LF-724-S\/LF-714-S, LF-850-S sind extrem langlebig und leistungsstark. Die vier Schneidkanten, gesch\u00e4rft auf Ra0.2, gew\u00e4hrleisten optimale Sch\u00e4rfe und eine perfekte Oberfl\u00e4chenqualit\u00e4t bei jeder Anwendung.<\/p>\n","protected":false},"featured_media":25548,"template":"","meta":[],"product_brand":[],"product_cat":[279],"product_tag":[],"class_list":{"0":"post-25669","1":"product","2":"type-product","3":"status-publish","4":"has-post-thumbnail","6":"product_cat-farbschaberklingen","8":"first","9":"instock","10":"taxable","11":"shipping-taxable","12":"purchasable","13":"product-type-simple"},"jetpack_sharing_enabled":true,"_links":{"self":[{"href":"https:\/\/helliston.eu\/de\/wp-json\/wp\/v2\/product\/25669","targetHints":{"allow":["GET"]}}],"collection":[{"href":"https:\/\/helliston.eu\/de\/wp-json\/wp\/v2\/product"}],"about":[{"href":"https:\/\/helliston.eu\/de\/wp-json\/wp\/v2\/types\/product"}],"wp:featuredmedia":[{"embeddable":true,"href":"https:\/\/helliston.eu\/de\/wp-json\/wp\/v2\/media\/25548"}],"wp:attachment":[{"href":"https:\/\/helliston.eu\/de\/wp-json\/wp\/v2\/media?parent=25669"}],"wp:term":[{"taxonomy":"product_brand","embeddable":true,"href":"https:\/\/helliston.eu\/de\/wp-json\/wp\/v2\/product_brand?post=25669"},{"taxonomy":"product_cat","embeddable":true,"href":"https:\/\/helliston.eu\/de\/wp-json\/wp\/v2\/product_cat?post=25669"},{"taxonomy":"product_tag","embeddable":true,"href":"https:\/\/helliston.eu\/de\/wp-json\/wp\/v2\/product_tag?post=25669"}],"curies":[{"name":"wp","href":"https:\/\/api.w.org\/{rel}","templated":true}]}}