{"id":25012,"date":"2024-05-03T19:44:28","date_gmt":"2024-05-04T14:54:50","guid":{"rendered":"https:\/\/helliston.eu\/product\/ersatz-klinge-messer-fur-habo-farbschaber-25mm-50mm-65mm-hartmetall-wolframkarbid\/"},"modified":"2024-05-04T14:54:50","modified_gmt":"2024-05-04T14:54:50","slug":"ersatz-klinge-messer-fur-habo-farbschaber-25mm-50mm-65mm-hartmetall-wolframkarbid","status":"publish","type":"product","link":"https:\/\/helliston.eu\/de\/produkt\/ersatz-klinge-messer-fur-habo-farbschaber-25mm-50mm-65mm-hartmetall-wolframkarbid\/","title":{"rendered":"Wolframcarbid Ersatzklingen f\u00fcr Farbschaber Habo 25mm, 50mm, 65mm"},"content":{"rendered":"","protected":false},"excerpt":{"rendered":"<p>Hartmetall-Ersatzklingen f\u00fcr Farbschaber Habo 25-mm, 50-mm, 65-mm. Hergestellt aus hochwertigem Mikrokorn-Wolframkarbid. Die Ersatzmesser sind \u00e4u\u00dferst scharf und ideal zum Entfernen von Antifouling, Farbe, Rost und Lack geeignet Das Hartmetall gew\u00e4hrleistet eine hohe Haltbarkeit, auch bei anspruchsvollen Projekten.<\/p>\n","protected":false},"featured_media":24962,"template":"","meta":[],"product_brand":[],"product_cat":[279,3658],"product_tag":[],"class_list":{"0":"post-25012","1":"product","2":"type-product","3":"status-publish","4":"has-post-thumbnail","6":"product_cat-farbschaberklingen","7":"product_cat-ersatz-hartmetallklingen-fuer-farbschaber-farbkratzer-habo","9":"first","10":"instock","11":"taxable","12":"shipping-taxable","13":"purchasable","14":"product-type-variable"},"jetpack_sharing_enabled":true,"_links":{"self":[{"href":"https:\/\/helliston.eu\/de\/wp-json\/wp\/v2\/product\/25012","targetHints":{"allow":["GET"]}}],"collection":[{"href":"https:\/\/helliston.eu\/de\/wp-json\/wp\/v2\/product"}],"about":[{"href":"https:\/\/helliston.eu\/de\/wp-json\/wp\/v2\/types\/product"}],"wp:featuredmedia":[{"embeddable":true,"href":"https:\/\/helliston.eu\/de\/wp-json\/wp\/v2\/media\/24962"}],"wp:attachment":[{"href":"https:\/\/helliston.eu\/de\/wp-json\/wp\/v2\/media?parent=25012"}],"wp:term":[{"taxonomy":"product_brand","embeddable":true,"href":"https:\/\/helliston.eu\/de\/wp-json\/wp\/v2\/product_brand?post=25012"},{"taxonomy":"product_cat","embeddable":true,"href":"https:\/\/helliston.eu\/de\/wp-json\/wp\/v2\/product_cat?post=25012"},{"taxonomy":"product_tag","embeddable":true,"href":"https:\/\/helliston.eu\/de\/wp-json\/wp\/v2\/product_tag?post=25012"}],"curies":[{"name":"wp","href":"https:\/\/api.w.org\/{rel}","templated":true}]}}