{"id":25006,"date":"2024-05-03T14:35:02","date_gmt":"2024-05-04T14:52:01","guid":{"rendered":"https:\/\/helliston.eu\/product\/ersatz-klingen-messer-fuer-anza-farbschaber-kratzer-hartmetall-wolframcarbid\/"},"modified":"2024-05-04T14:52:01","modified_gmt":"2024-05-04T14:52:01","slug":"ersatz-klingen-messer-fuer-anza-farbschaber-kratzer-hartmetall-wolframcarbid","status":"publish","type":"product","link":"https:\/\/helliston.eu\/de\/produkt\/ersatz-klingen-messer-fuer-anza-farbschaber-kratzer-hartmetall-wolframcarbid\/","title":{"rendered":"Wolframcarbid Ersatzklingen f\u00fcr Farbschaber Anza, Hatmetall"},"content":{"rendered":"","protected":false},"excerpt":{"rendered":"<p>Hartmetall-Ersatzklingen f\u00fcr Farbschaber Anza. Hergestellt aus hochwertigem Mikrokorn-Wolframkarbid. Die Ersatzmesser sind \u00e4u\u00dferst scharf und ideal zum Entfernen von Antifouling, Farbe, Rost und Lack geeignet Das Hartmetall gew\u00e4hrleistet eine hohe Haltbarkeit, auch bei anspruchsvollen Projekten. In unserem Angebot finden Sie: 50 mm, 25 mm (dreieckig), birnenf\u00f6rmige, tropfenf\u00f6rmige und runde Klingen. 50mm Ersatzklingen sind umkehrbar und k\u00f6nnen auf beiden Seiten verwendet werden<\/p>\n<p><strong>Bitte beachten Sie, dass 50mm Hartmetallklingen:<\/strong><\/p>\n<ul>\n<li><strong>werden paarweise verkauft, d.h. eine Packung enth\u00e4lt 2 Ersatzklingen!<\/strong><\/li>\n<li><strong>sind f\u00fcr zweih\u00e4ndige Anza Farbschaber und f\u00fcr Farbschaber mit Hammerkopf!<\/strong><\/li>\n<\/ul>\n","protected":false},"featured_media":24859,"template":"","meta":[],"product_brand":[],"product_cat":[3655,279],"product_tag":[],"class_list":{"0":"post-25006","1":"product","2":"type-product","3":"status-publish","4":"has-post-thumbnail","6":"product_cat-ersatz-hartmetallklingen-fuer-farbschaber-farbkratzer-anza","7":"product_cat-farbschaberklingen","9":"first","10":"instock","11":"taxable","12":"shipping-taxable","13":"purchasable","14":"product-type-variable"},"jetpack_sharing_enabled":true,"_links":{"self":[{"href":"https:\/\/helliston.eu\/de\/wp-json\/wp\/v2\/product\/25006","targetHints":{"allow":["GET"]}}],"collection":[{"href":"https:\/\/helliston.eu\/de\/wp-json\/wp\/v2\/product"}],"about":[{"href":"https:\/\/helliston.eu\/de\/wp-json\/wp\/v2\/types\/product"}],"wp:featuredmedia":[{"embeddable":true,"href":"https:\/\/helliston.eu\/de\/wp-json\/wp\/v2\/media\/24859"}],"wp:attachment":[{"href":"https:\/\/helliston.eu\/de\/wp-json\/wp\/v2\/media?parent=25006"}],"wp:term":[{"taxonomy":"product_brand","embeddable":true,"href":"https:\/\/helliston.eu\/de\/wp-json\/wp\/v2\/product_brand?post=25006"},{"taxonomy":"product_cat","embeddable":true,"href":"https:\/\/helliston.eu\/de\/wp-json\/wp\/v2\/product_cat?post=25006"},{"taxonomy":"product_tag","embeddable":true,"href":"https:\/\/helliston.eu\/de\/wp-json\/wp\/v2\/product_tag?post=25006"}],"curies":[{"name":"wp","href":"https:\/\/api.w.org\/{rel}","templated":true}]}}