{"id":24980,"date":"2024-05-03T14:15:04","date_gmt":"2024-05-04T09:51:18","guid":{"rendered":"https:\/\/helliston.eu\/product\/fur-gelplane-vacuum-vakuum-pro-scraper-schaber-hartmetall-wolframcarbid-ersatz-messer-klinge\/"},"modified":"2024-05-04T15:00:45","modified_gmt":"2024-05-04T15:00:45","slug":"fur-gelplane-vacuum-vakuum-pro-scraper-schaber-hartmetall-wolframcarbid-ersatz-messer-klinge","status":"publish","type":"product","link":"https:\/\/helliston.eu\/de\/produkt\/fur-gelplane-vacuum-vakuum-pro-scraper-schaber-hartmetall-wolframcarbid-ersatz-messer-klinge\/","title":{"rendered":"Wolframcarbid Ersatzklingen f\u00fcr Schaber Gelplane Vakuum Pro Scraper, Hartmetall"},"content":{"rendered":"","protected":false},"excerpt":{"rendered":"<p>Hartmetall-Ersatzklingen f\u00fcr Schaber Gelplane Vakuum Pro Scraper. Hergestellt aus hochwertigem Mikrokorn-Wolframkarbid. Die Ersatzmesser sind \u00e4u\u00dferst scharf und ideal zum Entfernen von Antifouling, Farbe, Rost und Lack geeignet. Das Hartmetall gew\u00e4hrleistet eine hohe Haltbarkeit, auch bei anspruchsvollen Projekten. Dar\u00fcber hinaus handelt es sich um Wendemesser, die also auf beiden Seiten verwendbar sind.<\/p>\n<p><strong>Bitte beachten Sie, dass die Ersatzklingen f\u00fcr den Schaber Gelplane <\/strong><strong style=\"color: #333333;\">paarweise verkauft werden, d.h. eine Packung enth\u00e4lt 2 Ersatzklingen!<\/strong><\/p>\n","protected":false},"featured_media":24823,"template":"","meta":[],"product_brand":[],"product_cat":[279,3657],"product_tag":[],"class_list":{"0":"post-24980","1":"product","2":"type-product","3":"status-publish","4":"has-post-thumbnail","6":"product_cat-farbschaberklingen","7":"product_cat-ersatz-hartmetallklingen-fuer-farbschaber-farbkratzer-gelplane-proscraper-vacuum","9":"first","10":"instock","11":"taxable","12":"shipping-taxable","13":"purchasable","14":"product-type-simple"},"jetpack_sharing_enabled":true,"_links":{"self":[{"href":"https:\/\/helliston.eu\/de\/wp-json\/wp\/v2\/product\/24980","targetHints":{"allow":["GET"]}}],"collection":[{"href":"https:\/\/helliston.eu\/de\/wp-json\/wp\/v2\/product"}],"about":[{"href":"https:\/\/helliston.eu\/de\/wp-json\/wp\/v2\/types\/product"}],"wp:featuredmedia":[{"embeddable":true,"href":"https:\/\/helliston.eu\/de\/wp-json\/wp\/v2\/media\/24823"}],"wp:attachment":[{"href":"https:\/\/helliston.eu\/de\/wp-json\/wp\/v2\/media?parent=24980"}],"wp:term":[{"taxonomy":"product_brand","embeddable":true,"href":"https:\/\/helliston.eu\/de\/wp-json\/wp\/v2\/product_brand?post=24980"},{"taxonomy":"product_cat","embeddable":true,"href":"https:\/\/helliston.eu\/de\/wp-json\/wp\/v2\/product_cat?post=24980"},{"taxonomy":"product_tag","embeddable":true,"href":"https:\/\/helliston.eu\/de\/wp-json\/wp\/v2\/product_tag?post=24980"}],"curies":[{"name":"wp","href":"https:\/\/api.w.org\/{rel}","templated":true}]}}