{"id":21268,"date":"2023-04-04T14:20:40","date_gmt":"2023-04-04T19:46:00","guid":{"rendered":"https:\/\/helliston.eu\/product\/ersatzklingen-fuer-bahco-ergo-625-650-665-farbschaber\/"},"modified":"2023-04-06T19:46:52","modified_gmt":"2023-04-06T19:46:52","slug":"ersatzklinge-fuer-bahco-ergo-625-650-665-sandvik-farbschaber-wolframkarbid-hartmetall","status":"publish","type":"product","link":"https:\/\/helliston.eu\/de\/produkt\/ersatzklinge-fuer-bahco-ergo-625-650-665-sandvik-farbschaber-wolframkarbid-hartmetall\/","title":{"rendered":"Ersatzklingen f\u00fcr Bahco Ergo 625, 650, 665 Farbschaber"},"content":{"rendered":"","protected":false},"excerpt":{"rendered":"<p>Hartmetallklingen f\u00fcr Farbschaber Bahco Ergo 625, 650, 665, Sandvik: dreieckig 25mm, 50mm, 65mm, tropfenf\u00f6rmig (DROP), rund (ROUND) und birnenf\u00f6rmig (PEAR). Hergestellt aus hochwertigem Mikrokorn-Wolframkarbid. Die Ersatzklingen bleiben etwa 50 Mal l\u00e4nger scharf als herk\u00f6mmliche Farbschaberklingen. Sehr gut geeignet f\u00fcr Antifouling, Entfernen von Farbe und Lack von verschiedenen Materialien wie Holz, Beton und Metall.<\/p>\n<p>***Unsere eigene Marke. Die Klingen sind keine billige Alternative zu den Originalklingen. Sie wurden nach unseren Bed\u00fcrfnissen in unserer Restaurierungswerkstatt f\u00fcr alte Holzfenster und T\u00fcren entwickelt. Wir k\u00f6nnen garantieren, dass die Klingen scharf sind und lange halten.***<\/p>\n","protected":false},"featured_media":24937,"template":"","meta":[],"product_brand":[],"product_cat":[3376,279],"product_tag":[],"class_list":{"0":"post-21268","1":"product","2":"type-product","3":"status-publish","4":"has-post-thumbnail","6":"product_cat-fuer-farbschaber-bahco-ergo-650-665-625","7":"product_cat-farbschaberklingen","9":"first","10":"instock","11":"taxable","12":"shipping-taxable","13":"purchasable","14":"product-type-variable"},"jetpack_sharing_enabled":true,"_links":{"self":[{"href":"https:\/\/helliston.eu\/de\/wp-json\/wp\/v2\/product\/21268","targetHints":{"allow":["GET"]}}],"collection":[{"href":"https:\/\/helliston.eu\/de\/wp-json\/wp\/v2\/product"}],"about":[{"href":"https:\/\/helliston.eu\/de\/wp-json\/wp\/v2\/types\/product"}],"wp:featuredmedia":[{"embeddable":true,"href":"https:\/\/helliston.eu\/de\/wp-json\/wp\/v2\/media\/24937"}],"wp:attachment":[{"href":"https:\/\/helliston.eu\/de\/wp-json\/wp\/v2\/media?parent=21268"}],"wp:term":[{"taxonomy":"product_brand","embeddable":true,"href":"https:\/\/helliston.eu\/de\/wp-json\/wp\/v2\/product_brand?post=21268"},{"taxonomy":"product_cat","embeddable":true,"href":"https:\/\/helliston.eu\/de\/wp-json\/wp\/v2\/product_cat?post=21268"},{"taxonomy":"product_tag","embeddable":true,"href":"https:\/\/helliston.eu\/de\/wp-json\/wp\/v2\/product_tag?post=21268"}],"curies":[{"name":"wp","href":"https:\/\/api.w.org\/{rel}","templated":true}]}}