{"id":20492,"date":"2023-04-02T17:48:04","date_gmt":"2023-04-02T18:17:37","guid":{"rendered":"https:\/\/helliston.eu\/product\/nachschaerfbare-hobelmesser-82-x-29-x-3mm-fuer-makita-bosch-ryobi-skil-dewalt-etc\/"},"modified":"2023-04-02T18:30:15","modified_gmt":"2023-04-02T18:30:15","slug":"hm-hw-tct-hss-nachschaerfbare-hobelmesser-82-x-29-x-3mm-fuer-makita-bosch-ryobi-skil-dewalt-etc","status":"publish","type":"product","link":"https:\/\/www.helliston.eu\/de\/produkt\/hm-hw-tct-hss-nachschaerfbare-hobelmesser-82-x-29-x-3mm-fuer-makita-bosch-ryobi-skil-dewalt-etc\/","title":{"rendered":"Nachsch\u00e4rfbare Hobelmesser 82 x 29 x 3mm f\u00fcr Makita, Bosch, Ryobi, Skil, Dewalt etc."},"content":{"rendered":"","protected":false},"excerpt":{"rendered":"<p>Hobelmesser f\u00fcr verschiedene Hobelmaschinen wie Makita, Bosch, Ryobi, Skil, Dewalt usw. 82 x 29 x 1,1mm. NACHSCHLEIFBAR. 1 Satz = 2 Hobelmesser.<\/p>\n<ul>\n<li>HSS = f\u00fcr Weichholz, glattere Oberfl\u00e4che und sch\u00e4rfer als TCT-Wendemesser<\/li>\n<li>TCT = f\u00fcr Weich- und Hartholz und h\u00e4lt bis zu 5-mal l\u00e4nger als herk\u00f6mmliche HSS-Hobelmesser<\/li>\n<\/ul>\n<p>Alle weiteren Informationen finden Sie unten.<\/p>\n","protected":false},"featured_media":20285,"template":"","meta":[],"product_brand":[],"product_cat":[205,280],"product_tag":[],"class_list":{"0":"post-20492","1":"product","2":"type-product","3":"status-publish","4":"has-post-thumbnail","6":"product_cat-82mm-makita-1100-1100n-n1900b-1902-n1923b-1923h-aeg-bosch-hitachi-makita-mafell-metabo-skil-de","7":"product_cat-hobelmesser","9":"first","10":"instock","11":"taxable","12":"shipping-taxable","13":"purchasable","14":"product-type-variable"},"jetpack_sharing_enabled":true,"_links":{"self":[{"href":"https:\/\/www.helliston.eu\/de\/wp-json\/wp\/v2\/product\/20492","targetHints":{"allow":["GET"]}}],"collection":[{"href":"https:\/\/www.helliston.eu\/de\/wp-json\/wp\/v2\/product"}],"about":[{"href":"https:\/\/www.helliston.eu\/de\/wp-json\/wp\/v2\/types\/product"}],"wp:featuredmedia":[{"embeddable":true,"href":"https:\/\/www.helliston.eu\/de\/wp-json\/wp\/v2\/media\/20285"}],"wp:attachment":[{"href":"https:\/\/www.helliston.eu\/de\/wp-json\/wp\/v2\/media?parent=20492"}],"wp:term":[{"taxonomy":"product_brand","embeddable":true,"href":"https:\/\/www.helliston.eu\/de\/wp-json\/wp\/v2\/product_brand?post=20492"},{"taxonomy":"product_cat","embeddable":true,"href":"https:\/\/www.helliston.eu\/de\/wp-json\/wp\/v2\/product_cat?post=20492"},{"taxonomy":"product_tag","embeddable":true,"href":"https:\/\/www.helliston.eu\/de\/wp-json\/wp\/v2\/product_tag?post=20492"}],"curies":[{"name":"wp","href":"https:\/\/api.w.org\/{rel}","templated":true}]}}