{"id":20468,"date":"2023-04-02T17:25:29","date_gmt":"2023-04-02T18:17:05","guid":{"rendered":"https:\/\/helliston.eu\/product\/hobelmesser-fuer-makita-kp0810-kp0810c-kp0810cj-82-x-29-x-3mm\/"},"modified":"2023-04-02T18:30:23","modified_gmt":"2023-04-02T18:30:23","slug":"hm-hw-tct-hss-hobelmesser-fuer-makita-kp0810-kp0810c-kp0810cj-82-x-29-x-3mm","status":"publish","type":"product","link":"https:\/\/helliston.eu\/de\/produkt\/hm-hw-tct-hss-hobelmesser-fuer-makita-kp0810-kp0810c-kp0810cj-82-x-29-x-3mm\/","title":{"rendered":"Hobelmesser f\u00fcr Makita KP0810, KP0810C, KP0810CJ, 82 x 29 x 3mm"},"content":{"rendered":"","protected":false},"excerpt":{"rendered":"<p>Hobelmesser f\u00fcr Makita KP0810, KP0810C, KP0810CJ, 82 x 29 x 1,1mm. NACHSCHLEIFBAR. 1 Satz = 2 Hobelmesser.<\/p>\n<ul>\n<li>HSS = f\u00fcr Weichholz, glattere Oberfl\u00e4che und sch\u00e4rfer als TCT-Wendemesser<\/li>\n<li>TCT = f\u00fcr Weich- und Hartholz und h\u00e4lt bis zu 5-mal l\u00e4nger als herk\u00f6mmliche HSS-Hobelmesser<\/li>\n<\/ul>\n<p>Alle weiteren Informationen finden Sie unten.<\/p>\n","protected":false},"featured_media":20053,"template":"","meta":[],"product_brand":[],"product_cat":[818,2345,2110,2111,2346,942],"product_tag":[],"class_list":{"0":"post-20468","1":"product","2":"type-product","3":"status-publish","4":"has-post-thumbnail","6":"product_cat-hobelmesser-nach-marken","7":"product_cat-fuer-makita-kp","8":"product_cat-fuer-hobel-makita-kp0810","9":"product_cat-fuer-hobel-makita-kp0810c","10":"product_cat-fuer-hobel-makita-kp0810cj","11":"product_cat-hobelmesser-fuer-makita","13":"first","14":"instock","15":"taxable","16":"shipping-taxable","17":"purchasable","18":"product-type-variable"},"jetpack_sharing_enabled":true,"_links":{"self":[{"href":"https:\/\/helliston.eu\/de\/wp-json\/wp\/v2\/product\/20468","targetHints":{"allow":["GET"]}}],"collection":[{"href":"https:\/\/helliston.eu\/de\/wp-json\/wp\/v2\/product"}],"about":[{"href":"https:\/\/helliston.eu\/de\/wp-json\/wp\/v2\/types\/product"}],"wp:featuredmedia":[{"embeddable":true,"href":"https:\/\/helliston.eu\/de\/wp-json\/wp\/v2\/media\/20053"}],"wp:attachment":[{"href":"https:\/\/helliston.eu\/de\/wp-json\/wp\/v2\/media?parent=20468"}],"wp:term":[{"taxonomy":"product_brand","embeddable":true,"href":"https:\/\/helliston.eu\/de\/wp-json\/wp\/v2\/product_brand?post=20468"},{"taxonomy":"product_cat","embeddable":true,"href":"https:\/\/helliston.eu\/de\/wp-json\/wp\/v2\/product_cat?post=20468"},{"taxonomy":"product_tag","embeddable":true,"href":"https:\/\/helliston.eu\/de\/wp-json\/wp\/v2\/product_tag?post=20468"}],"curies":[{"name":"wp","href":"https:\/\/api.w.org\/{rel}","templated":true}]}}