{"id":18523,"date":"2023-04-02T09:42:51","date_gmt":"2023-04-02T09:42:52","guid":{"rendered":"https:\/\/helliston.eu\/?post_type=product&#038;p=18523"},"modified":"2023-04-02T10:45:09","modified_gmt":"2023-04-02T10:45:09","slug":"hobelmesser-805mm-fuer-aeg-atlas-copco-dewalt-elu","status":"publish","type":"product","link":"https:\/\/helliston.eu\/de\/produkt\/hobelmesser-805mm-fuer-aeg-atlas-copco-dewalt-elu\/","title":{"rendered":"Hobelmesser 80,5mm f\u00fcr AEG Atlas Copco, Dewalt, ELU"},"content":{"rendered":"","protected":false},"excerpt":{"rendered":"<p>Hobelmesser 80,5 x 5,5 x 1,1mm f\u00fcr<\/p>\n<ul>\n<li>AEG ATLAS COPCO 450<\/li>\n<li>Dewalt DW676K<\/li>\n<li>ELU HH15, HH25, HH40, MFF40, MFF80, MFF80K, MFF81, MFF81K, ADE80, PF161<\/li>\n<\/ul>\n<p>5 Satz = 10 Wendemesser.<\/p>\n<ul>\n<li>HSS = f\u00fcr Weichholz, glattere Oberfl\u00e4che und sch\u00e4rfer als TCT-Wendemesser<\/li>\n<li>TCT = f\u00fcr Weich- und Hartholz und h\u00e4lt bis zu 5-mal l\u00e4nger als herk\u00f6mmliche HSS-Hobelmesser<\/li>\n<\/ul>\n<p>Alle weiteren Informationen finden Sie unten.<\/p>\n<p>***Verpackungen sind aus Hartkarton und ganz ohne Plastik.<\/p>\n","protected":false},"featured_media":18638,"template":"","meta":[],"product_brand":[],"product_cat":[202,818],"product_tag":[],"class_list":{"0":"post-18523","1":"product","2":"type-product","3":"status-publish","4":"has-post-thumbnail","6":"product_cat-56mm-755mm-805mm-bosch-gho-12v-20-adler-bh-556-hoffmann-bh-556-wegoma-ap98-aeg-450-dewalt-dw676k-elu-mff40-mf8f80-mff81-de","7":"product_cat-hobelmesser-nach-marken","9":"first","10":"instock","11":"taxable","12":"shipping-taxable","13":"purchasable","14":"product-type-variable"},"jetpack_sharing_enabled":true,"_links":{"self":[{"href":"https:\/\/helliston.eu\/de\/wp-json\/wp\/v2\/product\/18523","targetHints":{"allow":["GET"]}}],"collection":[{"href":"https:\/\/helliston.eu\/de\/wp-json\/wp\/v2\/product"}],"about":[{"href":"https:\/\/helliston.eu\/de\/wp-json\/wp\/v2\/types\/product"}],"wp:featuredmedia":[{"embeddable":true,"href":"https:\/\/helliston.eu\/de\/wp-json\/wp\/v2\/media\/18638"}],"wp:attachment":[{"href":"https:\/\/helliston.eu\/de\/wp-json\/wp\/v2\/media?parent=18523"}],"wp:term":[{"taxonomy":"product_brand","embeddable":true,"href":"https:\/\/helliston.eu\/de\/wp-json\/wp\/v2\/product_brand?post=18523"},{"taxonomy":"product_cat","embeddable":true,"href":"https:\/\/helliston.eu\/de\/wp-json\/wp\/v2\/product_cat?post=18523"},{"taxonomy":"product_tag","embeddable":true,"href":"https:\/\/helliston.eu\/de\/wp-json\/wp\/v2\/product_tag?post=18523"}],"curies":[{"name":"wp","href":"https:\/\/api.w.org\/{rel}","templated":true}]}}