{"id":18181,"date":"2023-04-02T07:01:48","date_gmt":"2023-04-02T07:01:48","guid":{"rendered":"https:\/\/helliston.eu\/?post_type=product&#038;p=18181"},"modified":"2023-04-02T08:26:57","modified_gmt":"2023-04-02T08:26:57","slug":"hobelmesser-fuer-blackdecker-sr600-sr600k-755mm","status":"publish","type":"product","link":"https:\/\/helliston.eu\/de\/produkt\/hobelmesser-fuer-blackdecker-sr600-sr600k-755mm\/","title":{"rendered":"Hobelmesser f\u00fcr Black&amp;Decker SR600, SR600K, 75,5mm"},"content":{"rendered":"","protected":false},"excerpt":{"rendered":"<p>Hobelmesser f\u00fcr Black&amp;Decker B&amp;D SR600, SR600K, 75,5 x 5,5 x 1,1mm. 5 Satz = 10 Wendemesser.<\/p>\n<ul>\n<li>HSS = f\u00fcr Weichholz, glattere Oberfl\u00e4che und sch\u00e4rfer als TCT-Wendemesser<\/li>\n<li>TCT = f\u00fcr Weich- und Hartholz und h\u00e4lt bis zu 5-mal l\u00e4nger als herk\u00f6mmliche HSS-Hobelmesser<\/li>\n<\/ul>\n<p>Alle weiteren Informationen finden Sie unten.<\/p>\n","protected":false},"featured_media":18708,"template":"","meta":[],"product_brand":[],"product_cat":[3516,905,818],"product_tag":[],"class_list":{"0":"post-18181","1":"product","2":"type-product","3":"status-publish","4":"has-post-thumbnail","6":"product_cat-sr600-k-de","7":"product_cat-hobelmesser-fuer-black-decker","8":"product_cat-hobelmesser-nach-marken","10":"first","11":"instock","12":"taxable","13":"shipping-taxable","14":"purchasable","15":"product-type-variable"},"jetpack_sharing_enabled":true,"_links":{"self":[{"href":"https:\/\/helliston.eu\/de\/wp-json\/wp\/v2\/product\/18181","targetHints":{"allow":["GET"]}}],"collection":[{"href":"https:\/\/helliston.eu\/de\/wp-json\/wp\/v2\/product"}],"about":[{"href":"https:\/\/helliston.eu\/de\/wp-json\/wp\/v2\/types\/product"}],"wp:featuredmedia":[{"embeddable":true,"href":"https:\/\/helliston.eu\/de\/wp-json\/wp\/v2\/media\/18708"}],"wp:attachment":[{"href":"https:\/\/helliston.eu\/de\/wp-json\/wp\/v2\/media?parent=18181"}],"wp:term":[{"taxonomy":"product_brand","embeddable":true,"href":"https:\/\/helliston.eu\/de\/wp-json\/wp\/v2\/product_brand?post=18181"},{"taxonomy":"product_cat","embeddable":true,"href":"https:\/\/helliston.eu\/de\/wp-json\/wp\/v2\/product_cat?post=18181"},{"taxonomy":"product_tag","embeddable":true,"href":"https:\/\/helliston.eu\/de\/wp-json\/wp\/v2\/product_tag?post=18181"}],"curies":[{"name":"wp","href":"https:\/\/api.w.org\/{rel}","templated":true}]}}