{"id":18153,"date":"2023-04-02T06:52:28","date_gmt":"2023-04-02T06:52:29","guid":{"rendered":"https:\/\/helliston.eu\/?post_type=product&#038;p=18153"},"modified":"2023-04-02T08:27:31","modified_gmt":"2023-04-02T08:27:31","slug":"hobelmesser-fuer-blackdecker-bd75-kw750-755mm","status":"publish","type":"product","link":"https:\/\/helliston.eu\/de\/produkt\/hobelmesser-fuer-blackdecker-bd75-kw750-755mm\/","title":{"rendered":"Hobelmesser f\u00fcr Black&amp;Decker BD75, KW750, 75,5mm"},"content":{"rendered":"","protected":false},"excerpt":{"rendered":"<p>Hobelmesser f\u00fcr Black&amp;Decker B&amp;D BD75, KW750, 75,5 x 5,5 x 1,1mm. 5 Satz = 10 Wendemesser.<\/p>\n<ul>\n<li>HSS = f\u00fcr Weichholz, glattere Oberfl\u00e4che und sch\u00e4rfer als TCT-Wendemesser<\/li>\n<li>TCT = f\u00fcr Weich- und Hartholz und h\u00e4lt bis zu 5-mal l\u00e4nger als herk\u00f6mmliche HSS-Hobelmesser<\/li>\n<\/ul>\n<p>Alle weiteren Informationen finden Sie unten.<\/p>\n","protected":false},"featured_media":18680,"template":"","meta":[],"product_brand":[],"product_cat":[3515,3514,905,818],"product_tag":[],"class_list":{"0":"post-18153","1":"product","2":"type-product","3":"status-publish","4":"has-post-thumbnail","6":"product_cat-bd75-de","7":"product_cat-kw750-de","8":"product_cat-hobelmesser-fuer-black-decker","9":"product_cat-hobelmesser-nach-marken","11":"first","12":"instock","13":"taxable","14":"shipping-taxable","15":"purchasable","16":"product-type-variable"},"jetpack_sharing_enabled":true,"_links":{"self":[{"href":"https:\/\/helliston.eu\/de\/wp-json\/wp\/v2\/product\/18153","targetHints":{"allow":["GET"]}}],"collection":[{"href":"https:\/\/helliston.eu\/de\/wp-json\/wp\/v2\/product"}],"about":[{"href":"https:\/\/helliston.eu\/de\/wp-json\/wp\/v2\/types\/product"}],"wp:featuredmedia":[{"embeddable":true,"href":"https:\/\/helliston.eu\/de\/wp-json\/wp\/v2\/media\/18680"}],"wp:attachment":[{"href":"https:\/\/helliston.eu\/de\/wp-json\/wp\/v2\/media?parent=18153"}],"wp:term":[{"taxonomy":"product_brand","embeddable":true,"href":"https:\/\/helliston.eu\/de\/wp-json\/wp\/v2\/product_brand?post=18153"},{"taxonomy":"product_cat","embeddable":true,"href":"https:\/\/helliston.eu\/de\/wp-json\/wp\/v2\/product_cat?post=18153"},{"taxonomy":"product_tag","embeddable":true,"href":"https:\/\/helliston.eu\/de\/wp-json\/wp\/v2\/product_tag?post=18153"}],"curies":[{"name":"wp","href":"https:\/\/api.w.org\/{rel}","templated":true}]}}