{"id":17985,"date":"2023-04-02T06:29:17","date_gmt":"2023-04-02T06:29:18","guid":{"rendered":"https:\/\/helliston.eu\/?post_type=product&#038;p=17985"},"modified":"2023-04-02T08:26:36","modified_gmt":"2023-04-02T08:26:36","slug":"hobelmesser-fuer-dewalt-dw676k-805mm","status":"publish","type":"product","link":"https:\/\/www.helliston.eu\/de\/produkt\/hobelmesser-fuer-dewalt-dw676k-805mm\/","title":{"rendered":"Hobelmesser f\u00fcr Dewalt DW676K, 80,5mm"},"content":{"rendered":"","protected":false},"excerpt":{"rendered":"<p>Hobelmesser f\u00fcr Dewalt DW676K, 80,5 x 5,5 x 1,1mm. 5 Satz = 10 Wendemesser.<\/p>\n<ul>\n<li>HSS = f\u00fcr Weichholz, glattere Oberfl\u00e4che und sch\u00e4rfer als TCT-Wendemesser<\/li>\n<li>TCT = f\u00fcr Weich- und Hartholz und h\u00e4lt bis zu 5-mal l\u00e4nger als herk\u00f6mmliche HSS-Hobelmesser<\/li>\n<\/ul>\n<p>Alle weiteren Informationen finden Sie unten.<\/p>\n<p>***Verpackungen sind aus Hartkarton und ganz ohne Plastik.<\/p>\n","protected":false},"featured_media":18567,"template":"","meta":[],"product_brand":[],"product_cat":[915,2081,818],"product_tag":[],"class_list":{"0":"post-17985","1":"product","2":"type-product","3":"status-publish","4":"has-post-thumbnail","6":"product_cat-hobelmesser-fuer-dewalt","7":"product_cat-fuer-hobel-dewalt-dw676k","8":"product_cat-hobelmesser-nach-marken","10":"first","11":"instock","12":"taxable","13":"shipping-taxable","14":"purchasable","15":"product-type-variable"},"jetpack_sharing_enabled":true,"_links":{"self":[{"href":"https:\/\/www.helliston.eu\/de\/wp-json\/wp\/v2\/product\/17985","targetHints":{"allow":["GET"]}}],"collection":[{"href":"https:\/\/www.helliston.eu\/de\/wp-json\/wp\/v2\/product"}],"about":[{"href":"https:\/\/www.helliston.eu\/de\/wp-json\/wp\/v2\/types\/product"}],"wp:featuredmedia":[{"embeddable":true,"href":"https:\/\/www.helliston.eu\/de\/wp-json\/wp\/v2\/media\/18567"}],"wp:attachment":[{"href":"https:\/\/www.helliston.eu\/de\/wp-json\/wp\/v2\/media?parent=17985"}],"wp:term":[{"taxonomy":"product_brand","embeddable":true,"href":"https:\/\/www.helliston.eu\/de\/wp-json\/wp\/v2\/product_brand?post=17985"},{"taxonomy":"product_cat","embeddable":true,"href":"https:\/\/www.helliston.eu\/de\/wp-json\/wp\/v2\/product_cat?post=17985"},{"taxonomy":"product_tag","embeddable":true,"href":"https:\/\/www.helliston.eu\/de\/wp-json\/wp\/v2\/product_tag?post=17985"}],"curies":[{"name":"wp","href":"https:\/\/api.w.org\/{rel}","templated":true}]}}