{"id":17077,"date":"2023-03-31T21:54:18","date_gmt":"2023-03-31T21:54:19","guid":{"rendered":"https:\/\/helliston.eu\/?post_type=product&#038;p=17077"},"modified":"2023-03-31T22:03:18","modified_gmt":"2023-03-31T22:03:18","slug":"hobelmesser-wendemesser-fuer-aeg-atlas-copco-eh102-hb750-hbe800-b39-102mm","status":"publish","type":"product","link":"https:\/\/helliston.eu\/de\/produkt\/hobelmesser-wendemesser-fuer-aeg-atlas-copco-eh102-hb750-hbe800-b39-102mm\/","title":{"rendered":"Hobelmesser f\u00fcr AEG, Atlas-Copco EH102, HB750, HBE800, B39, 102mm"},"content":{"rendered":"","protected":false},"excerpt":{"rendered":"<p>Hobelmesser f\u00fcr AEG, Atlas-Copco EH102, HB750, HBE800, B39, 102 x 5,5 x 1,1mm.<\/p>\n<ul>\n<li>HSS = f\u00fcr Weichholz, glattere Oberfl\u00e4che und sch\u00e4rfer als TCT-Wendemesser<\/li>\n<li>TCT = f\u00fcr Weich- und Hartholz und h\u00e4lt bis zu 5-mal l\u00e4nger als herk\u00f6mmliche HSS-Hobelmesser<\/li>\n<\/ul>\n<p>Alle weiteren Informationen finden Sie unten.<\/p>\n","protected":false},"featured_media":17332,"template":"","meta":[],"product_brand":[],"product_cat":[212,899,977,818],"product_tag":[],"class_list":{"0":"post-17077","1":"product","2":"type-product","3":"status-publish","4":"has-post-thumbnail","6":"product_cat-102mm-fuer-hobel-aeg-atlas-copco-eh102-hb750-hbe800-b39","7":"product_cat-hobelmesser-fuer-aeg","8":"product_cat-hobelmesser-fuer-atlas-copco","9":"product_cat-hobelmesser-nach-marken","11":"first","12":"instock","13":"sale","14":"taxable","15":"shipping-taxable","16":"purchasable","17":"product-type-variable"},"jetpack_sharing_enabled":true,"_links":{"self":[{"href":"https:\/\/helliston.eu\/de\/wp-json\/wp\/v2\/product\/17077","targetHints":{"allow":["GET"]}}],"collection":[{"href":"https:\/\/helliston.eu\/de\/wp-json\/wp\/v2\/product"}],"about":[{"href":"https:\/\/helliston.eu\/de\/wp-json\/wp\/v2\/types\/product"}],"wp:featuredmedia":[{"embeddable":true,"href":"https:\/\/helliston.eu\/de\/wp-json\/wp\/v2\/media\/17332"}],"wp:attachment":[{"href":"https:\/\/helliston.eu\/de\/wp-json\/wp\/v2\/media?parent=17077"}],"wp:term":[{"taxonomy":"product_brand","embeddable":true,"href":"https:\/\/helliston.eu\/de\/wp-json\/wp\/v2\/product_brand?post=17077"},{"taxonomy":"product_cat","embeddable":true,"href":"https:\/\/helliston.eu\/de\/wp-json\/wp\/v2\/product_cat?post=17077"},{"taxonomy":"product_tag","embeddable":true,"href":"https:\/\/helliston.eu\/de\/wp-json\/wp\/v2\/product_tag?post=17077"}],"curies":[{"name":"wp","href":"https:\/\/api.w.org\/{rel}","templated":true}]}}