{"id":16674,"date":"2023-03-31T20:24:36","date_gmt":"2023-03-31T20:24:37","guid":{"rendered":"https:\/\/helliston.eu\/?post_type=product&#038;p=16674"},"modified":"2023-03-31T21:14:33","modified_gmt":"2023-03-31T21:14:33","slug":"hobelmesser-fuer-extol-premium-8893405-110mm","status":"publish","type":"product","link":"https:\/\/helliston.eu\/de\/produkt\/hobelmesser-fuer-extol-premium-8893405-110mm\/","title":{"rendered":"Hobelmesser f\u00fcr Extol Premium 8893405, 110mm"},"content":{"rendered":"","protected":false},"excerpt":{"rendered":"<p>Hobelmesser f\u00fcr Extol Premium 8893405, 110 x 5,5 x 1,1mm.<\/p>\n<ul>\n<li>HSS = f\u00fcr Weichholz, glattere Oberfl\u00e4che und sch\u00e4rfer als TCT-Wendemesser<\/li>\n<li>TCT = f\u00fcr Weich- und Hartholz und h\u00e4lt bis zu 5-mal l\u00e4nger als herk\u00f6mmliche HSS-Hobelmesser<\/li>\n<\/ul>\n<p>Alle weiteren Informationen finden Sie unten.<\/p>\n<p>***Verpackungen sind aus Hartkarton und ganz ohne Plastik.<\/p>\n","protected":false},"featured_media":16779,"template":"","meta":[],"product_brand":[],"product_cat":[216,3182,818],"product_tag":[],"class_list":{"0":"post-16674","1":"product","2":"type-product","3":"status-publish","4":"has-post-thumbnail","6":"product_cat-110mm-155mm-170mm-fuer-makita-1911b-1002ba-1805-1805b-1805n-1806-1806b-de","7":"product_cat-hobelmesser-fuer-extol","8":"product_cat-hobelmesser-nach-marken","10":"first","11":"instock","12":"taxable","13":"shipping-taxable","14":"purchasable","15":"product-type-variable"},"jetpack_sharing_enabled":true,"_links":{"self":[{"href":"https:\/\/helliston.eu\/de\/wp-json\/wp\/v2\/product\/16674","targetHints":{"allow":["GET"]}}],"collection":[{"href":"https:\/\/helliston.eu\/de\/wp-json\/wp\/v2\/product"}],"about":[{"href":"https:\/\/helliston.eu\/de\/wp-json\/wp\/v2\/types\/product"}],"wp:featuredmedia":[{"embeddable":true,"href":"https:\/\/helliston.eu\/de\/wp-json\/wp\/v2\/media\/16779"}],"wp:attachment":[{"href":"https:\/\/helliston.eu\/de\/wp-json\/wp\/v2\/media?parent=16674"}],"wp:term":[{"taxonomy":"product_brand","embeddable":true,"href":"https:\/\/helliston.eu\/de\/wp-json\/wp\/v2\/product_brand?post=16674"},{"taxonomy":"product_cat","embeddable":true,"href":"https:\/\/helliston.eu\/de\/wp-json\/wp\/v2\/product_cat?post=16674"},{"taxonomy":"product_tag","embeddable":true,"href":"https:\/\/helliston.eu\/de\/wp-json\/wp\/v2\/product_tag?post=16674"}],"curies":[{"name":"wp","href":"https:\/\/api.w.org\/{rel}","templated":true}]}}