{"id":15350,"date":"2023-03-30T14:53:04","date_gmt":"2023-03-30T17:00:48","guid":{"rendered":"https:\/\/helliston.eu\/product\/hobelmesser-fuer-makita-2012-2012nb-hm-tct-306x8x2mm\/"},"modified":"2024-05-02T11:41:51","modified_gmt":"2024-05-02T11:41:51","slug":"hobelmesser-fuer-makita-2012-2012nb-hm-volframkarbid-tct-306x8x2mm","status":"publish","type":"product","link":"https:\/\/helliston.eu\/de\/produkt\/hobelmesser-fuer-makita-2012-2012nb-hm-volframkarbid-tct-306x8x2mm\/","title":{"rendered":"VOLLHARTMETALL Hobelmesser f\u00fcr Makita 2012, 2012NB, HM, 306x8x2mm"},"content":{"rendered":"","protected":false},"excerpt":{"rendered":"<p>HM Hobelmesser f\u00fcr Dickenhobel Makita 2012 &amp; 2012NB, 306 x 8 x 2 mm. 2 Hobelmesser\/Packung. Hergestellt aus langlebigem Hartmetall\/ Wolframkarbid. Die Vollhartmetall-Hobelmesser halten viel l\u00e4nger als herk\u00f6mmliche HSS-Hobelmesser. Die Hobelmesser sind nachsch\u00e4rfbar. Alle weiteren Informationen finden Sie unten.<\/p>\n","protected":false},"featured_media":15340,"template":"","meta":[],"product_brand":[],"product_cat":[2204,942],"product_tag":[],"class_list":{"0":"post-15350","1":"product","2":"type-product","3":"status-publish","4":"has-post-thumbnail","6":"product_cat-fuer-abricht-dickenhobel-makita-2012-nb-306mm","7":"product_cat-hobelmesser-fuer-makita","9":"first","10":"instock","11":"taxable","12":"shipping-taxable","13":"purchasable","14":"product-type-simple"},"jetpack_sharing_enabled":true,"_links":{"self":[{"href":"https:\/\/helliston.eu\/de\/wp-json\/wp\/v2\/product\/15350","targetHints":{"allow":["GET"]}}],"collection":[{"href":"https:\/\/helliston.eu\/de\/wp-json\/wp\/v2\/product"}],"about":[{"href":"https:\/\/helliston.eu\/de\/wp-json\/wp\/v2\/types\/product"}],"wp:featuredmedia":[{"embeddable":true,"href":"https:\/\/helliston.eu\/de\/wp-json\/wp\/v2\/media\/15340"}],"wp:attachment":[{"href":"https:\/\/helliston.eu\/de\/wp-json\/wp\/v2\/media?parent=15350"}],"wp:term":[{"taxonomy":"product_brand","embeddable":true,"href":"https:\/\/helliston.eu\/de\/wp-json\/wp\/v2\/product_brand?post=15350"},{"taxonomy":"product_cat","embeddable":true,"href":"https:\/\/helliston.eu\/de\/wp-json\/wp\/v2\/product_cat?post=15350"},{"taxonomy":"product_tag","embeddable":true,"href":"https:\/\/helliston.eu\/de\/wp-json\/wp\/v2\/product_tag?post=15350"}],"curies":[{"name":"wp","href":"https:\/\/api.w.org\/{rel}","templated":true}]}}