{"id":15326,"date":"2023-03-30T14:53:05","date_gmt":"2023-03-30T16:54:32","guid":{"rendered":"https:\/\/helliston.eu\/product\/hobelmesser-fuer-makita-kp312-kp312s-hm-tct-306x8x2mm\/"},"modified":"2023-03-30T17:51:06","modified_gmt":"2023-03-30T17:51:06","slug":"hobelmesser-fuer-makita-kp312-kp312s-hm-tct-306x8x2mm","status":"publish","type":"product","link":"https:\/\/helliston.eu\/de\/produkt\/hobelmesser-fuer-makita-kp312-kp312s-hm-tct-306x8x2mm\/","title":{"rendered":"Hobelmesser f\u00fcr Makita KP312, KP312S, HM\/TCT, 306x8x2mm"},"content":{"rendered":"","protected":false},"excerpt":{"rendered":"<p>HM\/TCT Hobelmesser f\u00fcr Makita KP312, KP312S, 312 x 8 x 2 mm. 2 Hobelmesser\/Packung. Hergestellt aus langlebigem Hartmetall\/Wolframkarbid (TCT). Die Hartmetallklingen halten 5-mal l\u00e4nger als herk\u00f6mmliche HSS-Hobelmesser. Die Hobelmesser sind nachsch\u00e4rfbar. Alle weiteren Informationen finden Sie unten.<\/p>\n","protected":false},"featured_media":15306,"template":"","meta":[],"product_brand":[],"product_cat":[2112,942],"product_tag":[],"class_list":{"0":"post-15326","1":"product","2":"type-product","3":"status-publish","4":"has-post-thumbnail","6":"product_cat-fuer-hobel-makita-kp312-s-312mm","7":"product_cat-hobelmesser-fuer-makita","9":"first","10":"instock","11":"taxable","12":"shipping-taxable","13":"purchasable","14":"product-type-simple"},"jetpack_sharing_enabled":true,"_links":{"self":[{"href":"https:\/\/helliston.eu\/de\/wp-json\/wp\/v2\/product\/15326","targetHints":{"allow":["GET"]}}],"collection":[{"href":"https:\/\/helliston.eu\/de\/wp-json\/wp\/v2\/product"}],"about":[{"href":"https:\/\/helliston.eu\/de\/wp-json\/wp\/v2\/types\/product"}],"wp:featuredmedia":[{"embeddable":true,"href":"https:\/\/helliston.eu\/de\/wp-json\/wp\/v2\/media\/15306"}],"wp:attachment":[{"href":"https:\/\/helliston.eu\/de\/wp-json\/wp\/v2\/media?parent=15326"}],"wp:term":[{"taxonomy":"product_brand","embeddable":true,"href":"https:\/\/helliston.eu\/de\/wp-json\/wp\/v2\/product_brand?post=15326"},{"taxonomy":"product_cat","embeddable":true,"href":"https:\/\/helliston.eu\/de\/wp-json\/wp\/v2\/product_cat?post=15326"},{"taxonomy":"product_tag","embeddable":true,"href":"https:\/\/helliston.eu\/de\/wp-json\/wp\/v2\/product_tag?post=15326"}],"curies":[{"name":"wp","href":"https:\/\/api.w.org\/{rel}","templated":true}]}}