{"id":15264,"date":"2023-03-30T14:44:04","date_gmt":"2023-03-30T16:23:10","guid":{"rendered":"https:\/\/helliston.eu\/product\/hobelmesser-fuer-makita-1911b-1911bj-1002ba-hm-tct-110x29x3mm\/"},"modified":"2023-03-30T17:51:15","modified_gmt":"2023-03-30T17:51:15","slug":"hobelmesser-fuer-makita-1911b-1911bj-1002ba-hm-tct-110x29x3mm","status":"publish","type":"product","link":"https:\/\/helliston.eu\/de\/produkt\/hobelmesser-fuer-makita-1911b-1911bj-1002ba-hm-tct-110x29x3mm\/","title":{"rendered":"Hobelmesser f\u00fcr Makita 1911B, 1911BJ 1002BA, HM\/TCT, 110x29x3mm"},"content":{"rendered":"","protected":false},"excerpt":{"rendered":"<p>HM\/TCT Hobelmesser f\u00fcr Makita 1991B &amp; 1002BA, 110 x 29 x 3 mm. 2 Hobelmesser\/Packung. Hergestellt aus langlebigem Hartmetall\/Wolframkarbid (TCT). Die Hartmetallklingen halten 5-mal l\u00e4nger als herk\u00f6mmliche HSS-Hobelmesser. Die Hobelmesser sind nachsch\u00e4rfbar. Alle weiteren Informationen finden Sie unten.<\/p>\n","protected":false},"featured_media":15240,"template":"","meta":[],"product_brand":[],"product_cat":[2100,2103,942],"product_tag":[],"class_list":{"0":"post-15264","1":"product","2":"type-product","3":"status-publish","4":"has-post-thumbnail","6":"product_cat-fuer-hobel-makita-1002-ba-110mm","7":"product_cat-fuer-hobel-makita-1911-b-110mm","8":"product_cat-hobelmesser-fuer-makita","10":"first","11":"instock","12":"taxable","13":"shipping-taxable","14":"purchasable","15":"product-type-variable"},"jetpack_sharing_enabled":true,"_links":{"self":[{"href":"https:\/\/helliston.eu\/de\/wp-json\/wp\/v2\/product\/15264","targetHints":{"allow":["GET"]}}],"collection":[{"href":"https:\/\/helliston.eu\/de\/wp-json\/wp\/v2\/product"}],"about":[{"href":"https:\/\/helliston.eu\/de\/wp-json\/wp\/v2\/types\/product"}],"wp:featuredmedia":[{"embeddable":true,"href":"https:\/\/helliston.eu\/de\/wp-json\/wp\/v2\/media\/15240"}],"wp:attachment":[{"href":"https:\/\/helliston.eu\/de\/wp-json\/wp\/v2\/media?parent=15264"}],"wp:term":[{"taxonomy":"product_brand","embeddable":true,"href":"https:\/\/helliston.eu\/de\/wp-json\/wp\/v2\/product_brand?post=15264"},{"taxonomy":"product_cat","embeddable":true,"href":"https:\/\/helliston.eu\/de\/wp-json\/wp\/v2\/product_cat?post=15264"},{"taxonomy":"product_tag","embeddable":true,"href":"https:\/\/helliston.eu\/de\/wp-json\/wp\/v2\/product_tag?post=15264"}],"curies":[{"name":"wp","href":"https:\/\/api.w.org\/{rel}","templated":true}]}}