{"id":15230,"date":"2023-03-30T14:50:25","date_gmt":"2023-03-30T16:18:05","guid":{"rendered":"https:\/\/helliston.eu\/product\/hobelmesser-fuer-makita-1806-1806b-hm-tct-170x35x3mm\/"},"modified":"2023-03-30T17:51:11","modified_gmt":"2023-03-30T17:51:11","slug":"hobelmesser-fuer-makita-1806-1806b-hm-tct-170x35x3mm","status":"publish","type":"product","link":"https:\/\/helliston.eu\/de\/produkt\/hobelmesser-fuer-makita-1806-1806b-hm-tct-170x35x3mm\/","title":{"rendered":"Hobelmesser f\u00fcr Makita 1806, 1806B, HM\/TCT, 170x35x3mm"},"content":{"rendered":"","protected":false},"excerpt":{"rendered":"<p>HM\/TCT Hobelmesser f\u00fcr Makita 1806, 1806B, 170 x 35 x 3 mm. 2 Hobelmesser\/Packung. Hergestellt aus langlebigem Hartmetall\/Wolframcarbid (TCT). Die Hartmetallklingen halten 5-mal l\u00e4nger als herk\u00f6mmliche HSS-Hobelmesser. Die Hobelmesser sind nachsch\u00e4rfbar. Alle weiteren Informationen finden Sie unten.<\/p>\n","protected":false},"featured_media":15206,"template":"","meta":[],"product_brand":[],"product_cat":[2102,942],"product_tag":[],"class_list":{"0":"post-15230","1":"product","2":"type-product","3":"status-publish","4":"has-post-thumbnail","6":"product_cat-fuer-hobel-makita-1806-b-170mm","7":"product_cat-hobelmesser-fuer-makita","9":"first","10":"instock","11":"taxable","12":"shipping-taxable","13":"purchasable","14":"product-type-simple"},"jetpack_sharing_enabled":true,"_links":{"self":[{"href":"https:\/\/helliston.eu\/de\/wp-json\/wp\/v2\/product\/15230","targetHints":{"allow":["GET"]}}],"collection":[{"href":"https:\/\/helliston.eu\/de\/wp-json\/wp\/v2\/product"}],"about":[{"href":"https:\/\/helliston.eu\/de\/wp-json\/wp\/v2\/types\/product"}],"wp:featuredmedia":[{"embeddable":true,"href":"https:\/\/helliston.eu\/de\/wp-json\/wp\/v2\/media\/15206"}],"wp:attachment":[{"href":"https:\/\/helliston.eu\/de\/wp-json\/wp\/v2\/media?parent=15230"}],"wp:term":[{"taxonomy":"product_brand","embeddable":true,"href":"https:\/\/helliston.eu\/de\/wp-json\/wp\/v2\/product_brand?post=15230"},{"taxonomy":"product_cat","embeddable":true,"href":"https:\/\/helliston.eu\/de\/wp-json\/wp\/v2\/product_cat?post=15230"},{"taxonomy":"product_tag","embeddable":true,"href":"https:\/\/helliston.eu\/de\/wp-json\/wp\/v2\/product_tag?post=15230"}],"curies":[{"name":"wp","href":"https:\/\/api.w.org\/{rel}","templated":true}]}}