{"id":14891,"date":"2023-03-30T08:04:58","date_gmt":"2023-03-30T08:04:59","guid":{"rendered":"https:\/\/helliston.eu\/?post_type=product&#038;p=14891"},"modified":"2024-02-23T22:01:03","modified_gmt":"2024-02-23T22:01:03","slug":"planer-blades-for-dedra-ded78121100w-hss-158x22x18mm","status":"publish","type":"product","link":"https:\/\/helliston.eu\/de\/produkt\/planer-blades-for-dedra-ded78121100w-hss-158x22x18mm\/","title":{"rendered":"T1 W18% Hobelmesser f\u00fcr Dedra DED7812 1100W, HSS Wolfram 18%, 158x22x1,8mm"},"content":{"rendered":"<p>Helliston HSS W18% Ersatzhobelmesser f\u00fcr Abricht- und Dickenhobel Dedra DED7812. Unsere Hobelmesser zeichnen sich durch eine au\u00dfergew\u00f6hnlich scharfe Kante (0,2RA) und eine robuste Haltbarkeit aus. Ein Wolframgehalt von 18% und eine Metallh\u00e4rte von 66 HRC nach Rockwell garantieren eine lang anhaltende Lebensdauer und eine ausgezeichnete Schneidleistung, selbst bei anspruchsvollen Projekten.<\/p>\n<ol>\n<li><strong>Menge und Abmessungen:<\/strong>\n<ul>\n<li>1 Satz von 2 Ersatzhobelmessern 158 x 22 x 1,8 mm f\u00fcr Abricht- und Dickenhobel Bernardo PT150<\/li>\n<\/ul>\n<\/li>\n<li><strong>Scharfe und langlebige Hobelmesser:<\/strong>\n<ul>\n<li>Unsere Hobelmesser verf\u00fcgen \u00fcber eine au\u00dfergew\u00f6hnlich scharfe Schneide, geschliffen auf eine Oberfl\u00e4chenrauheit von 0,2Ra.<\/li>\n<li>HSS Wolfram 18% garantiert eine lange Lebensdauer und \u00fcberragende Schneidleistung.<\/li>\n<li>Die Hobelmesser sind auf eine Rockwell-H\u00e4rte von 66HRC geh\u00e4rtet, was ihre Haltbarkeit weiter verbessert.<\/li>\n<\/ul>\n<\/li>\n<li><strong>Umweltfreundliche Verpackung:<br \/>\n<\/strong><div class=\"row\"  id=\"row-1208452333\">\n\t<div id=\"col-936405564\" class=\"col medium-1\/4 large-3\"  >\n\t\t\t\t<div class=\"col-inner\"  >\n\t\t\t\n\t\t\t<img loading=\"lazy\" decoding=\"async\" class=\"alignnone size-medium wp-image-22538\" src=\"https:\/\/helliston.eu\/wp-content\/uploads\/2022\/01\/symbols-188x300.jpg\" alt=\"\" width=\"188\" height=\"300\" srcset=\"https:\/\/helliston.eu\/wp-content\/uploads\/2022\/01\/symbols-188x300.jpg 188w, https:\/\/helliston.eu\/wp-content\/uploads\/2022\/01\/symbols-642x1024.jpg 642w, https:\/\/helliston.eu\/wp-content\/uploads\/2022\/01\/symbols-768x1226.jpg 768w, https:\/\/helliston.eu\/wp-content\/uploads\/2022\/01\/symbols-510x814.jpg 510w, https:\/\/helliston.eu\/wp-content\/uploads\/2022\/01\/symbols.jpg 797w\" sizes=\"auto, (max-width: 188px) 100vw, 188px\" \/>\t\t<\/div>\n\t\t\t\t\t<\/div>\n\n\t\n\n\t<div id=\"col-1595205863\" class=\"col medium-3\/4 large-9\"  >\n\t\t\t\t<div class=\"col-inner\"  >\n\t\t\t\n\t\t\t\n<ul>\n<li>Unsere Satz von 2 Ersatzhobelmesser werden in umweltfreundlicher Verpackung geliefert: 95% feste Pappe und 5% biologisch abbaubarer Kunststoff.<\/li>\n<li>Da die Klingen ge\u00f6lt sind, verwenden wir kleine biologisch abbaubare Plastikt\u00fcten, die leicht vom Rest der Produktverpackung getrennt werden k\u00f6nnen. Sie k\u00f6nnen in die Komposttonne gegeben werden, oder falls das nicht m\u00f6glich ist, k\u00f6nnen sie problemlos recycelt werden.<\/li>\n<li>Auch die Kartonumschl\u00e4ge, mit denen wir unsere Produkte versenden, sind speziell f\u00fcr unsere Hobelmesser entwickelt worden, um den Materialeinsatz zu minimieren und zus\u00e4tzlichen Leerraum in der Verpackung zu vermeiden.<\/li>\n<\/ul>\n\t\t<\/div>\n\t\t\t\t\t<\/div>\n\n\t\n<\/div><\/li>\n<li><strong>Verschiedene Holzarten:<\/strong>\n<ul>\n<li>Ideal f\u00fcr sowohl Weich- als auch Hartholz, von Eiche bis Kiefer.<\/li>\n<\/ul>\n<\/li>\n<li><strong>Kundensupport:<\/strong>\n<ul>\n<li>Z\u00f6gern Sie nicht, uns bei Fragen per E-Mail zu kontaktieren; wir sind bereit, Ihnen zu helfen.<\/li>\n<\/ul>\n<\/li>\n<\/ol>\n","protected":false},"excerpt":{"rendered":"<div class=\"product-short-description\">\n<p>T1 HSS W18% Hobelmesser f\u00fcr Abricht- und Dickenhobel Dedra DED7812, 158 x 22 x 1,8mm. 2 Hobelmesser pro Packung. Hergestellt aus robustem HSS-Hochgeschwindigkeitsstahl mit 18% Wolframgehalt (Rockwell-H\u00e4rte: 66HRC). Die Klingen sind auf 0,2RA gesch\u00e4rft und k\u00f6nnen nachgesch\u00e4rft werden. Umweltfreundliche Verpackung (Hartkarton und biologisch abbaubarer Kunststoff). Siehe unten f\u00fcr weitere Einzelheiten.<\/p>\n<\/div>\n","protected":false},"featured_media":22251,"template":"","meta":[],"product_brand":[],"product_cat":[2169,913,818],"product_tag":[4299],"class_list":{"0":"post-14891","1":"product","2":"type-product","3":"status-publish","4":"has-post-thumbnail","6":"product_cat-fuer-abricht-dickenhobel-dedra-1100w","7":"product_cat-hobelmesser-fuer-dedra","8":"product_cat-hobelmesser-nach-marken","9":"product_tag-158x22-de","11":"first","12":"instock","13":"taxable","14":"shipping-taxable","15":"purchasable","16":"product-type-simple"},"jetpack_sharing_enabled":true,"_links":{"self":[{"href":"https:\/\/helliston.eu\/de\/wp-json\/wp\/v2\/product\/14891","targetHints":{"allow":["GET"]}}],"collection":[{"href":"https:\/\/helliston.eu\/de\/wp-json\/wp\/v2\/product"}],"about":[{"href":"https:\/\/helliston.eu\/de\/wp-json\/wp\/v2\/types\/product"}],"wp:featuredmedia":[{"embeddable":true,"href":"https:\/\/helliston.eu\/de\/wp-json\/wp\/v2\/media\/22251"}],"wp:attachment":[{"href":"https:\/\/helliston.eu\/de\/wp-json\/wp\/v2\/media?parent=14891"}],"wp:term":[{"taxonomy":"product_brand","embeddable":true,"href":"https:\/\/helliston.eu\/de\/wp-json\/wp\/v2\/product_brand?post=14891"},{"taxonomy":"product_cat","embeddable":true,"href":"https:\/\/helliston.eu\/de\/wp-json\/wp\/v2\/product_cat?post=14891"},{"taxonomy":"product_tag","embeddable":true,"href":"https:\/\/helliston.eu\/de\/wp-json\/wp\/v2\/product_tag?post=14891"}],"curies":[{"name":"wp","href":"https:\/\/api.w.org\/{rel}","templated":true}]}}