{"id":14275,"date":"2023-03-15T21:11:25","date_gmt":"2023-03-15T21:11:25","guid":{"rendered":"https:\/\/helliston.eu\/?post_type=product&#038;p=14275"},"modified":"2024-05-04T20:08:37","modified_gmt":"2024-05-04T20:08:37","slug":"hobelmesser-fuer-hbm-10-modell-2008-hss-261x165x15mm","status":"publish","type":"product","link":"https:\/\/helliston.eu\/de\/produkt\/hobelmesser-fuer-hbm-10-modell-2008-hss-261x165x15mm\/","title":{"rendered":"Hobelmesser f\u00fcr HBM 10&#8243; Modell 2008, HSS, 261&#215;16,5&#215;1,5mm"},"content":{"rendered":"","protected":false},"excerpt":{"rendered":"<p>HSS-Hobelmesser f\u00fcr Abricht- und Dickenhobel HBM 10&#8243; Modell 2008, 261 x 16,5 x 1,5 mm. 2 Hobelmesser\/ Verpackung. Hergestellt aus langlebigem HSS-Schnellarbeitsstahl (H\u00e4rte nach Rockwell: 63-64 HRC). Die Hobelmesser sind nachsch\u00e4rfbar. F\u00fcr weitere Informationen siehe unten.<\/p>\n","protected":false},"featured_media":12630,"template":"","meta":[],"product_brand":[],"product_cat":[3030,3060,818],"product_tag":[],"class_list":{"0":"post-14275","1":"product","2":"type-product","3":"status-publish","4":"has-post-thumbnail","6":"product_cat-hobelmesser-fuer-hobel-hbm","7":"product_cat-fuer-hobel-hbm-10","8":"product_cat-hobelmesser-nach-marken","10":"first","11":"instock","12":"sale","13":"taxable","14":"shipping-taxable","15":"purchasable","16":"product-type-simple"},"jetpack_sharing_enabled":true,"_links":{"self":[{"href":"https:\/\/helliston.eu\/de\/wp-json\/wp\/v2\/product\/14275","targetHints":{"allow":["GET"]}}],"collection":[{"href":"https:\/\/helliston.eu\/de\/wp-json\/wp\/v2\/product"}],"about":[{"href":"https:\/\/helliston.eu\/de\/wp-json\/wp\/v2\/types\/product"}],"wp:featuredmedia":[{"embeddable":true,"href":"https:\/\/helliston.eu\/de\/wp-json\/wp\/v2\/media\/12630"}],"wp:attachment":[{"href":"https:\/\/helliston.eu\/de\/wp-json\/wp\/v2\/media?parent=14275"}],"wp:term":[{"taxonomy":"product_brand","embeddable":true,"href":"https:\/\/helliston.eu\/de\/wp-json\/wp\/v2\/product_brand?post=14275"},{"taxonomy":"product_cat","embeddable":true,"href":"https:\/\/helliston.eu\/de\/wp-json\/wp\/v2\/product_cat?post=14275"},{"taxonomy":"product_tag","embeddable":true,"href":"https:\/\/helliston.eu\/de\/wp-json\/wp\/v2\/product_tag?post=14275"}],"curies":[{"name":"wp","href":"https:\/\/api.w.org\/{rel}","templated":true}]}}