{"id":1195,"date":"2019-03-07T22:25:44","date_gmt":"2019-03-07T22:25:44","guid":{"rendered":"https:\/\/helliston.eu\/product\/hm-wendemesser-wendeplatten-40x12x15mm-z-2-fur-falzkopf-falzmesserkopf-fugemesserkopf-wolframcarbid-10-st\/"},"modified":"2020-01-13T16:08:44","modified_gmt":"2020-01-13T16:08:44","slug":"hm-wendemesser-wendeplatten-40x12x15mm-z-2-fur-falzkopf-falzmesserkopf-fugemesserkopf-wolframcarbid-10-st","status":"publish","type":"product","link":"https:\/\/helliston.eu\/de\/produkt\/hm-wendemesser-wendeplatten-40x12x15mm-z-2-fur-falzkopf-falzmesserkopf-fugemesserkopf-wolframcarbid-10-st\/","title":{"rendered":"HM Wendemesser, Wendeplatten 40x12x1,5mm, Z.2 f\u00fcr Falzkopf, Falzmesserkopf, F\u00fcgemesserkopf, Wolframcarbid, 10 St."},"content":{"rendered":"","protected":false},"excerpt":{"rendered":"<p><strong>Die HM Wendemesser\/ Wendeplatten <\/strong><strong>40<\/strong><strong> x 12 x 1,5<\/strong> sind aus hochwertigem <strong>Hartmetall (Wolframcarbid, H\u00e4rte: 93,6 HRA)<\/strong> hergestellt. Deswegen eignen sie sich besonders gut f\u00fcr HDF, MDF, Spanplatte sowie f\u00fcr Weich- und Hartholz. Dieses Hartmetall ist \u00e4hnlich dem Material KCR08 und hat <span class=\"a-list-item\">bis zu 20% h\u00f6herer Standzeit im Gegensatz zu herk\u00f6mmlichen Hartmetallsorten (wie HC05 etc). F\u00fcr ausf\u00fchrliche Informationen Siehe bitte unten.<\/span><\/p>\n","protected":false},"featured_media":25633,"template":"","meta":[],"product_brand":[],"product_cat":[281],"product_tag":[],"class_list":{"0":"post-1195","1":"product","2":"type-product","3":"status-publish","4":"has-post-thumbnail","6":"product_cat-wendemesser","8":"first","9":"instock","10":"taxable","11":"shipping-taxable","12":"purchasable","13":"product-type-variable"},"jetpack_sharing_enabled":true,"_links":{"self":[{"href":"https:\/\/helliston.eu\/de\/wp-json\/wp\/v2\/product\/1195","targetHints":{"allow":["GET"]}}],"collection":[{"href":"https:\/\/helliston.eu\/de\/wp-json\/wp\/v2\/product"}],"about":[{"href":"https:\/\/helliston.eu\/de\/wp-json\/wp\/v2\/types\/product"}],"wp:featuredmedia":[{"embeddable":true,"href":"https:\/\/helliston.eu\/de\/wp-json\/wp\/v2\/media\/25633"}],"wp:attachment":[{"href":"https:\/\/helliston.eu\/de\/wp-json\/wp\/v2\/media?parent=1195"}],"wp:term":[{"taxonomy":"product_brand","embeddable":true,"href":"https:\/\/helliston.eu\/de\/wp-json\/wp\/v2\/product_brand?post=1195"},{"taxonomy":"product_cat","embeddable":true,"href":"https:\/\/helliston.eu\/de\/wp-json\/wp\/v2\/product_cat?post=1195"},{"taxonomy":"product_tag","embeddable":true,"href":"https:\/\/helliston.eu\/de\/wp-json\/wp\/v2\/product_tag?post=1195"}],"curies":[{"name":"wp","href":"https:\/\/api.w.org\/{rel}","templated":true}]}}