{"id":1166,"date":"2019-03-07T22:38:27","date_gmt":"2019-03-07T22:38:27","guid":{"rendered":"https:\/\/helliston.eu\/product\/hss-streifenhobelmesser-110x35x3mm-2-st\/"},"modified":"2022-01-27T13:39:43","modified_gmt":"2022-01-27T13:39:43","slug":"hss-streifenhobelmesser-110x35x3mm-2-st","status":"publish","type":"product","link":"https:\/\/helliston.eu\/de\/produkt\/hss-streifenhobelmesser-110x35x3mm-2-st\/","title":{"rendered":"HSS Wolfram 18% Streifenhobelmesser 110x35x3mm, 2 St."},"content":{"rendered":"","protected":false},"excerpt":{"rendered":"<p><strong>T1 HSS W18% Hobelmesser 110x35x3mm.<\/strong> 2 St.\/Pack. Hergestellt aus hochwertigem T1 HSS Wolfram 18% (H\u00e4rte nach Rockwell 63-65 HRC). Im Gegensatz zu herk\u00f6mmlichen HSS sind die Hobelmesser aus T1 HSS W18% langlebiger &#8211; ausgezeichnete Wahl sowohl f\u00fcr Hartholz als auch f\u00fcr Weichholz. Alle weiteren Informationen finden Sie unten.<\/p>\n","protected":false},"featured_media":4690,"template":"","meta":[],"product_brand":[],"product_cat":[241,280,236],"product_tag":[],"class_list":{"0":"post-1166","1":"product","2":"type-product","3":"status-publish","4":"has-post-thumbnail","6":"product_cat-110x35x3mm-de","7":"product_cat-hobelmesser","8":"product_cat-x35x3mm-planer-blades-de","10":"first","11":"instock","12":"taxable","13":"shipping-taxable","14":"purchasable","15":"product-type-simple"},"jetpack_sharing_enabled":true,"_links":{"self":[{"href":"https:\/\/helliston.eu\/de\/wp-json\/wp\/v2\/product\/1166","targetHints":{"allow":["GET"]}}],"collection":[{"href":"https:\/\/helliston.eu\/de\/wp-json\/wp\/v2\/product"}],"about":[{"href":"https:\/\/helliston.eu\/de\/wp-json\/wp\/v2\/types\/product"}],"wp:featuredmedia":[{"embeddable":true,"href":"https:\/\/helliston.eu\/de\/wp-json\/wp\/v2\/media\/4690"}],"wp:attachment":[{"href":"https:\/\/helliston.eu\/de\/wp-json\/wp\/v2\/media?parent=1166"}],"wp:term":[{"taxonomy":"product_brand","embeddable":true,"href":"https:\/\/helliston.eu\/de\/wp-json\/wp\/v2\/product_brand?post=1166"},{"taxonomy":"product_cat","embeddable":true,"href":"https:\/\/helliston.eu\/de\/wp-json\/wp\/v2\/product_cat?post=1166"},{"taxonomy":"product_tag","embeddable":true,"href":"https:\/\/helliston.eu\/de\/wp-json\/wp\/v2\/product_tag?post=1166"}],"curies":[{"name":"wp","href":"https:\/\/api.w.org\/{rel}","templated":true}]}}