{"id":1154,"date":"2019-03-05T20:51:27","date_gmt":"2019-03-05T20:51:27","guid":{"rendered":"https:\/\/helliston.eu\/product\/ersatzklinge-25mm-fuer-farbschaber-bacho-ergo-625-sandvik-stoch-techno-allway-hartmetallklinge-farbschaberklinge-wolframcarbid-dreieckklinge-1-pc\/"},"modified":"2020-01-12T19:09:52","modified_gmt":"2020-01-12T19:09:52","slug":"ersatzklinge-25mm-fuer-farbschaber-bacho-ergo-625-sandvik-stoch-techno-allway-hartmetallklinge-farbschaberklinge-wolframcarbid-dreieckklinge-1-st","status":"publish","type":"product","link":"https:\/\/helliston.eu\/de\/produkt\/ersatzklinge-25mm-fuer-farbschaber-bacho-ergo-625-sandvik-stoch-techno-allway-hartmetallklinge-farbschaberklinge-wolframcarbid-dreieckklinge-1-st\/","title":{"rendered":"Ersatzklinge 25mm f\u00fcr Farbschaber, Hartmetall, f\u00fcr Bacho, Sandvik, Stoch, Techno, Allway etc, 1 St."},"content":{"rendered":"","protected":false},"excerpt":{"rendered":"<p>Die Ersatzklingen <strong>25mm<\/strong> f\u00fcr Farbschaber eignen sich hervorragend f\u00fcr die meisten im Handel erh\u00e4ltlichen Farbschaber (Bahco Ergo 625, Sandvik, Friess-Techno, Storch, Allway etc.). Sie sind\u00a0 <strong>aus hochwertigem Hartmetall (Wolframcarbid)<\/strong> hergestellt, <strong>spiegelblank poliert<\/strong> und sie eignen sich besonders gut f\u00fcr das Entfernen von <strong>Farbe, Lack, Rost etc.<\/strong> von unterschiedlichen Materialien (z.B. <strong>Holz, Metall, Beton, Kunststoff<\/strong>). F\u00fcr ausf\u00fchrliche Informationen Siehe bitte unten.<\/p>\n","protected":false},"featured_media":24915,"template":"","meta":[],"product_brand":[],"product_cat":[3376,279],"product_tag":[],"class_list":{"0":"post-1154","1":"product","2":"type-product","3":"status-publish","4":"has-post-thumbnail","6":"product_cat-fuer-farbschaber-bahco-ergo-650-665-625","7":"product_cat-farbschaberklingen","9":"first","10":"instock","11":"taxable","12":"shipping-taxable","13":"purchasable","14":"product-type-simple"},"jetpack_sharing_enabled":true,"_links":{"self":[{"href":"https:\/\/helliston.eu\/de\/wp-json\/wp\/v2\/product\/1154","targetHints":{"allow":["GET"]}}],"collection":[{"href":"https:\/\/helliston.eu\/de\/wp-json\/wp\/v2\/product"}],"about":[{"href":"https:\/\/helliston.eu\/de\/wp-json\/wp\/v2\/types\/product"}],"wp:featuredmedia":[{"embeddable":true,"href":"https:\/\/helliston.eu\/de\/wp-json\/wp\/v2\/media\/24915"}],"wp:attachment":[{"href":"https:\/\/helliston.eu\/de\/wp-json\/wp\/v2\/media?parent=1154"}],"wp:term":[{"taxonomy":"product_brand","embeddable":true,"href":"https:\/\/helliston.eu\/de\/wp-json\/wp\/v2\/product_brand?post=1154"},{"taxonomy":"product_cat","embeddable":true,"href":"https:\/\/helliston.eu\/de\/wp-json\/wp\/v2\/product_cat?post=1154"},{"taxonomy":"product_tag","embeddable":true,"href":"https:\/\/helliston.eu\/de\/wp-json\/wp\/v2\/product_tag?post=1154"}],"curies":[{"name":"wp","href":"https:\/\/api.w.org\/{rel}","templated":true}]}}