{"id":11271,"date":"2022-01-28T19:38:22","date_gmt":"2022-01-28T19:38:22","guid":{"rendered":"https:\/\/helliston.eu\/product\/hss-hobelmesser-210mm-fur-gude-gadh-200-typ-2-210x165x15mm-2-st\/"},"modified":"2023-03-12T15:44:06","modified_gmt":"2023-03-12T15:44:06","slug":"hss-hobelmesser-210mm-fur-gude-gadh-200-typ-2-210x165x15mm-2-st","status":"publish","type":"product","link":"https:\/\/helliston.eu\/de\/produkt\/hss-hobelmesser-210mm-fur-gude-gadh-200-typ-2-210x165x15mm-2-st\/","title":{"rendered":"Hobelmesser f\u00fcr G\u00dcDE GADH 200 TYP 2, HSS, 210&#215;16,5&#215;1,5mm"},"content":{"rendered":"","protected":false},"excerpt":{"rendered":"<p>Hobelmesser f\u00fcr Abricht- und Dickenhobel G\u00dcDE GADH 200 TYP 2, HSS, 210 x 16,5 x 1,5 mm. 2 St.\/Pack. Hergestellt aus langlebigem HSS Schnellarbeitsstahl (H\u00e4rte nach Rockwell: 63-64HRC). Die Hobelmesser sind nachsch\u00e4rfbar. Alle weiteren Informationen finden Sie unten.<\/p>\n<p><span style=\"color: #0000ff;\">Vor dem Kauf bitte \u00fcberpr\u00fcfen Sie, ob diese Hobelmesser zu Ihren Hobel passen. Sie k\u00f6nnen zum Beispiel unsere Produktfotos mit Ihren alten Hobelmessern vergelichen. Es gibt n\u00e4mlich zwei Hobeltypen von G\u00dcDE GADH 200. Ein Hobeltyp bent\u00f6tigt die Hobelmesser 210x22x1,8mm mit 6 Befestigungsbohrungen (4 rund, 2 rechteckig), der andere Hobeltyp ben\u00f6tigt hingegen die Hobelmesser 210&#215;16,5&#215;1,5mm mit 2 Befestigungsbohrungen.<\/span><\/p>\n","protected":false},"featured_media":12348,"template":"","meta":[],"product_brand":[],"product_cat":[2187,927,818],"product_tag":[4312],"class_list":{"0":"post-11271","1":"product","2":"type-product","3":"status-publish","4":"has-post-thumbnail","6":"product_cat-fuer-abricht-dickenhobel-gude-gadh-200","7":"product_cat-hobelmesser-fuer-gude","8":"product_cat-hobelmesser-nach-marken","9":"product_tag-210x16-de","11":"first","12":"instock","13":"taxable","14":"shipping-taxable","15":"purchasable","16":"product-type-simple"},"jetpack_sharing_enabled":true,"_links":{"self":[{"href":"https:\/\/helliston.eu\/de\/wp-json\/wp\/v2\/product\/11271","targetHints":{"allow":["GET"]}}],"collection":[{"href":"https:\/\/helliston.eu\/de\/wp-json\/wp\/v2\/product"}],"about":[{"href":"https:\/\/helliston.eu\/de\/wp-json\/wp\/v2\/types\/product"}],"wp:featuredmedia":[{"embeddable":true,"href":"https:\/\/helliston.eu\/de\/wp-json\/wp\/v2\/media\/12348"}],"wp:attachment":[{"href":"https:\/\/helliston.eu\/de\/wp-json\/wp\/v2\/media?parent=11271"}],"wp:term":[{"taxonomy":"product_brand","embeddable":true,"href":"https:\/\/helliston.eu\/de\/wp-json\/wp\/v2\/product_brand?post=11271"},{"taxonomy":"product_cat","embeddable":true,"href":"https:\/\/helliston.eu\/de\/wp-json\/wp\/v2\/product_cat?post=11271"},{"taxonomy":"product_tag","embeddable":true,"href":"https:\/\/helliston.eu\/de\/wp-json\/wp\/v2\/product_tag?post=11271"}],"curies":[{"name":"wp","href":"https:\/\/api.w.org\/{rel}","templated":true}]}}