{"id":10946,"date":"2022-01-30T10:59:00","date_gmt":"2022-01-30T10:59:01","guid":{"rendered":"https:\/\/helliston.eu\/?post_type=product&#038;p=10946"},"modified":"2023-03-31T14:05:54","modified_gmt":"2023-03-31T14:05:54","slug":"hm-tct-planer-blades-82mm-for-planer-tacklife-epn01a-epn02a-710-900w-10-pc","status":"publish","type":"product","link":"https:\/\/helliston.eu\/de\/produkt\/hm-tct-planer-blades-82mm-for-planer-tacklife-epn01a-epn02a-710-900w-10-pc\/","title":{"rendered":"Hobelmesser f\u00fcr Tacklife EPN01A, EPN02A 710\/900W, 82mm"},"content":{"rendered":"","protected":false},"excerpt":{"rendered":"<p>Hobelmesser f\u00fcr Tacklife EPN01A, EPN02A 710\/900W, 82 x 5,5 x 1,1mm. 5 Satz = 10 Wendemesser.<\/p>\n<ul>\n<li>HSS = f\u00fcr Weichholz, glattere Oberfl\u00e4che und sch\u00e4rfer als TCT-Wendemesser<\/li>\n<li>TCT = f\u00fcr Weich- und Hartholz und h\u00e4lt bis zu 5-mal l\u00e4nger als herk\u00f6mmliche HSS-Hobelmesser<\/li>\n<\/ul>\n<p>Alle weiteren Informationen finden Sie unten.<\/p>\n<p>***Verpackungen sind aus Hartkarton und ganz ohne Plastik.<\/p>\n","protected":false},"featured_media":11146,"template":"","meta":[],"product_brand":[],"product_cat":[2133,2134,818,961],"product_tag":[],"class_list":{"0":"post-10946","1":"product","2":"type-product","3":"status-publish","4":"has-post-thumbnail","6":"product_cat-fuer-hobel-tacklife-710w-epn01a","7":"product_cat-fuer-hobel-tacklife-900w-epn02a","8":"product_cat-hobelmesser-nach-marken","9":"product_cat-hobelmesser-fuer-tacklife","11":"first","12":"instock","13":"taxable","14":"shipping-taxable","15":"product-type-variable"},"jetpack_sharing_enabled":true,"_links":{"self":[{"href":"https:\/\/helliston.eu\/de\/wp-json\/wp\/v2\/product\/10946","targetHints":{"allow":["GET"]}}],"collection":[{"href":"https:\/\/helliston.eu\/de\/wp-json\/wp\/v2\/product"}],"about":[{"href":"https:\/\/helliston.eu\/de\/wp-json\/wp\/v2\/types\/product"}],"wp:featuredmedia":[{"embeddable":true,"href":"https:\/\/helliston.eu\/de\/wp-json\/wp\/v2\/media\/11146"}],"wp:attachment":[{"href":"https:\/\/helliston.eu\/de\/wp-json\/wp\/v2\/media?parent=10946"}],"wp:term":[{"taxonomy":"product_brand","embeddable":true,"href":"https:\/\/helliston.eu\/de\/wp-json\/wp\/v2\/product_brand?post=10946"},{"taxonomy":"product_cat","embeddable":true,"href":"https:\/\/helliston.eu\/de\/wp-json\/wp\/v2\/product_cat?post=10946"},{"taxonomy":"product_tag","embeddable":true,"href":"https:\/\/helliston.eu\/de\/wp-json\/wp\/v2\/product_tag?post=10946"}],"curies":[{"name":"wp","href":"https:\/\/api.w.org\/{rel}","templated":true}]}}