{"id":10451,"date":"2022-01-29T18:43:06","date_gmt":"2022-01-29T18:43:06","guid":{"rendered":"https:\/\/helliston.eu\/?post_type=product&#038;p=10451"},"modified":"2024-05-04T20:08:30","modified_gmt":"2024-05-04T20:08:30","slug":"hobelmesser-fuer-jet-jpt-10b-m-hss-261x165x15mm","status":"publish","type":"product","link":"https:\/\/helliston.eu\/de\/produkt\/hobelmesser-fuer-jet-jpt-10b-m-hss-261x165x15mm\/","title":{"rendered":"Hobelmesser f\u00fcr JET JPT-10B-M, HSS, 261&#215;16,5&#215;1,5mm"},"content":{"rendered":"","protected":false},"excerpt":{"rendered":"<p>HSS-Hobelmesser f\u00fcr Abricht- und Dickenhobel JET JPT-10B-M, 261 x 16,5 x 1,5 mm. 2 Hobelmesser\/ Verpackung. Hergestellt aus langlebigem HSS-Schnellarbeitsstahl (H\u00e4rte nach Rockwell: 63-64 HRC). Die Hobelmesser sind nachsch\u00e4rfbar. F\u00fcr weitere Informationen siehe unten.<\/p>\n","protected":false},"featured_media":12532,"template":"","meta":[],"product_brand":[],"product_cat":[818,934,2193],"product_tag":[],"class_list":{"0":"post-10451","1":"product","2":"type-product","3":"status-publish","4":"has-post-thumbnail","6":"product_cat-hobelmesser-nach-marken","7":"product_cat-hobelmesser-fuer-jet","8":"product_cat-fuer-abricht-dickenhobel-jet-jpt-10b-261mm","10":"first","11":"instock","12":"sale","13":"taxable","14":"shipping-taxable","15":"purchasable","16":"product-type-simple"},"jetpack_sharing_enabled":true,"_links":{"self":[{"href":"https:\/\/helliston.eu\/de\/wp-json\/wp\/v2\/product\/10451","targetHints":{"allow":["GET"]}}],"collection":[{"href":"https:\/\/helliston.eu\/de\/wp-json\/wp\/v2\/product"}],"about":[{"href":"https:\/\/helliston.eu\/de\/wp-json\/wp\/v2\/types\/product"}],"wp:featuredmedia":[{"embeddable":true,"href":"https:\/\/helliston.eu\/de\/wp-json\/wp\/v2\/media\/12532"}],"wp:attachment":[{"href":"https:\/\/helliston.eu\/de\/wp-json\/wp\/v2\/media?parent=10451"}],"wp:term":[{"taxonomy":"product_brand","embeddable":true,"href":"https:\/\/helliston.eu\/de\/wp-json\/wp\/v2\/product_brand?post=10451"},{"taxonomy":"product_cat","embeddable":true,"href":"https:\/\/helliston.eu\/de\/wp-json\/wp\/v2\/product_cat?post=10451"},{"taxonomy":"product_tag","embeddable":true,"href":"https:\/\/helliston.eu\/de\/wp-json\/wp\/v2\/product_tag?post=10451"}],"curies":[{"name":"wp","href":"https:\/\/api.w.org\/{rel}","templated":true}]}}