{"id":10273,"date":"2022-01-28T19:38:20","date_gmt":"2022-01-28T19:38:20","guid":{"rendered":"https:\/\/helliston.eu\/?post_type=product&#038;p=10273"},"modified":"2023-03-12T15:43:42","modified_gmt":"2023-03-12T15:43:42","slug":"hss-planer-blades-knives-210mm-for-scheppach-hms850-type-2-210x165x15mm-2-pc","status":"publish","type":"product","link":"https:\/\/helliston.eu\/de\/produkt\/hss-planer-blades-knives-210mm-for-scheppach-hms850-type-2-210x165x15mm-2-pc\/","title":{"rendered":"Hobelmesser f\u00fcr Scheppach HMS850 TYP 2, HSS, 210&#215;16,5&#215;1,5mm"},"content":{"rendered":"","protected":false},"excerpt":{"rendered":"<p>Hobelmesser f\u00fcr Abricht- und Dickenhobel <strong>SCHEPPACH HMS850 TYP 2<\/strong>, HSS, 210 x 16,5 x 1,5 mm. 2 St.\/Pack. Hergestellt aus langlebigem HSS Schnellarbeitsstahl (H\u00e4rte nach Rockwell: 63-64HRC). Die Hobelmesser sind nachsch\u00e4rfbar. Alle weiteren Informationen finden Sie unten.<\/p>\n<p><span style=\"color: #0000ff;\">Vor dem Kauf bitte \u00fcberpr\u00fcfen Sie, ob diese Hobelmesser zu Ihren Hobel passen. Sie k\u00f6nnen zum Beispiel unsere Produktfotos mit Ihren alten Hobelmessern vergelichen. Es gibt n\u00e4mlich zwei Hobeltypen von Scheppach HMS850. Ein Hobeltyp bent\u00f6tigt die Hobelmesser 210x22x1,8mm mit 6 Befestigungsbohrungen (4 rund, 2 rechteckig), der andere Hobeltyp ben\u00f6tigt hingegen die Hobelmesser 210&#215;16,5&#215;1,5mm mit 2 Befestigungsbohrungen.<\/span><\/p>\n","protected":false},"featured_media":12334,"template":"","meta":[],"product_brand":[],"product_cat":[2360,818,955],"product_tag":[4312],"class_list":{"0":"post-10273","1":"product","2":"type-product","3":"status-publish","4":"has-post-thumbnail","6":"product_cat-fuer-abricht-dickenhobel-scheppach-hms-850","7":"product_cat-hobelmesser-nach-marken","8":"product_cat-hobelmesser-fuer-scheppach","9":"product_tag-210x16-de","11":"first","12":"instock","13":"taxable","14":"shipping-taxable","15":"purchasable","16":"product-type-simple"},"jetpack_sharing_enabled":true,"_links":{"self":[{"href":"https:\/\/helliston.eu\/de\/wp-json\/wp\/v2\/product\/10273","targetHints":{"allow":["GET"]}}],"collection":[{"href":"https:\/\/helliston.eu\/de\/wp-json\/wp\/v2\/product"}],"about":[{"href":"https:\/\/helliston.eu\/de\/wp-json\/wp\/v2\/types\/product"}],"wp:featuredmedia":[{"embeddable":true,"href":"https:\/\/helliston.eu\/de\/wp-json\/wp\/v2\/media\/12334"}],"wp:attachment":[{"href":"https:\/\/helliston.eu\/de\/wp-json\/wp\/v2\/media?parent=10273"}],"wp:term":[{"taxonomy":"product_brand","embeddable":true,"href":"https:\/\/helliston.eu\/de\/wp-json\/wp\/v2\/product_brand?post=10273"},{"taxonomy":"product_cat","embeddable":true,"href":"https:\/\/helliston.eu\/de\/wp-json\/wp\/v2\/product_cat?post=10273"},{"taxonomy":"product_tag","embeddable":true,"href":"https:\/\/helliston.eu\/de\/wp-json\/wp\/v2\/product_tag?post=10273"}],"curies":[{"name":"wp","href":"https:\/\/api.w.org\/{rel}","templated":true}]}}