{"id":1752,"date":"2019-02-27T15:49:04","date_gmt":"2019-02-27T15:49:04","guid":{"rendered":"https:\/\/helliston.eu\/aboutus\/"},"modified":"2020-07-01T11:42:56","modified_gmt":"2020-07-01T11:42:56","slug":"ueber-uns","status":"publish","type":"page","link":"https:\/\/helliston.eu\/de\/ueber-uns\/","title":{"rendered":"\u00dcber uns"},"content":{"rendered":"\n\t<section class=\"section\" id=\"section_396384869\">\n\t\t<div class=\"section-bg fill\" >\n\t\t\t\t\t\t\t\t\t\n\t\t\t\n\n\t\t<\/div>\n\n\t\t\n\n\t\t<div class=\"section-content relative\">\n\t\t\t\n<div class=\"row align-center\"  id=\"row-274734930\">\n\n\t<div id=\"col-1698262671\" class=\"col medium-9 small-10 large-9\"  >\n\t\t\t\t<div class=\"col-inner text-center\"  >\n\t\t\t\n\t\t\t\n<h1 class=\"uppercase\"><strong>Unsere Familienfirma<br \/><\/strong><\/h1>\n<p>ist seit 2002 t\u00e4tig. Wir besch\u00e4ftigen uns vor allem mit der Renovierung alter Holzfenster und -t\u00fcren. Dieser E-Shop hat seinen Ursprung im Bedarf von Zubeh\u00f6r, welches wir f\u00fcr unsere Arbeit verwenden.<\/p>\n\t\t<\/div>\n\t\t\t\t\t<\/div>\n\n\t\n<\/div>\n\t\t<\/div>\n\n\t\t\n<style>\n#section_396384869 {\n  padding-top: 30px;\n  padding-bottom: 30px;\n}\n<\/style>\n\t<\/section>\n\t\n\n\t<section class=\"section\" id=\"section_1369620806\">\n\t\t<div class=\"section-bg fill\" >\n\t\t\t\t\t\t\t\t\t\n\t\t\t\n\n\t\t<\/div>\n\n\t\t\n\n\t\t<div class=\"section-content relative\">\n\t\t\t\n<div class=\"row align-center\"  id=\"row-406530621\">\n\n\t<div id=\"col-1380970167\" class=\"col medium-10 small-12 large-10\"  >\n\t\t\t\t<div class=\"col-inner\"  >\n\t\t\t\n\t\t\t\n<h1 style=\"text-align: center;\"><span style=\"font-size: 130%;\">Womit besch\u00e4ftigen wir uns?<br \/><\/span><\/h1>\n<p style=\"text-align: center;\"><span style=\"font-size: 95%;\">Wir lassen verschiedenartiges Zubeh\u00f6r f\u00fcr Holzbearbeitung direkt herstellen, welches wir und unsere Gesch\u00e4ftspartner in den Restaurierungs- oder Zimmermannswerkst\u00e4tten verwenden. Zum Beispiel k\u00f6nnen Sie bei uns folgendes Zubeh\u00f6r finden: <strong>Ersatzklingen f\u00fcr Farbschaber<\/strong> (f\u00fcr Bahco, Sandvik, Storch, Techno, Allway etc.),<strong> Hobelmesser<\/strong> (f\u00fcr Makita, Bosch, Skil, Ryobi, Holz-Her, etc.), <strong>Hobelmesser f\u00fcr Dickenhobel<\/strong> (f\u00fcr Makita, Metabo, Scheppach, Zipper, Woodstar etc.), <strong>Wendeplatten und Vorschneider f\u00fcr Falzk\u00f6pfe<\/strong>, <strong>Schleifb\u00e4nder f\u00fcr Bandschleifer<\/strong> (f\u00fcr Makita 9031, Metabo RBE 9-60, Fein RS 10-70E etc), oder <strong>Ersatzklingen f\u00fcr Handy Farbschaber<\/strong>.<br \/><\/span><\/p>\n<p style=\"text-align: center;\"><span style=\"font-size: 95%;\">\u00a0<\/span><\/p>\n\t\t<\/div>\n\t\t\t\t\t<\/div>\n\n\t\n<\/div>\n\t\t<\/div>\n\n\t\t\n<style>\n#section_1369620806 {\n  padding-top: 30px;\n  padding-bottom: 30px;\n  background-color: rgba(167, 169, 171, 0.16);\n}\n<\/style>\n\t<\/section>\n\t\n\n\t<section class=\"section\" id=\"section_282794435\">\n\t\t<div class=\"section-bg fill\" >\n\t\t\t\t\t\t\t\t\t<div class=\"section-bg-overlay absolute fill\"><\/div>\n\t\t\t\n\n\t\t<\/div>\n\n\t\t\n\n\t\t<div class=\"section-content relative\">\n\t\t\t\n<div class=\"row\"  id=\"row-616989990\">\n\n\t<div id=\"col-1471412376\" class=\"col medium-4 small-12 large-4\"  >\n\t\t\t\t<div class=\"col-inner box-shadow-3\"  >\n\t\t\t\n\t\t\t\n\n  <div class=\"banner has-hover\" id=\"banner-2034660802\">\n          <div class=\"banner-inner fill\">\n        <div class=\"banner-bg fill\" >\n                                                \n\t<div class=\"is-border\"\n\t\tstyle=\"border-width:2px 2px 2px 2px;margin:0px 0px 0px 0px;\">\n\t<\/div>\n                    <\/div>\n\t\t\n        <div class=\"banner-layers container\">\n            <div class=\"fill banner-link\"><\/div>            \n   <div id=\"text-box-1654797470\" class=\"text-box banner-layer x50 md-x50 lg-x50 y50 md-y15 lg-y15 res-text\">\n                                <div class=\"text-box-content text \">\n              \n              <div class=\"text-inner text-center\">\n                  \n<h1><strong>GESCHICHTE<\/strong><\/h1>\n<p style=\"text-align: left;\"><span style=\"font-size: 175%;\">Helliston O\u00fc wurde 2002 in P\u00e4rnu, Estland, gegr\u00fcndet. Wir besch\u00e4ftigen uns vor allem mit der Renovierung alter Holzfenster und -t\u00fcren. 2017 haben wir angefangen, f\u00fcr unsere Arbeit notwendiges Zubeh\u00f6r zu importieren und direkt herstellen zu lassen. Wir haben einen kleinen E-Shop er\u00f6ffnet, der in unsere Hauptwebsite integriert\u00a0 war (<a href=\"http:\/\/www.helliston.ee\/de\/\" target=\"_blank\" rel=\"noopener noreferrer\">Schauen Sie hier an<\/a>). Gleichzeitig haben wir begonnen, unsre Produkte auf Amazon und Ebay zu vertreiben. Im Laufe der Zeit haben wir uns f\u00fcr einen neuen und separaten E-Shop entschieden, der sich nur die von uns entwickelte Handelsmarke konzentriert. Dieser E-Shop wurde Anfang 2019 in Betrieb genommen.<br \/><\/span><\/p>\n              <\/div>\n           <\/div>\n                            \n<style>\n#text-box-1654797470 {\n  width: 87%;\n}\n#text-box-1654797470 .text-box-content {\n  font-size: 100%;\n}\n@media (min-width:550px) {\n  #text-box-1654797470 {\n    width: 83%;\n  }\n}\n<\/style>\n    <\/div>\n \n        <\/div>\n      <\/div>\n\n            \n<style>\n#banner-2034660802 {\n  padding-top: 825px;\n  background-color: rgb(255, 255, 255);\n}\n@media (min-width:550px) {\n  #banner-2034660802 {\n    padding-top: 625px;\n  }\n}\n<\/style>\n  <\/div>\n\n\n\t\t<\/div>\n\t\t\t\t\t<\/div>\n\n\t\n\n\t<div id=\"col-1045057843\" class=\"col medium-4 small-12 large-4\"  >\n\t\t\t\t<div class=\"col-inner box-shadow-3\"  >\n\t\t\t\n\t\t\t\n\n  <div class=\"banner has-hover\" id=\"banner-1625724254\">\n          <div class=\"banner-inner fill\">\n        <div class=\"banner-bg fill\" >\n                                                \n\t<div class=\"is-border\"\n\t\tstyle=\"border-width:2px 2px 2px 2px;\">\n\t<\/div>\n                    <\/div>\n\t\t\n        <div class=\"banner-layers container\">\n            <div class=\"fill banner-link\"><\/div>            \n   <div id=\"text-box-261643497\" class=\"text-box banner-layer x50 md-x100 lg-x50 y50 md-y10 lg-y15 res-text\">\n                                <div class=\"text-box-content text \">\n              \n              <div class=\"text-inner text-center\">\n                  \n<h1 style=\"text-align: center;\"><strong>QUALIT\u00c4T<\/strong><\/h1>\n<p style=\"text-align: left;\"><span style=\"font-size: 175%;\">Das Wort &#8222;Qualit\u00e4t&#8220; wird oft verwendet, doch im Fall unserer Produkte is es mehr als zutreffend. Die hier angebotenen Produkte wurden speziell aus unserem Bedarf oder aus Bedarf von unseren Gesch\u00e4ftspartnern im Bereich der Restaurieruns- und Zimmermansarbeiten heraus entwickelt und hergestellt. Aus diesem Grund k\u00f6nne Sie sicher sein, dass ihre Qualit\u00e4t und ihre Langlebigkeit beweisen worden sind. Wir legen Wert auf die Qualit\u00e4t des Metalles, der Metallh\u00e4rte, des Schliffes und der anderen verwendeten Materialien.<br \/><\/span><\/p>\n              <\/div>\n           <\/div>\n                            \n<style>\n#text-box-261643497 {\n  width: 87%;\n}\n#text-box-261643497 .text-box-content {\n  font-size: 100%;\n}\n@media (min-width:550px) {\n  #text-box-261643497 {\n    width: 78%;\n  }\n}\n<\/style>\n    <\/div>\n \n        <\/div>\n      <\/div>\n\n            \n<style>\n#banner-1625724254 {\n  padding-top: 750px;\n  background-color: rgba(255, 255, 255, 0);\n}\n@media (min-width:550px) {\n  #banner-1625724254 {\n    padding-top: 625px;\n  }\n}\n<\/style>\n  <\/div>\n\n\n\t\t<\/div>\n\t\t\t\t\t<\/div>\n\n\t\n\n\t<div id=\"col-1748631475\" class=\"col medium-4 small-12 large-4\"  >\n\t\t\t\t<div class=\"col-inner box-shadow-3\"  >\n\t\t\t\n\t\t\t\n\n  <div class=\"banner has-hover\" id=\"banner-1950719981\">\n          <div class=\"banner-inner fill\">\n        <div class=\"banner-bg fill\" >\n                                                \n\t<div class=\"is-border\"\n\t\tstyle=\"border-width:2px 2px 2px 2px;\">\n\t<\/div>\n                    <\/div>\n\t\t\n        <div class=\"banner-layers container\">\n            <div class=\"fill banner-link\"><\/div>            \n   <div id=\"text-box-1496827154\" class=\"text-box banner-layer x50 md-x50 lg-x50 y50 md-y15 lg-y15 res-text\">\n                                <div class=\"text-box-content text \">\n              \n              <div class=\"text-inner text-center\">\n                  \n<h2><strong>ENTWICKLUNG<\/strong><\/h2>\n<p style=\"text-align: left;\"><span style=\"font-size: 175%;\">Die ersten Produkte, welche Ende 2017 in den Verkauf kamen, waren nur einfachere Hobelmesser. Seitdem haben wir Schritt f\u00fcr Schritt die Produktauswahl nach Bedarf unserer Gesch\u00e4ftspartner erweitert. Wir versuchen, langsam, aber konstant, unsere Produktauswahl zu erweitern. Wenn Sie Produkte, nach denen Sie suchen, nicht finden, k\u00f6nnen Sie uns einfach dar\u00fcber informieren. Vielleicht tauchen sie eines Tages im unseren E-Shop auf.<\/span><\/p>\n              <\/div>\n           <\/div>\n                            \n<style>\n#text-box-1496827154 {\n  width: 86%;\n}\n#text-box-1496827154 .text-box-content {\n  font-size: 100%;\n}\n@media (min-width:550px) {\n  #text-box-1496827154 {\n    width: 75%;\n  }\n}\n<\/style>\n    <\/div>\n \n        <\/div>\n      <\/div>\n\n            \n<style>\n#banner-1950719981 {\n  padding-top: 650px;\n  background-color: rgba(255, 255, 255, 0);\n}\n@media (min-width:550px) {\n  #banner-1950719981 {\n    padding-top: 625px;\n  }\n}\n<\/style>\n  <\/div>\n\n\n\t\t<\/div>\n\t\t\t\t\t<\/div>\n\n\t\n<\/div>\n\t\t<\/div>\n\n\t\t\n<style>\n#section_282794435 {\n  padding-top: 30px;\n  padding-bottom: 30px;\n}\n#section_282794435 .section-bg-overlay {\n  background-color: rgba(255,255,255,.5);\n}\n<\/style>\n\t<\/section>\n\t\n<div class=\"container section-title-container\" ><h3 class=\"section-title section-title-center\"><b aria-hidden=\"true\"><\/b><span class=\"section-title-main\" >Und \u00fcber Estland<\/span><b aria-hidden=\"true\"><\/b><\/h3><\/div>\n<div class=\"video video-fit mb\" style=\"padding-top:56.25%;\"><p><iframe loading=\"lazy\" width=\"1020\" height=\"574\" src=\"https:\/\/www.youtube.com\/embed\/z7Ppc55oDNM?feature=oembed\" frameborder=\"0\" allow=\"accelerometer; autoplay; encrypted-media; gyroscope; picture-in-picture\" allowfullscreen><\/iframe><\/p>\n<\/div>\n","protected":false},"excerpt":{"rendered":"","protected":false},"author":1,"featured_media":0,"parent":0,"menu_order":0,"comment_status":"closed","ping_status":"closed","template":"page-blank.php","meta":{"footnotes":""},"class_list":["post-1752","page","type-page","status-publish","hentry"],"jetpack_sharing_enabled":true,"_links":{"self":[{"href":"https:\/\/helliston.eu\/de\/wp-json\/wp\/v2\/pages\/1752","targetHints":{"allow":["GET"]}}],"collection":[{"href":"https:\/\/helliston.eu\/de\/wp-json\/wp\/v2\/pages"}],"about":[{"href":"https:\/\/helliston.eu\/de\/wp-json\/wp\/v2\/types\/page"}],"author":[{"embeddable":true,"href":"https:\/\/helliston.eu\/de\/wp-json\/wp\/v2\/users\/1"}],"replies":[{"embeddable":true,"href":"https:\/\/helliston.eu\/de\/wp-json\/wp\/v2\/comments?post=1752"}],"version-history":[{"count":5,"href":"https:\/\/helliston.eu\/de\/wp-json\/wp\/v2\/pages\/1752\/revisions"}],"predecessor-version":[{"id":7120,"href":"https:\/\/helliston.eu\/de\/wp-json\/wp\/v2\/pages\/1752\/revisions\/7120"}],"wp:attachment":[{"href":"https:\/\/helliston.eu\/de\/wp-json\/wp\/v2\/media?parent=1752"}],"curies":[{"name":"wp","href":"https:\/\/api.w.org\/{rel}","templated":true}]}}