{"id":1751,"date":"2019-03-03T18:21:31","date_gmt":"2019-03-03T18:21:31","guid":{"rendered":"https:\/\/helliston.eu\/payment-methods\/"},"modified":"2020-07-01T11:45:19","modified_gmt":"2020-07-01T11:45:19","slug":"zahlungsmethoden","status":"publish","type":"page","link":"https:\/\/helliston.eu\/de\/zahlungsmethoden\/","title":{"rendered":"Zahlungsmethoden"},"content":{"rendered":"\n\t<section class=\"section\" id=\"section_1002478916\">\n\t\t<div class=\"section-bg fill\" >\n\t\t\t\t\t\t\t\t\t\n\t\t\t\n\n\t\t<\/div>\n\n\t\t\n\n\t\t<div class=\"section-content relative\">\n\t\t\t\n<div class=\"row row-collapse align-center\"  id=\"row-2044170237\">\n\n\n\t<div id=\"col-1492612824\" class=\"col medium-7 small-12 large-7\"  >\n\t\t\t\t<div class=\"col-inner text-center\"  >\n\t\t\t\n\t\t\t\n\n<div class=\"ux-logo has-hover align-middle ux_logo inline-block\" style=\"max-width: 100%!important; width: 158.048780488px!important\"><div class=\"ux-logo-link block image-\" title=\"\" href=\"\" style=\"padding: 15px;\"><img decoding=\"async\" src=\"https:\/\/helliston.eu\/wp-content\/uploads\/2020\/01\/Sepa-Logo.jpg\" title=\"\" alt=\"\" class=\"ux-logo-image block\" style=\"height:35px;\" \/><\/div><\/div>\n\n<div class=\"ux-logo has-hover align-middle ux_logo inline-block\" style=\"max-width: 100%!important; width: 138.24742268px!important\"><div class=\"ux-logo-link block image-\" title=\"\" href=\"\" style=\"padding: 15px;\"><img decoding=\"async\" src=\"https:\/\/helliston.eu\/wp-content\/uploads\/2020\/01\/Visa-Logo.jpg\" title=\"\" alt=\"\" class=\"ux-logo-image block\" style=\"height:35px;\" \/><\/div><\/div>\n\n<div class=\"ux-logo has-hover align-middle ux_logo inline-block\" style=\"max-width: 100%!important; width: 94.1025641026px!important\"><div class=\"ux-logo-link block image-\" title=\"\" href=\"\" style=\"padding: 15px;\"><img decoding=\"async\" src=\"https:\/\/helliston.eu\/wp-content\/uploads\/2020\/01\/Mastercard-logo.jpg\" title=\"\" alt=\"\" class=\"ux-logo-image block\" style=\"height:50px;\" \/><\/div><\/div>\n\n\n\t\t<\/div>\n\t\t\t\t\t<\/div>\n\n\t\n\n<\/div>\n<div class=\"row row-collapse align-center\"  id=\"row-105138328\">\n\n\n\t<div id=\"col-1623048394\" class=\"col medium-7 small-12 large-7\"  >\n\t\t\t\t<div class=\"col-inner text-center\"  >\n\t\t\t\n\t\t\t\n\n<div class=\"ux-logo has-hover align-middle ux_logo inline-block\" style=\"max-width: 100%!important; width: 186.71641791px!important\"><div class=\"ux-logo-link block image-\" title=\"\" href=\"\" style=\"padding: 15px;\"><img decoding=\"async\" src=\"https:\/\/helliston.eu\/wp-content\/uploads\/2020\/01\/Klarna-Logo.jpg\" title=\"\" alt=\"\" class=\"ux-logo-image block\" style=\"height:35px;\" \/><\/div><\/div>\n\n<div class=\"ux-logo has-hover align-middle ux_logo inline-block\" style=\"max-width: 100%!important; width: 161.25px!important\"><div class=\"ux-logo-link block image-\" title=\"\" href=\"\" style=\"padding: 15px;\"><img decoding=\"async\" src=\"https:\/\/helliston.eu\/wp-content\/uploads\/2020\/01\/Paypal-logo.jpg\" title=\"\" alt=\"\" class=\"ux-logo-image block\" style=\"height:35px;\" \/><\/div><\/div>\n\n<div class=\"ux-logo has-hover align-middle ux_logo inline-block\" style=\"max-width: 100%!important; width: 196.666666667px!important\"><div class=\"ux-logo-link block image-\" title=\"\" href=\"\" style=\"padding: 15px;\"><img decoding=\"async\" src=\"https:\/\/helliston.eu\/wp-content\/uploads\/2020\/01\/Paysera-Logo.jpg\" title=\"\" alt=\"\" class=\"ux-logo-image block\" style=\"height:35px;\" \/><\/div><\/div>\n\n<div class=\"ux-logo has-hover align-middle ux_logo inline-block\" style=\"max-width: 100%!important; width: 140.526315789px!important\"><div class=\"ux-logo-link block image-\" title=\"\" href=\"\" style=\"padding: 15px;\"><img decoding=\"async\" src=\"https:\/\/helliston.eu\/wp-content\/uploads\/2020\/02\/SofortUeberweisung.jpg\" title=\"\" alt=\"\" class=\"ux-logo-image block\" style=\"height:35px;\" \/><\/div><\/div>\n\n<div class=\"ux-logo has-hover align-middle ux_logo inline-block\" style=\"max-width: 100%!important; width: 127.122302158px!important\"><div class=\"ux-logo-link block image-\" title=\"\" href=\"\" style=\"padding: 15px;\"><img decoding=\"async\" src=\"https:\/\/helliston.eu\/wp-content\/uploads\/2020\/02\/Giropay.jpg\" title=\"\" alt=\"\" class=\"ux-logo-image block\" style=\"height:45px;\" \/><\/div><\/div>\n\n<div class=\"ux-logo has-hover align-middle ux_logo inline-block\" style=\"max-width: 100%!important; width: 99.2307692308px!important\"><div class=\"ux-logo-link block image-\" title=\"\" href=\"\" style=\"padding: 15px;\"><img decoding=\"async\" src=\"https:\/\/helliston.eu\/wp-content\/uploads\/2020\/02\/EPS-Logo.jpg\" title=\"\" alt=\"\" class=\"ux-logo-image block\" style=\"height:45px;\" \/><\/div><\/div>\n\n<div class=\"ux-logo has-hover align-middle ux_logo inline-block\" style=\"max-width: 100%!important; width: 113.333333333px!important\"><div class=\"ux-logo-link block image-\" title=\"\" href=\"\" style=\"padding: 15px;\"><img decoding=\"async\" src=\"https:\/\/helliston.eu\/wp-content\/uploads\/2020\/02\/Stripe-Logo.jpg\" title=\"\" alt=\"\" class=\"ux-logo-image block\" style=\"height:35px;\" \/><\/div><\/div>\n\n\n\t\t<\/div>\n\t\t\t\t\t<\/div>\n\n\t\n\n<\/div>\n\t\t<\/div>\n\n\t\t\n<style>\n#section_1002478916 {\n  padding-top: 30px;\n  padding-bottom: 30px;\n}\n<\/style>\n\t<\/section>\n\t\n\n\t<section class=\"section\" id=\"section_2140416496\">\n\t\t<div class=\"section-bg fill\" >\n\t\t\t\t\t\t\t\t\t\n\t\t\t\n\n\t\t<\/div>\n\n\t\t\n\n\t\t<div class=\"section-content relative\">\n\t\t\t\n<div class=\"row row-collapse row-full-width align-equal align-center\"  id=\"row-1693116829\">\n\n\t<div id=\"col-1689997980\" class=\"col medium-3 small-12 large-3\"  >\n\t\t\t\t<div class=\"col-inner\"  >\n\t\t\t\n\t\t\t\n<div class=\"container section-title-container\" ><h3 class=\"section-title section-title-center\"><b aria-hidden=\"true\"><\/b><span class=\"section-title-main\" >Allgemeine Bedingungen<\/span><b aria-hidden=\"true\"><\/b><\/h3><\/div>\n\t\t<\/div>\n\t\t\t\t\t<\/div>\n\n\t\n\n\t<div id=\"col-348803766\" class=\"col medium-7 small-9 large-7\"  >\n\t\t\t\t<div class=\"col-inner\"  >\n\t\t\t\n\t\t\t\n<ul>\n<li>Im Allgemeinen gilt bei neuen Kunden die<strong> Vorkasse<\/strong> als grunds\u00e4tzliche Bezahlungsform.<\/li>\n<li>Die Bestellung wird <strong>innerhalb von 24 Stunden von Montag bis Freitag<\/strong> nach Zahlungseingan bearbeitet.<\/li>\n<\/ul>\n\t\t<\/div>\n\t\t\t\t\t<\/div>\n\n\t\n<\/div>\n\t\t<\/div>\n\n\t\t\n<style>\n#section_2140416496 {\n  padding-top: 30px;\n  padding-bottom: 30px;\n}\n<\/style>\n\t<\/section>\n\t\n\n\t<section class=\"section\" id=\"section_407026495\">\n\t\t<div class=\"section-bg fill\" >\n\t\t\t\t\t\t\t\t\t\n\t\t\t\n\n\t\t<\/div>\n\n\t\t\n\n\t\t<div class=\"section-content relative\">\n\t\t\t\n<div class=\"row row-collapse row-full-width align-equal align-center\"  id=\"row-45574762\">\n\n\t<div id=\"col-686420668\" class=\"col medium-3 small-12 large-3\"  >\n\t\t\t\t<div class=\"col-inner\"  >\n\t\t\t\n\t\t\t\n<div class=\"container section-title-container\" ><h3 class=\"section-title section-title-center\"><b aria-hidden=\"true\"><\/b><span class=\"section-title-main\" >Zahlungsarten<\/span><b aria-hidden=\"true\"><\/b><\/h3><\/div>\n\t\t<\/div>\n\t\t\t\t\t<\/div>\n\n\t\n\n\t<div id=\"col-513798153\" class=\"col medium-7 small-9 large-7\"  >\n\t\t\t\t<div class=\"col-inner\"  >\n\t\t\t\n\t\t\t\n<ul>\n<li>Vorkasse per Bank\u00fcberweisung (SEPA)<\/li>\n<li>Vorkasse per Paypal<\/li>\n<li>Vorkasse per VISA\/ MASTER Kredit- oder Debitkarte (folgt \u00fcber PayPal)<\/li>\n<li>Vorkasse per Internetbank-Website in Estland (Swedpank, SEB, Luminor, LHV, Coop, Pocopay, Liisi ID)<\/li>\n<li>Bezahlung auf Rechnung nur f\u00fcr die Stammkunden<\/li>\n<\/ul>\n\t\t<\/div>\n\t\t\t\t\t<\/div>\n\n\t\n<\/div>\n\t<div id=\"gap-329199991\" class=\"gap-element clearfix\" style=\"display:block; height:auto;\">\n\t\t\n<style>\n#gap-329199991 {\n  padding-top: 30px;\n}\n<\/style>\n\t<\/div>\n\t\n<div class=\"row row-collapse row-full-width align-equal align-center\"  id=\"row-800211679\">\n\n\t<div id=\"col-541411824\" class=\"col medium-3 small-12 large-3\"  >\n\t\t\t\t<div class=\"col-inner text-center\"  >\n\t\t\t\n\t\t\t\n<div class=\"container section-title-container\" ><h3 class=\"section-title section-title-center\"><b aria-hidden=\"true\"><\/b><span class=\"section-title-main\" >sepa\/ Bacs<\/span><b aria-hidden=\"true\"><\/b><\/h3><\/div>\n<div class=\"ux-logo has-hover align-middle ux_logo inline-block\" style=\"max-width: 100%!important; width: 157.948717949px!important\"><div class=\"ux-logo-link block image-\" title=\"\" href=\"\" style=\"padding: 15px;\"><img decoding=\"async\" src=\"https:\/\/helliston.eu\/wp-content\/uploads\/2019\/03\/SepaLogo2-1.png\" title=\"\" alt=\"\" class=\"ux-logo-image block\" style=\"height:35px;\" \/><\/div><\/div>\n\t\t<\/div>\n\t\t\t\t\t<\/div>\n\n\t\n\n\t<div id=\"col-1402924970\" class=\"col medium-7 small-10 large-7\"  >\n\t\t\t\t<div class=\"col-inner\"  >\n\t\t\t\n\t\t\t\n<ul>\n<li>Wenn Sie die SEPA-Bank\u00fcberweisung bevorzugen, klicken Sie zun\u00e4chst auf &#8222;Bestellung abschicken&#8220;<\/li>\n<li>Direkt danach erhalten Sie eine E-Mail mit Bestell\u00fcbersicht, Pro-forma-Rechnung, Quittung und Bankverbindung, an die wir bitten, innerhalb von 3 Tage den n\u00f6tigen Betrag zu \u00fcberweisen.<\/li>\n<li>Als Verwendungszweck geben Sie bitte Ihren Name und die per E-Mail erhaltene Bestellungsnummer an.<\/li>\n<\/ul>\n\t\t<\/div>\n\t\t\t\t\t<\/div>\n\n\t\n<\/div>\n<div class=\"row row-collapse row-full-width align-equal align-center\"  id=\"row-1965802589\">\n\n\t<div id=\"col-1427333868\" class=\"col medium-3 small-12 large-3\"  >\n\t\t\t\t<div class=\"col-inner text-center\"  >\n\t\t\t\n\t\t\t\n<div class=\"container section-title-container\" ><h3 class=\"section-title section-title-center\"><b aria-hidden=\"true\"><\/b><span class=\"section-title-main\" >Paysera<\/span><b aria-hidden=\"true\"><\/b><\/h3><\/div>\n<div class=\"ux-logo has-hover align-middle ux_logo inline-block\" style=\"max-width: 100%!important; width: 195.616776316px!important\"><div class=\"ux-logo-link block image-\" title=\"\" href=\"\" style=\"padding: 15px;\"><img decoding=\"async\" src=\"https:\/\/helliston.eu\/wp-content\/uploads\/2019\/03\/Paysera_logotype_internet.png\" title=\"\" alt=\"\" class=\"ux-logo-image block\" style=\"height:35px;\" \/><\/div><\/div>\n\t\t<\/div>\n\t\t\t\t\t<\/div>\n\n\t\n\n\t<div id=\"col-996999237\" class=\"col medium-7 small-10 large-7\"  >\n\t\t\t\t<div class=\"col-inner\"  >\n\t\t\t\n\t\t\t\n<ul>\n<li>Paysera unterst\u00fctzt die unterschiedlichen Bezahlungsmethoden der Europ\u00e4ischen Banken und sie basiert auf der SEPA-\u00dcberweisung. Durch Paysera k\u00f6nnen Sie die typischen Bezahlungsmethoden Ihres Landes nutzen.<\/li>\n<li>Wenn sie Paysera bevorzugen, klicken Sie auf &#8222;&#8220;.<\/li>\n<li>Direkt danach wird unser E-Shop Sie automatisch auf die Website von Paysera weiterleiten.<\/li>\n<li>Bitte folgen Sie die von Paysera angegebenen Anweisungen, um das Gesch\u00e4ft abzuschlie\u00dfen.<\/li>\n<li>Direkt danach wird Paypal Sie zur\u00fcck auf unsere Website weiterleiten.<\/li>\n<li>Sie erhalten automatisch eine E-Mail mit einer Bestellbest\u00e4tigung.<\/li>\n<\/ul>\n\t\t<\/div>\n\t\t\t\t\t<\/div>\n\n\t\n<\/div>\n\t<div id=\"gap-260740014\" class=\"gap-element clearfix\" style=\"display:block; height:auto;\">\n\t\t\n<style>\n#gap-260740014 {\n  padding-top: 30px;\n}\n<\/style>\n\t<\/div>\n\t\n<div class=\"row row-collapse row-full-width align-equal align-center\"  id=\"row-1600600904\">\n\n\t<div id=\"col-725057434\" class=\"col medium-3 small-12 large-3\"  >\n\t\t\t\t<div class=\"col-inner text-center\"  >\n\t\t\t\n\t\t\t\n<div class=\"container section-title-container\" ><h3 class=\"section-title section-title-center\"><b aria-hidden=\"true\"><\/b><span class=\"section-title-main\" >paypal<\/span><b aria-hidden=\"true\"><\/b><\/h3><\/div>\n<div class=\"ux-logo has-hover align-middle ux_logo inline-block\" style=\"max-width: 100%!important; width: 130px!important\"><div class=\"ux-logo-link block image-\" title=\"\" href=\"\" style=\"padding: 15px;\"><img decoding=\"async\" src=\"https:\/\/helliston.eu\/wp-content\/uploads\/2019\/03\/Paypal-logo-1.png\" title=\"\" alt=\"\" class=\"ux-logo-image block\" style=\"height:50px;\" \/><\/div><\/div>\n\t\t<\/div>\n\t\t\t\t\t<\/div>\n\n\t\n\n\t<div id=\"col-566403591\" class=\"col medium-7 small-10 large-7\"  >\n\t\t\t\t<div class=\"col-inner\"  >\n\t\t\t\n\t\t\t\n<ul>\n<li>Wenn Sie Paypal bevorzugen, klicken Sie zun\u00e4chst auf &#8222;Weiter zu Paypal&#8220;.<\/li>\n<li>Direkt danach wird unser E-Shop Sie automatisch auf die Website von Paypal weiterleiten.<\/li>\n<li>Bitte folgen Sie die von Paypal angegebenen Anweisungen, um das Gesch\u00e4ft abzuschlie\u00dfen.<\/li>\n<li>Direkt danach wird Paypal Sie zur\u00fcck auf unsere Website weiterleiten.<\/li>\n<li>Sie erhalten automatisch eine E-Mail mit einer Bestellbest\u00e4tigung.<\/li>\n<\/ul>\n\t\t<\/div>\n\t\t\t\t\t<\/div>\n\n\t\n<\/div>\n\t<div id=\"gap-1093370587\" class=\"gap-element clearfix\" style=\"display:block; height:auto;\">\n\t\t\n<style>\n#gap-1093370587 {\n  padding-top: 30px;\n}\n<\/style>\n\t<\/div>\n\t\n<div class=\"row row-collapse row-full-width align-equal align-center\"  id=\"row-252927792\">\n\n\t<div id=\"col-364451220\" class=\"col medium-3 small-12 large-3\"  >\n\t\t\t\t<div class=\"col-inner text-center\"  >\n\t\t\t\n\t\t\t\n<div class=\"container section-title-container\" ><h3 class=\"section-title section-title-center\"><b aria-hidden=\"true\"><\/b><span class=\"section-title-main\" >VISA MASTER<\/span><b aria-hidden=\"true\"><\/b><\/h3><\/div>\n<div class=\"ux-logo has-hover align-middle ux_logo inline-block\" style=\"max-width: 100%!important; width: 149.830985915px!important\"><div class=\"ux-logo-link block image-\" title=\"\" href=\"\" style=\"padding: 15px;\"><img decoding=\"async\" src=\"https:\/\/helliston.eu\/wp-content\/uploads\/2019\/03\/visa-master-logo-png-.png\" title=\"\" alt=\"\" class=\"ux-logo-image block\" style=\"height:30px;\" \/><\/div><\/div>\n\t\t<\/div>\n\t\t\t\t\t<\/div>\n\n\t\n\n\t<div id=\"col-51897457\" class=\"col medium-7 small-10 large-7\"  >\n\t\t\t\t<div class=\"col-inner\"  >\n\t\t\t\n\t\t\t\n<ul>\n<li>Zurzeit folgt die Bezahlung mit VISA oder Mastercard \u00fcber Paysera oder Paypal.<\/li>\n<li>Klicken Sie auf &#8222;Weiter zu Paysera&#8220; oder &#8222;Weiter Zu Paypal&#8220;<\/li>\n<li>Direkt danach wird unser E-Shop Sie automatisch auf die Website von Paysera oder Paypal weiterleiten.<\/li>\n<li>Bitte folgen Sie die von Paysera oder Paypal angegebene Anweisungen, um das Gesch\u00e4ft abzuschliessen.<\/li>\n<li>Direkt danach wird Paysera oder Paypal Sie zur\u00fcck auf unsere Website weiterleiten.<\/li>\n<li>Sie erhalten automatisch eine E-Mail mit Bestellbest\u00e4tigung.<\/li>\n<\/ul>\n\t\t<\/div>\n\t\t\t\t\t<\/div>\n\n\t\n<\/div>\n\t<div id=\"gap-489644586\" class=\"gap-element clearfix\" style=\"display:block; height:auto;\">\n\t\t\n<style>\n#gap-489644586 {\n  padding-top: 30px;\n}\n<\/style>\n\t<\/div>\n\t\n\t\t<\/div>\n\n\t\t\n<style>\n#section_407026495 {\n  padding-top: 30px;\n  padding-bottom: 30px;\n}\n<\/style>\n\t<\/section>\n\t\n","protected":false},"excerpt":{"rendered":"","protected":false},"author":1,"featured_media":0,"parent":0,"menu_order":0,"comment_status":"closed","ping_status":"closed","template":"page-blank.php","meta":{"footnotes":""},"class_list":["post-1751","page","type-page","status-publish","hentry"],"jetpack_sharing_enabled":true,"_links":{"self":[{"href":"https:\/\/helliston.eu\/de\/wp-json\/wp\/v2\/pages\/1751","targetHints":{"allow":["GET"]}}],"collection":[{"href":"https:\/\/helliston.eu\/de\/wp-json\/wp\/v2\/pages"}],"about":[{"href":"https:\/\/helliston.eu\/de\/wp-json\/wp\/v2\/types\/page"}],"author":[{"embeddable":true,"href":"https:\/\/helliston.eu\/de\/wp-json\/wp\/v2\/users\/1"}],"replies":[{"embeddable":true,"href":"https:\/\/helliston.eu\/de\/wp-json\/wp\/v2\/comments?post=1751"}],"version-history":[{"count":5,"href":"https:\/\/helliston.eu\/de\/wp-json\/wp\/v2\/pages\/1751\/revisions"}],"predecessor-version":[{"id":7125,"href":"https:\/\/helliston.eu\/de\/wp-json\/wp\/v2\/pages\/1751\/revisions\/7125"}],"wp:attachment":[{"href":"https:\/\/helliston.eu\/de\/wp-json\/wp\/v2\/media?parent=1751"}],"curies":[{"name":"wp","href":"https:\/\/api.w.org\/{rel}","templated":true}]}}